{"id":34883,"date":"2025-09-17T16:10:40","date_gmt":"2025-09-17T16:10:40","guid":{"rendered":"https:\/\/www.momengames.com\/index.php\/product\/kabelgebundene-mechanische-gaming-tastatur-razer-blackwidow-v4-pro-orangefarbene-schalter-taktil-und-leise-doubleshot-abs-tastenkappen-einstellrad-chroma-rgb\/"},"modified":"2025-09-17T16:10:40","modified_gmt":"2025-09-17T16:10:40","slug":"kabelgebundene-mechanische-gaming-tastatur-razer-blackwidow-v4-pro-orangefarbene-schalter-taktil-und-leise-doubleshot-abs-tastenkappen-einstellrad-chroma-rgb","status":"publish","type":"product","link":"https:\/\/www.momengames.com\/index.php\/product\/kabelgebundene-mechanische-gaming-tastatur-razer-blackwidow-v4-pro-orangefarbene-schalter-taktil-und-leise-doubleshot-abs-tastenkappen-einstellrad-chroma-rgb\/?lang=de","title":{"rendered":"Kabelgebundene mechanische Gaming-Tastatur Razer BlackWidow V4 Pro: Orangefarbene Schalter, taktil und leise \u2013 Doubleshot-ABS-Tastenkappen \u2013 Einstellrad \u2013 Chroma RGB \u2013 magnetische Handballenauflage \u2013 Snap Tap"},"content":{"rendered":"<p>ORANGE MECHANISCHE TAKTILSCHALTER \u2013 Leisere Bet\u00e4tigung und ein angenehmes Tastgef\u00fchl bei jedem Tastendruck \u2013 die perfekte Wahl f\u00fcr alle, die Taktilit\u00e4t ohne Klickger\u00e4usche w\u00fcnschen.<\/p>\n<p>IMMERSIVE UNTERGRUNDBELEUCHTUNG &amp; EINZELTASTENBELEUCHTUNG \u2013 Mit Einzeltastenbeleuchtung und einer markanten dreiseitigen Unterbeleuchtung in Kombination mit der Handballenauflage synchronisieren Sie die Tastatur mit Ihrer Battlestation und genie\u00dfen ein tieferes Spielerlebnis.<\/p>\n<p>EINSTELLRAD &amp; 8 DEDIZIERTE MAKRO-TASTEN \u2013 Weisen Sie dem programmierbaren Rad der Tastatur eine benutzerdefinierte Funktion zu und spielen Sie mit mehr Kontrolle \u00fcber die wichtigsten Makrotasten.<\/p>\n<p>MAGNETISCHE HANDGELENKAUFLAGERUNG AUS PL\u00dcSCHIGEM KUNSTLEDER MIT UNTERGRUNDBELEUCHTUNG \u2013 Die weiche, gepolsterte Handballenauflage bietet sicheren Halt f\u00fcr stundenlanges Spielen und verf\u00fcgt au\u00dferdem \u00fcber Razer Chroma RGB-Beleuchtung.<br \/>\nDOUBLESHOT-ABS-TASTENKAPPEN \u2013 Durch ein Doubleshot-Formverfahren wird sichergestellt, dass die Beschriftung nicht abbl\u00e4ttert. Die Tastenkappen verf\u00fcgen au\u00dferdem \u00fcber extra dicke W\u00e4nde, wodurch sie extrem robust sind und auch l\u00e4ngerem, wiederholtem Gebrauch standhalten.<\/p>\n","protected":false},"excerpt":{"rendered":"<p>ORANGE MECHANISCHE TAKTILSCHALTER \u2013 Leisere Bet\u00e4tigung und ein angenehmes Tastgef\u00fchl bei jedem Tastendruck \u2013 die perfekte Wahl f\u00fcr alle, die Taktilit\u00e4t ohne Klickger\u00e4usche w\u00fcnschen.<\/p>\n<p>IMMERSIVE UNTERGRUNDBELEUCHTUNG &amp; EINZELTASTENBELEUCHTUNG \u2013 Mit Einzeltastenbeleuchtung und einer markanten dreiseitigen Unterbeleuchtung in Kombination mit der Handballenauflage synchronisieren Sie die Tastatur mit Ihrer Battlestation und genie\u00dfen ein tieferes Spielerlebnis.<\/p>\n<p>EINSTELLRAD &amp; 8 DEDIZIERTE MAKRO-TASTEN \u2013 Weisen Sie dem programmierbaren Rad der Tastatur eine benutzerdefinierte Funktion zu und spielen Sie mit mehr Kontrolle \u00fcber die wichtigsten Makrotasten.<\/p>\n<p>MAGNETISCHE HANDGELENKAUFLAGERUNG AUS PL\u00dcSCHIGEM KUNSTLEDER MIT UNTERGRUNDBELEUCHTUNG \u2013 Die weiche, gepolsterte Handballenauflage bietet sicheren Halt f\u00fcr stundenlanges Spielen und verf\u00fcgt au\u00dferdem \u00fcber Razer Chroma RGB-Beleuchtung.<br \/>\nDOUBLESHOT-ABS-TASTENKAPPEN \u2013 Durch ein Doubleshot-Formverfahren wird sichergestellt, dass die Beschriftung nicht abbl\u00e4ttert. Die Tastenkappen verf\u00fcgen au\u00dferdem \u00fcber extra dicke W\u00e4nde, wodurch sie extrem robust sind und auch l\u00e4ngerem, wiederholtem Gebrauch standhalten.<\/p>\n","protected":false},"featured_media":34776,"comment_status":"open","ping_status":"closed","template":"","meta":{"iawp_total_views":0},"product_brand":[],"product_cat":[25],"product_tag":[],"class_list":{"0":"post-34883","1":"product","2":"type-product","3":"status-publish","4":"has-post-thumbnail","6":"product_cat-pc-gamepads-standard-controllers-de","8":"first","9":"instock","10":"sale","11":"taxable","12":"shipping-taxable","13":"purchasable","14":"product-type-simple"},"jetpack_sharing_enabled":true,"_links":{"self":[{"href":"https:\/\/www.momengames.com\/index.php\/wp-json\/wp\/v2\/product\/34883","targetHints":{"allow":["GET"]}}],"collection":[{"href":"https:\/\/www.momengames.com\/index.php\/wp-json\/wp\/v2\/product"}],"about":[{"href":"https:\/\/www.momengames.com\/index.php\/wp-json\/wp\/v2\/types\/product"}],"replies":[{"embeddable":true,"href":"https:\/\/www.momengames.com\/index.php\/wp-json\/wp\/v2\/comments?post=34883"}],"wp:featuredmedia":[{"embeddable":true,"href":"https:\/\/www.momengames.com\/index.php\/wp-json\/wp\/v2\/media\/34776"}],"wp:attachment":[{"href":"https:\/\/www.momengames.com\/index.php\/wp-json\/wp\/v2\/media?parent=34883"}],"wp:term":[{"taxonomy":"product_brand","embeddable":true,"href":"https:\/\/www.momengames.com\/index.php\/wp-json\/wp\/v2\/product_brand?post=34883"},{"taxonomy":"product_cat","embeddable":true,"href":"https:\/\/www.momengames.com\/index.php\/wp-json\/wp\/v2\/product_cat?post=34883"},{"taxonomy":"product_tag","embeddable":true,"href":"https:\/\/www.momengames.com\/index.php\/wp-json\/wp\/v2\/product_tag?post=34883"}],"curies":[{"name":"wp","href":"https:\/\/api.w.org\/{rel}","templated":true}]}}