{"id":34882,"date":"2025-09-17T16:10:53","date_gmt":"2025-09-17T16:10:53","guid":{"rendered":"https:\/\/www.momengames.com\/index.php\/product\/razer-blackwidow-v4-pro-75-kabellose-gaming-tastatur-oled-display-true-4k-hz-wireless-bluetooth-hot-swap-faehig-orangefarbene-taktile-schalter-einst\/"},"modified":"2025-09-17T16:10:53","modified_gmt":"2025-09-17T16:10:53","slug":"razer-blackwidow-v4-pro-75-kabellose-gaming-tastatur-oled-display-true-4k-hz-wireless-bluetooth-hot-swap-faehig-orangefarbene-taktile-schalter-einst","status":"publish","type":"product","link":"https:\/\/www.momengames.com\/index.php\/product\/razer-blackwidow-v4-pro-75-kabellose-gaming-tastatur-oled-display-true-4k-hz-wireless-bluetooth-hot-swap-faehig-orangefarbene-taktile-schalter-einst\/?lang=de","title":{"rendered":"Razer BlackWidow V4 Pro 75 % kabellose Gaming-Tastatur: OLED-Display \u2013 True 4K Hz Wireless \u2013 Bluetooth \u2013 Hot-Swap-f\u00e4hig \u2013 Orangefarbene taktile Schalter \u2013 Einstellrad \u2013 Snap Tap \u2013 Chroma RGB \u2013 Handballenauflage"},"content":{"rendered":"<p>ECHTES 4K Hz WIRELESS &amp; BLUETOOTH 5.1 \u2013 Erleben Sie eine h\u00f6here Gaming-Reaktion dank Razer HyperSpeed \u200b\u200bund Razer HyperPolling-Technologie sowie erweiterte Kontrolle durch die Verbindung und Umschaltung zwischen drei Bluetooth-Ger\u00e4ten.<\/p>\n<p>HOT-SWAPPABLE DESIGN \u2013 Die Tastatur ist mit 3- oder 5-poligen Schaltern kompatibel. Dank der gesockelten Platine k\u00f6nnen Sie die vorinstallierten Schalter ganz einfach gegen benutzerdefinierte austauschen, um das gew\u00fcnschte Tastengef\u00fchl zu erzielen.<\/p>\n<p>OLED-DISPLAY MIT EINSTELLRAD \u2013 \u00dcberpr\u00fcfen Sie die PC-Systemmetriken auf einen Blick, zeigen Sie benutzerdefinierte GIFs auf dem Display an und genie\u00dfen Sie erweiterte Kontrolle mit bis zu 100 anpassbaren Modi \u00fcber das Razer-Einstellrad.<\/p>\n<p>OPTIMIERTES TIPPERLEBNIS \u2013 Mit einer dichtungsmontierten FR4-Platte, einer bandverst\u00e4rkten Platine, geschmierten Schraubstabilisatoren und zwei Lagen schalld\u00e4mpfendem Schaumstoff genie\u00dfen Sie ein sauberes Tippger\u00e4usch und -gef\u00fchl mit minimalem Klappern oder Wackeln.<br \/>\n2-SEITIGE UNTERBELEUCHTUNG MIT EINZELNER TASTENBELEUCHTUNG \u2013 Synchronisieren Sie die Tastatur mit Ihrer Battlestation und genie\u00dfen Sie ein tieferes Eintauchen in Hunderte integrierter Spiele dank Einzeltastenbeleuchtung und einer beeindruckenden 2-seitigen Unterbeleuchtung.<\/p>\n","protected":false},"excerpt":{"rendered":"<p>ECHTES 4K Hz WIRELESS &amp; BLUETOOTH 5.1 \u2013 Erleben Sie eine h\u00f6here Gaming-Reaktion dank Razer HyperSpeed \u200b\u200bund Razer HyperPolling-Technologie sowie erweiterte Kontrolle durch die Verbindung und Umschaltung zwischen drei Bluetooth-Ger\u00e4ten.<\/p>\n<p>HOT-SWAPPABLE DESIGN \u2013 Die Tastatur ist mit 3- oder 5-poligen Schaltern kompatibel. Dank der gesockelten Platine k\u00f6nnen Sie die vorinstallierten Schalter ganz einfach gegen benutzerdefinierte austauschen, um das gew\u00fcnschte Tastengef\u00fchl zu erzielen.<\/p>\n<p>OLED-DISPLAY MIT EINSTELLRAD \u2013 \u00dcberpr\u00fcfen Sie die PC-Systemmetriken auf einen Blick, zeigen Sie benutzerdefinierte GIFs auf dem Display an und genie\u00dfen Sie erweiterte Kontrolle mit bis zu 100 anpassbaren Modi \u00fcber das Razer-Einstellrad.<\/p>\n<p>OPTIMIERTES TIPPERLEBNIS \u2013 Mit einer dichtungsmontierten FR4-Platte, einer bandverst\u00e4rkten Platine, geschmierten Schraubstabilisatoren und zwei Lagen schalld\u00e4mpfendem Schaumstoff genie\u00dfen Sie ein sauberes Tippger\u00e4usch und -gef\u00fchl mit minimalem Klappern oder Wackeln.<br \/>\n2-SEITIGE UNTERBELEUCHTUNG MIT EINZELNER TASTENBELEUCHTUNG \u2013 Synchronisieren Sie die Tastatur mit Ihrer Battlestation und genie\u00dfen Sie ein tieferes Eintauchen in Hunderte integrierter Spiele dank Einzeltastenbeleuchtung und einer beeindruckenden 2-seitigen Unterbeleuchtung.<\/p>\n","protected":false},"featured_media":34779,"comment_status":"open","ping_status":"closed","template":"","meta":{"iawp_total_views":31},"product_brand":[],"product_cat":[25],"product_tag":[],"class_list":{"0":"post-34882","1":"product","2":"type-product","3":"status-publish","4":"has-post-thumbnail","6":"product_cat-pc-gamepads-standard-controllers-de","8":"first","9":"instock","10":"sale","11":"taxable","12":"shipping-taxable","13":"purchasable","14":"product-type-simple"},"jetpack_sharing_enabled":true,"_links":{"self":[{"href":"https:\/\/www.momengames.com\/index.php\/wp-json\/wp\/v2\/product\/34882","targetHints":{"allow":["GET"]}}],"collection":[{"href":"https:\/\/www.momengames.com\/index.php\/wp-json\/wp\/v2\/product"}],"about":[{"href":"https:\/\/www.momengames.com\/index.php\/wp-json\/wp\/v2\/types\/product"}],"replies":[{"embeddable":true,"href":"https:\/\/www.momengames.com\/index.php\/wp-json\/wp\/v2\/comments?post=34882"}],"wp:featuredmedia":[{"embeddable":true,"href":"https:\/\/www.momengames.com\/index.php\/wp-json\/wp\/v2\/media\/34779"}],"wp:attachment":[{"href":"https:\/\/www.momengames.com\/index.php\/wp-json\/wp\/v2\/media?parent=34882"}],"wp:term":[{"taxonomy":"product_brand","embeddable":true,"href":"https:\/\/www.momengames.com\/index.php\/wp-json\/wp\/v2\/product_brand?post=34882"},{"taxonomy":"product_cat","embeddable":true,"href":"https:\/\/www.momengames.com\/index.php\/wp-json\/wp\/v2\/product_cat?post=34882"},{"taxonomy":"product_tag","embeddable":true,"href":"https:\/\/www.momengames.com\/index.php\/wp-json\/wp\/v2\/product_tag?post=34882"}],"curies":[{"name":"wp","href":"https:\/\/api.w.org\/{rel}","templated":true}]}}