{"id":34881,"date":"2025-09-20T13:07:21","date_gmt":"2025-09-20T13:07:21","guid":{"rendered":"https:\/\/www.momengames.com\/index.php\/product\/razer-barracuda-x-kabelloses-gaming-und-mobil-headset-pc-playstation-switch-2-android-ios-24-ghz-kabellos-bluetooth-leichtgewicht-40-mm-treiber-abnehmbares-mik\/"},"modified":"2025-09-20T13:07:21","modified_gmt":"2025-09-20T13:07:21","slug":"razer-barracuda-x-kabelloses-gaming-und-mobil-headset-pc-playstation-switch-2-android-ios-24-ghz-kabellos-bluetooth-leichtgewicht-40-mm-treiber-abnehmbares-mik","status":"publish","type":"product","link":"https:\/\/www.momengames.com\/index.php\/product\/razer-barracuda-x-kabelloses-gaming-und-mobil-headset-pc-playstation-switch-2-android-ios-24-ghz-kabellos-bluetooth-leichtgewicht-40-mm-treiber-abnehmbares-mik\/?lang=de","title":{"rendered":"Razer Barracuda X Kabelloses Gaming- und Mobil-Headset (PC, PlayStation, Switch 2, Android, iOS): 2,4 GHz kabellos + Bluetooth \u2013 Leichtgewicht \u2013 40-mm-Treiber \u2013 Abnehmbares Mikrofon \u2013 50-Stunden-Akku \u2013 Schwarz"},"content":{"rendered":"<p>50 STUNDEN AKKULAUFZEIT MIT TYP-C-LADUNG \u2013 Mit ausreichend Power f\u00fcr einen ganzen Tag Gaming und Pendeln ist das Razer Barracuda X auf eine Ausdauer ausgelegt, die seiner Vielseitigkeit entspricht.<\/p>\n<p>MEISTVERKAUFTE MARKE F\u00dcR PC-GAMING-PERIPHERIEGER\u00c4TE IN DEN USA \u2013 Quelle: Circana, Retail Tracking Service, Umsatz in US-Dollar, Gaming-M\u00e4use, -Tastaturen und -Headsets, Jan. 2019\u2013 Dez. 2023 kombiniert.<\/p>\n<p>TRIFORCE 40-MM-TREIBER \u2013 Das patentierte dreiteilige Treiberdesign liefert au\u00dfergew\u00f6hnliche H\u00f6hen, Mitten und Tiefen f\u00fcr ein tieferes Eintauchen ins Spiel und ein dynamischeres H\u00f6rerlebnis.<\/p>\n<p>ABNEHMBARES HYPERCLEAR-KARDIOID-MIKROFON \u2013 Unterdr\u00fcckt Hintergrundger\u00e4usche f\u00fcr eine verbesserte Sprachaufnahme beim Spielen und l\u00e4sst sich leicht abnehmen, um das Headset reisefreundlicher f\u00fcr den mobilen Einsatz zu machen.<br \/>\nSTEUERUNG AM HEADSET \u2013 Genie\u00dfen Sie m\u00fchelose Steuerung von Musik, Videos und Anrufen mit den leicht zug\u00e4nglichen Tasten unter den Ohrmuscheln.<\/p>\n<p>SMARTSWITCH DUAL WIRELESS \u2013 Wechseln Sie blitzschnell zwischen 2,4 GHz und Bluetooth am Headset f\u00fcr nahtlose Audiowiedergabe beim Wechsel zwischen PC\/Konsole und Telefon.<\/p>\n<p>250 g ERGONOMISCHES DESIGN \u2013 Entwickelt f\u00fcr Gaming-Marathons und dennoch bequem und tragbar genug f\u00fcr den t\u00e4glichen Weg zur Arbeit. Die leichte Bauweise wird durch atmungsaktive Memory-Foam-Ohrpolster und schwenkbare Ohrmuscheln erg\u00e4nzt.<\/p>\n","protected":false},"excerpt":{"rendered":"<p>50 STUNDEN AKKULAUFZEIT MIT TYP-C-LADUNG \u2013 Mit ausreichend Power f\u00fcr einen ganzen Tag Gaming und Pendeln ist das Razer Barracuda X auf eine Ausdauer ausgelegt, die seiner Vielseitigkeit entspricht.<\/p>\n<p>MEISTVERKAUFTE MARKE F\u00dcR PC-GAMING-PERIPHERIEGER\u00c4TE IN DEN USA \u2013 Quelle: Circana, Retail Tracking Service, Umsatz in US-Dollar, Gaming-M\u00e4use, -Tastaturen und -Headsets, Jan. 2019\u2013 Dez. 2023 kombiniert.<\/p>\n<p>TRIFORCE 40-MM-TREIBER \u2013 Das patentierte dreiteilige Treiberdesign liefert au\u00dfergew\u00f6hnliche H\u00f6hen, Mitten und Tiefen f\u00fcr ein tieferes Eintauchen ins Spiel und ein dynamischeres H\u00f6rerlebnis.<\/p>\n<p>ABNEHMBARES HYPERCLEAR-KARDIOID-MIKROFON \u2013 Unterdr\u00fcckt Hintergrundger\u00e4usche f\u00fcr eine verbesserte Sprachaufnahme beim Spielen und l\u00e4sst sich leicht abnehmen, um das Headset reisefreundlicher f\u00fcr den mobilen Einsatz zu machen.<br \/>\nSTEUERUNG AM HEADSET \u2013 Genie\u00dfen Sie m\u00fchelose Steuerung von Musik, Videos und Anrufen mit den leicht zug\u00e4nglichen Tasten unter den Ohrmuscheln.<\/p>\n<p>SMARTSWITCH DUAL WIRELESS \u2013 Wechseln Sie blitzschnell zwischen 2,4 GHz und Bluetooth am Headset f\u00fcr nahtlose Audiowiedergabe beim Wechsel zwischen PC\/Konsole und Telefon.<\/p>\n<p>250 g ERGONOMISCHES DESIGN \u2013 Entwickelt f\u00fcr Gaming-Marathons und dennoch bequem und tragbar genug f\u00fcr den t\u00e4glichen Weg zur Arbeit. Die leichte Bauweise wird durch atmungsaktive Memory-Foam-Ohrpolster und schwenkbare Ohrmuscheln erg\u00e4nzt.<\/p>\n","protected":false},"featured_media":34816,"comment_status":"open","ping_status":"closed","template":"","meta":{"iawp_total_views":33},"product_brand":[],"product_cat":[24],"product_tag":[],"class_list":{"0":"post-34881","1":"product","2":"type-product","3":"status-publish","4":"has-post-thumbnail","6":"product_cat-electronics-accessories-de","8":"first","9":"instock","10":"sale","11":"taxable","12":"shipping-taxable","13":"purchasable","14":"product-type-simple"},"jetpack_sharing_enabled":true,"_links":{"self":[{"href":"https:\/\/www.momengames.com\/index.php\/wp-json\/wp\/v2\/product\/34881","targetHints":{"allow":["GET"]}}],"collection":[{"href":"https:\/\/www.momengames.com\/index.php\/wp-json\/wp\/v2\/product"}],"about":[{"href":"https:\/\/www.momengames.com\/index.php\/wp-json\/wp\/v2\/types\/product"}],"replies":[{"embeddable":true,"href":"https:\/\/www.momengames.com\/index.php\/wp-json\/wp\/v2\/comments?post=34881"}],"wp:featuredmedia":[{"embeddable":true,"href":"https:\/\/www.momengames.com\/index.php\/wp-json\/wp\/v2\/media\/34816"}],"wp:attachment":[{"href":"https:\/\/www.momengames.com\/index.php\/wp-json\/wp\/v2\/media?parent=34881"}],"wp:term":[{"taxonomy":"product_brand","embeddable":true,"href":"https:\/\/www.momengames.com\/index.php\/wp-json\/wp\/v2\/product_brand?post=34881"},{"taxonomy":"product_cat","embeddable":true,"href":"https:\/\/www.momengames.com\/index.php\/wp-json\/wp\/v2\/product_cat?post=34881"},{"taxonomy":"product_tag","embeddable":true,"href":"https:\/\/www.momengames.com\/index.php\/wp-json\/wp\/v2\/product_tag?post=34881"}],"curies":[{"name":"wp","href":"https:\/\/api.w.org\/{rel}","templated":true}]}}