{"id":34879,"date":"2025-09-20T13:26:35","date_gmt":"2025-09-20T13:26:35","guid":{"rendered":"https:\/\/www.momengames.com\/index.php\/product\/razer-viper-ultimate-leichteste-kabellose-gaming-maus-und-rgb-ladestation-hyperspeed-wireless-technologie-quartz-pink-erneuert\/"},"modified":"2025-09-20T13:26:35","modified_gmt":"2025-09-20T13:26:35","slug":"razer-viper-ultimate-leichteste-kabellose-gaming-maus-und-rgb-ladestation-hyperspeed-wireless-technologie-quartz-pink-erneuert","status":"publish","type":"product","link":"https:\/\/www.momengames.com\/index.php\/product\/razer-viper-ultimate-leichteste-kabellose-gaming-maus-und-rgb-ladestation-hyperspeed-wireless-technologie-quartz-pink-erneuert\/?lang=de","title":{"rendered":"Razer Viper Ultimate \u2013 Leichteste kabellose Gaming-Maus und RGB-Ladestation: HyperSpeed \u200b\u200bWireless-Technologie \u2013 Quartz Pink (erneuert)"},"content":{"rendered":"<p>RAZER HYPERSPEED WIRELESS-TECHNOLOGIE \u2013 Vereint extrem niedrige Latenz und Interferenzreduzierung f\u00fcr echte kabellose Freiheit.<\/p>\n<p>DIE LEICHTESTE, KOMPROMISSLOSE WIRELESS-E-SPORTS-GAMING-MAUS MIT 74 G \u2013 Die Razer Viper Ultimate verf\u00fcgt \u00fcber einen optischen Sensor mit 20.000 DPI, der auch f\u00fcr ambitionierte Gamer geeignet ist und keine Bohrl\u00f6cher ben\u00f6tigt.<\/p>\n<p>OPTISCHER MAUSSCHALTER \u2013 Die optischen Mausschalter von Razer nutzen Lichtstrahlen und registrieren Tastendr\u00fccke mit Lichtgeschwindigkeit.<\/p>\n<p>RECHTS- UND RECHTSH\u00c4NDIGES DESIGN \u2013 F\u00fcr Links- und Rechtsh\u00e4nder mit leicht zug\u00e4nglichen, programmierbaren Tasten auf beiden Seiten.<\/p>\n<p>BIS ZU 70 STUNDEN AKKULAUFZEIT \u2013 F\u00fcr ununterbrochenes Gaming.<\/p>\n","protected":false},"excerpt":{"rendered":"<p>RAZER HYPERSPEED WIRELESS-TECHNOLOGIE \u2013 Vereint extrem niedrige Latenz und Interferenzreduzierung f\u00fcr echte kabellose Freiheit.<\/p>\n<p>DIE LEICHTESTE, KOMPROMISSLOSE WIRELESS-E-SPORTS-GAMING-MAUS MIT 74 G \u2013 Die Razer Viper Ultimate verf\u00fcgt \u00fcber einen optischen Sensor mit 20.000 DPI, der auch f\u00fcr ambitionierte Gamer geeignet ist und keine Bohrl\u00f6cher ben\u00f6tigt.<\/p>\n<p>OPTISCHER MAUSSCHALTER \u2013 Die optischen Mausschalter von Razer nutzen Lichtstrahlen und registrieren Tastendr\u00fccke mit Lichtgeschwindigkeit.<\/p>\n<p>RECHTS- UND RECHTSH\u00c4NDIGES DESIGN \u2013 F\u00fcr Links- und Rechtsh\u00e4nder mit leicht zug\u00e4nglichen, programmierbaren Tasten auf beiden Seiten.<\/p>\n<p>BIS ZU 70 STUNDEN AKKULAUFZEIT \u2013 F\u00fcr ununterbrochenes Gaming.<\/p>\n","protected":false},"featured_media":34827,"comment_status":"open","ping_status":"closed","template":"","meta":{"iawp_total_views":261},"product_brand":[],"product_cat":[25],"product_tag":[],"class_list":{"0":"post-34879","1":"product","2":"type-product","3":"status-publish","4":"has-post-thumbnail","6":"product_cat-pc-gamepads-standard-controllers-de","8":"first","9":"instock","10":"sale","11":"taxable","12":"shipping-taxable","13":"purchasable","14":"product-type-simple"},"jetpack_sharing_enabled":true,"_links":{"self":[{"href":"https:\/\/www.momengames.com\/index.php\/wp-json\/wp\/v2\/product\/34879","targetHints":{"allow":["GET"]}}],"collection":[{"href":"https:\/\/www.momengames.com\/index.php\/wp-json\/wp\/v2\/product"}],"about":[{"href":"https:\/\/www.momengames.com\/index.php\/wp-json\/wp\/v2\/types\/product"}],"replies":[{"embeddable":true,"href":"https:\/\/www.momengames.com\/index.php\/wp-json\/wp\/v2\/comments?post=34879"}],"wp:featuredmedia":[{"embeddable":true,"href":"https:\/\/www.momengames.com\/index.php\/wp-json\/wp\/v2\/media\/34827"}],"wp:attachment":[{"href":"https:\/\/www.momengames.com\/index.php\/wp-json\/wp\/v2\/media?parent=34879"}],"wp:term":[{"taxonomy":"product_brand","embeddable":true,"href":"https:\/\/www.momengames.com\/index.php\/wp-json\/wp\/v2\/product_brand?post=34879"},{"taxonomy":"product_cat","embeddable":true,"href":"https:\/\/www.momengames.com\/index.php\/wp-json\/wp\/v2\/product_cat?post=34879"},{"taxonomy":"product_tag","embeddable":true,"href":"https:\/\/www.momengames.com\/index.php\/wp-json\/wp\/v2\/product_tag?post=34879"}],"curies":[{"name":"wp","href":"https:\/\/api.w.org\/{rel}","templated":true}]}}