{"id":34878,"date":"2025-09-20T13:31:42","date_gmt":"2025-09-20T13:31:42","guid":{"rendered":"https:\/\/www.momengames.com\/index.php\/product\/razer-tartarus-pro-gaming-keypad-gamepad-mit-analog-optischen-tasten-und-schnellfeuermodus-32-programmierbare-tasten-anpassbarer-ausloesepunkt-8-profile-einstellbare-betaetigung-schwarz\/"},"modified":"2025-09-20T13:31:42","modified_gmt":"2025-09-20T13:31:42","slug":"razer-tartarus-pro-gaming-keypad-gamepad-mit-analog-optischen-tasten-und-schnellfeuermodus-32-programmierbare-tasten-anpassbarer-ausloesepunkt-8-profile-einstellbare-betaetigung-schwarz","status":"publish","type":"product","link":"https:\/\/www.momengames.com\/index.php\/product\/razer-tartarus-pro-gaming-keypad-gamepad-mit-analog-optischen-tasten-und-schnellfeuermodus-32-programmierbare-tasten-anpassbarer-ausloesepunkt-8-profile-einstellbare-betaetigung-schwarz\/?lang=de","title":{"rendered":"Razer Tartarus Pro &#8211; Gaming Keypad &#8211; Gamepad mit analog-optischen Tasten und Schnellfeuermodus (32 programmierbare Tasten, anpassbarer Ausl\u00f6sepunkt, 8 Profile, einstellbare Bet\u00e4tigung) Schwarz"},"content":{"rendered":"<p>Rapid Trigger-Modus: Lassen Sie Tasten viel schneller los und dr\u00fccken Sie sie wiederholt, als es auf Standardtastaturen physikalisch m\u00f6glich ist. Die M\u00f6glichkeit, Tasten durch leichtes Anheben des Fingers zur\u00fcckzusetzen, sorgt f\u00fcr einen Geschwindigkeitsvorteil, der besonders f\u00fcr Bewegungen in First- und Third-Person-Spielen n\u00fctzlich ist.<\/p>\n<p>Anpassbare Bet\u00e4tigung f\u00fcr individuelle Tastendruckempfindlichkeit: Mit einem Bet\u00e4tigungsbereich von 1,5 bis 3,6 mm k\u00f6nnen Sie die Schalter so einstellen, wie Sie es w\u00fcnschen, und so eine Einstellung erzielen, die optimal zu Ihrem Spielstil passt.<\/p>\n<p>Analoger optischer Razer-Schalter f\u00fcr skalierte Eingaben je nach Tastendruck: Anstatt eine Eingabe pro Tastendruck zu erhalten, k\u00f6nnen diese Schalter skalierte Eingabestufen mit demselben Tastendruck registrieren und so ein tieferes Ma\u00df an Kontrolle \u00e4hnlich wie Controller-Thumbsticks bieten.<\/p>\n<p>32 programmierbare Tasten f\u00fcr eine umfangreiche Befehlspalette: Nie wieder Platz f\u00fcr Ihre Makros oder Tastenbelegungen. Verleihen Sie PC-Gaming eine erweiterte Dimension mit einem 8-Wege-Thumbpad, das f\u00fcr die Navigation oder noch mehr Befehle zugewiesen werden kann.<br \/>\n8 Schnellwechselprofile f\u00fcr sofortiges Wechseln im Handumdrehen: Egal, ob du ein anderes Spiel l\u00e4dst oder deine Skill-Ausstattung austauschst \u2013 genie\u00dfe mehr Komfort und Funktionalit\u00e4t mit einer Taste an der Seite des Tastenfelds, mit der du dein Profil sofort \u00e4nderst.<\/p>\n<p>Unbegrenzte Makrol\u00e4nge und Profilspeicher f\u00fcr Kontrolle in jeder Situation: Gestalte deine Skill-Rotationen und dein Gameplay effizienter, indem du erweiterte Makros entwickelst und mit einer Sammlung gespeicherter Profile das ideale Setup f\u00fcr jede Boss-Begegnung vorbereitest.<\/p>\n<p>Zweistufige Bet\u00e4tigung \u2013 f\u00fcr doppelte Eingabe: Als direkter Vorteil der skalierten Eingaben der analogen optischen Schalter von Razer kannst du jetzt jeder Taste zwei Funktionen zuweisen \u2013 eine, die bei einem teilweisen Tastendruck ausgel\u00f6st wird, und eine andere, die bei einem vollst\u00e4ndigen Tastendruck ausgel\u00f6st wird.<\/p>\n","protected":false},"excerpt":{"rendered":"<p>Rapid Trigger-Modus: Lassen Sie Tasten viel schneller los und dr\u00fccken Sie sie wiederholt, als es auf Standardtastaturen physikalisch m\u00f6glich ist. Die M\u00f6glichkeit, Tasten durch leichtes Anheben des Fingers zur\u00fcckzusetzen, sorgt f\u00fcr einen Geschwindigkeitsvorteil, der besonders f\u00fcr Bewegungen in First- und Third-Person-Spielen n\u00fctzlich ist.<\/p>\n<p>Anpassbare Bet\u00e4tigung f\u00fcr individuelle Tastendruckempfindlichkeit: Mit einem Bet\u00e4tigungsbereich von 1,5 bis 3,6 mm k\u00f6nnen Sie die Schalter so einstellen, wie Sie es w\u00fcnschen, und so eine Einstellung erzielen, die optimal zu Ihrem Spielstil passt.<\/p>\n<p>Analoger optischer Razer-Schalter f\u00fcr skalierte Eingaben je nach Tastendruck: Anstatt eine Eingabe pro Tastendruck zu erhalten, k\u00f6nnen diese Schalter skalierte Eingabestufen mit demselben Tastendruck registrieren und so ein tieferes Ma\u00df an Kontrolle \u00e4hnlich wie Controller-Thumbsticks bieten.<\/p>\n<p>32 programmierbare Tasten f\u00fcr eine umfangreiche Befehlspalette: Nie wieder Platz f\u00fcr Ihre Makros oder Tastenbelegungen. Verleihen Sie PC-Gaming eine erweiterte Dimension mit einem 8-Wege-Thumbpad, das f\u00fcr die Navigation oder noch mehr Befehle zugewiesen werden kann.<br \/>\n8 Schnellwechselprofile f\u00fcr sofortiges Wechseln im Handumdrehen: Egal, ob du ein anderes Spiel l\u00e4dst oder deine Skill-Ausstattung austauschst \u2013 genie\u00dfe mehr Komfort und Funktionalit\u00e4t mit einer Taste an der Seite des Tastenfelds, mit der du dein Profil sofort \u00e4nderst.<\/p>\n<p>Unbegrenzte Makrol\u00e4nge und Profilspeicher f\u00fcr Kontrolle in jeder Situation: Gestalte deine Skill-Rotationen und dein Gameplay effizienter, indem du erweiterte Makros entwickelst und mit einer Sammlung gespeicherter Profile das ideale Setup f\u00fcr jede Boss-Begegnung vorbereitest.<\/p>\n<p>Zweistufige Bet\u00e4tigung \u2013 f\u00fcr doppelte Eingabe: Als direkter Vorteil der skalierten Eingaben der analogen optischen Schalter von Razer kannst du jetzt jeder Taste zwei Funktionen zuweisen \u2013 eine, die bei einem teilweisen Tastendruck ausgel\u00f6st wird, und eine andere, die bei einem vollst\u00e4ndigen Tastendruck ausgel\u00f6st wird.<\/p>\n","protected":false},"featured_media":34831,"comment_status":"open","ping_status":"closed","template":"","meta":{"iawp_total_views":1},"product_brand":[],"product_cat":[25],"product_tag":[],"class_list":{"0":"post-34878","1":"product","2":"type-product","3":"status-publish","4":"has-post-thumbnail","6":"product_cat-pc-gamepads-standard-controllers-de","8":"first","9":"instock","10":"sale","11":"taxable","12":"shipping-taxable","13":"purchasable","14":"product-type-simple"},"jetpack_sharing_enabled":true,"_links":{"self":[{"href":"https:\/\/www.momengames.com\/index.php\/wp-json\/wp\/v2\/product\/34878","targetHints":{"allow":["GET"]}}],"collection":[{"href":"https:\/\/www.momengames.com\/index.php\/wp-json\/wp\/v2\/product"}],"about":[{"href":"https:\/\/www.momengames.com\/index.php\/wp-json\/wp\/v2\/types\/product"}],"replies":[{"embeddable":true,"href":"https:\/\/www.momengames.com\/index.php\/wp-json\/wp\/v2\/comments?post=34878"}],"wp:featuredmedia":[{"embeddable":true,"href":"https:\/\/www.momengames.com\/index.php\/wp-json\/wp\/v2\/media\/34831"}],"wp:attachment":[{"href":"https:\/\/www.momengames.com\/index.php\/wp-json\/wp\/v2\/media?parent=34878"}],"wp:term":[{"taxonomy":"product_brand","embeddable":true,"href":"https:\/\/www.momengames.com\/index.php\/wp-json\/wp\/v2\/product_brand?post=34878"},{"taxonomy":"product_cat","embeddable":true,"href":"https:\/\/www.momengames.com\/index.php\/wp-json\/wp\/v2\/product_cat?post=34878"},{"taxonomy":"product_tag","embeddable":true,"href":"https:\/\/www.momengames.com\/index.php\/wp-json\/wp\/v2\/product_tag?post=34878"}],"curies":[{"name":"wp","href":"https:\/\/api.w.org\/{rel}","templated":true}]}}