{"id":34877,"date":"2025-09-20T13:41:05","date_gmt":"2025-09-20T13:41:05","guid":{"rendered":"https:\/\/www.momengames.com\/index.php\/product\/razer-kishi-ultra-gaming-controller-fuer-android-iphone-15-16-series-ipad-mini-a17-pro-6-usb-c-pro-steuerung-ergonomischer-griff-streamen-sie-pc-xbox-ps5-spiele-auf-ha\/"},"modified":"2025-09-20T13:41:05","modified_gmt":"2025-09-20T13:41:05","slug":"razer-kishi-ultra-gaming-controller-fuer-android-iphone-15-16-series-ipad-mini-a17-pro-6-usb-c-pro-steuerung-ergonomischer-griff-streamen-sie-pc-xbox-ps5-spiele-auf-ha","status":"publish","type":"product","link":"https:\/\/www.momengames.com\/index.php\/product\/razer-kishi-ultra-gaming-controller-fuer-android-iphone-15-16-series-ipad-mini-a17-pro-6-usb-c-pro-steuerung-ergonomischer-griff-streamen-sie-pc-xbox-ps5-spiele-auf-ha\/?lang=de","title":{"rendered":"Razer Kishi Ultra Gaming Controller f\u00fcr Android, iPhone 15 &#038; 16 Series, iPad Mini A17 Pro &#038; 6 (USB C): Pro-Steuerung \u2013 Ergonomischer Griff \u2013 Streamen Sie PC-, Xbox-, PS5-Spiele auf Handy, Telefon, Tablet (erneuert)"},"content":{"rendered":"<p>PC-FERNBEDIENUNG \u2013 Die Leistung eines Gaming-Rigs passt jetzt in die Hosentasche. Streamen Sie Spiele \u00fcber einen PC und starten Sie sie direkt von Mobilger\u00e4ten f\u00fcr ein immersives Erlebnis mit scharfer, fl\u00fcssiger Grafik.<br \/>\nFORMFAKTOR IN VOLLER GR\u00d6SSE F\u00dcR HANDYS UND IPAD MINI \u2013 Spielen Sie direkt auf einem Smartphone oder erschlie\u00dfen Sie neue Dimensionen des mobilen Gamings mit Tablets bis zu 8 Zoll f\u00fcr eine Anzeige, die den besten AAA-Spielen w\u00fcrdig ist.<br \/>\nPROFI-KONSOLENSTEUERUNG UND ERGONOMIE AUF MOBILGER\u00c4TEN \u2013 Dominieren Sie Mobile Gaming mit der E-Sport-Leistung und dem Komfort der Pro-Konsolen-Controller von Razer. Kishi V2 Ultra verf\u00fcgt \u00fcber ein mecha-taktiles 8-Wege-Steuerkreuz und Aktionstasten, Hall-Effekt-Trigger, programmierbare Tasten und extrem langlebige TPSiV-Analogsticks.<br \/>\nRAZER SENSA HD HAPTICS* UND CHROMA RGB \u2013 Erlebe hochaufl\u00f6sende Haptik, die st\u00e4rker, detaillierter und nuancierter ist als die Vibrationen herk\u00f6mmlicher Konsolen-Controller, komplett mit dynamisch adressierbarer Chroma RGB-Beleuchtung. *Erfordert Android 12 (oder h\u00f6her) oder Windows 11; derzeit nicht f\u00fcr iOS verf\u00fcgbar.<br \/>\nNAHTLOSE VERBINDUNG und KOMFORT \u2013 Genie\u00dfe Gaming mit geringer Latenz und fl\u00fcssigem Sound dank Plug-and-Play-Komfort. Versorge dein Ger\u00e4t w\u00e4hrend des Spielens mit Strom per Passthrough-Ladefunktion und lass dein Smartphone in der H\u00fclle, damit du schnell loslegen kannst.<br \/>\nUNTERST\u00dcTZT DURCH DIE RAZER NEXUS APP \u2013 Starte Spiele, passe die Steuerung an, zeichne Gameplay auf und teile es. Halte das Kishi Ultra mit der Razer Nexus App auf dem neuesten Stand, die per Knopfdruck aufgerufen werden kann.<br \/>\nVIRTUELLER CONTROLLER-MODUS \u2013 Nutze den virtuellen Controller-Modus, um die Touchscreen-Steuerung dem Kishi Ultra zuzuordnen und so Controller-Kompatibilit\u00e4t mit vielen der gr\u00f6\u00dften Touchscreen-Handyspiele zu erm\u00f6glichen. Funktion nur f\u00fcr Android-Ger\u00e4te verf\u00fcgbar.<br \/>\nSPIELEN AUF PC ODER IPAD \u2014 Verbinden Sie den Kishi Ultra-Controller mit einem USB-C-Kabel mit einem PC oder iPad (kein Telefon erforderlich), um Spiele mit einer direkten USB-C-Verbindung mit geringer Latenz zu erleben, die haptische Vibrationen auf dem PC und 3,5-mm-Audio unterst\u00fctzt. USB-C-Kabel separat erh\u00e4ltlich.<\/p>\n","protected":false},"excerpt":{"rendered":"<p>PC-FERNBEDIENUNG \u2013 Die Leistung eines Gaming-Rigs passt jetzt in die Hosentasche. Streamen Sie Spiele \u00fcber einen PC und starten Sie sie direkt von Mobilger\u00e4ten f\u00fcr ein immersives Erlebnis mit scharfer, fl\u00fcssiger Grafik.<br \/>\nFORMFAKTOR IN VOLLER GR\u00d6SSE F\u00dcR HANDYS UND IPAD MINI \u2013 Spielen Sie direkt auf einem Smartphone oder erschlie\u00dfen Sie neue Dimensionen des mobilen Gamings mit Tablets bis zu 8 Zoll f\u00fcr eine Anzeige, die den besten AAA-Spielen w\u00fcrdig ist.<br \/>\nPROFI-KONSOLENSTEUERUNG UND ERGONOMIE AUF MOBILGER\u00c4TEN \u2013 Dominieren Sie Mobile Gaming mit der E-Sport-Leistung und dem Komfort der Pro-Konsolen-Controller von Razer. Kishi V2 Ultra verf\u00fcgt \u00fcber ein mecha-taktiles 8-Wege-Steuerkreuz und Aktionstasten, Hall-Effekt-Trigger, programmierbare Tasten und extrem langlebige TPSiV-Analogsticks.<br \/>\nRAZER SENSA HD HAPTICS* UND CHROMA RGB \u2013 Erlebe hochaufl\u00f6sende Haptik, die st\u00e4rker, detaillierter und nuancierter ist als die Vibrationen herk\u00f6mmlicher Konsolen-Controller, komplett mit dynamisch adressierbarer Chroma RGB-Beleuchtung. *Erfordert Android 12 (oder h\u00f6her) oder Windows 11; derzeit nicht f\u00fcr iOS verf\u00fcgbar.<br \/>\nNAHTLOSE VERBINDUNG und KOMFORT \u2013 Genie\u00dfe Gaming mit geringer Latenz und fl\u00fcssigem Sound dank Plug-and-Play-Komfort. Versorge dein Ger\u00e4t w\u00e4hrend des Spielens mit Strom per Passthrough-Ladefunktion und lass dein Smartphone in der H\u00fclle, damit du schnell loslegen kannst.<br \/>\nUNTERST\u00dcTZT DURCH DIE RAZER NEXUS APP \u2013 Starte Spiele, passe die Steuerung an, zeichne Gameplay auf und teile es. Halte das Kishi Ultra mit der Razer Nexus App auf dem neuesten Stand, die per Knopfdruck aufgerufen werden kann.<br \/>\nVIRTUELLER CONTROLLER-MODUS \u2013 Nutze den virtuellen Controller-Modus, um die Touchscreen-Steuerung dem Kishi Ultra zuzuordnen und so Controller-Kompatibilit\u00e4t mit vielen der gr\u00f6\u00dften Touchscreen-Handyspiele zu erm\u00f6glichen. Funktion nur f\u00fcr Android-Ger\u00e4te verf\u00fcgbar.<br \/>\nSPIELEN AUF PC ODER IPAD \u2014 Verbinden Sie den Kishi Ultra-Controller mit einem USB-C-Kabel mit einem PC oder iPad (kein Telefon erforderlich), um Spiele mit einer direkten USB-C-Verbindung mit geringer Latenz zu erleben, die haptische Vibrationen auf dem PC und 3,5-mm-Audio unterst\u00fctzt. USB-C-Kabel separat erh\u00e4ltlich.<\/p>\n","protected":false},"featured_media":34835,"comment_status":"open","ping_status":"closed","template":"","meta":{"iawp_total_views":6},"product_brand":[],"product_cat":[25],"product_tag":[],"class_list":{"0":"post-34877","1":"product","2":"type-product","3":"status-publish","4":"has-post-thumbnail","6":"product_cat-pc-gamepads-standard-controllers-de","8":"first","9":"instock","10":"sale","11":"taxable","12":"shipping-taxable","13":"purchasable","14":"product-type-simple"},"jetpack_sharing_enabled":true,"_links":{"self":[{"href":"https:\/\/www.momengames.com\/index.php\/wp-json\/wp\/v2\/product\/34877","targetHints":{"allow":["GET"]}}],"collection":[{"href":"https:\/\/www.momengames.com\/index.php\/wp-json\/wp\/v2\/product"}],"about":[{"href":"https:\/\/www.momengames.com\/index.php\/wp-json\/wp\/v2\/types\/product"}],"replies":[{"embeddable":true,"href":"https:\/\/www.momengames.com\/index.php\/wp-json\/wp\/v2\/comments?post=34877"}],"wp:featuredmedia":[{"embeddable":true,"href":"https:\/\/www.momengames.com\/index.php\/wp-json\/wp\/v2\/media\/34835"}],"wp:attachment":[{"href":"https:\/\/www.momengames.com\/index.php\/wp-json\/wp\/v2\/media?parent=34877"}],"wp:term":[{"taxonomy":"product_brand","embeddable":true,"href":"https:\/\/www.momengames.com\/index.php\/wp-json\/wp\/v2\/product_brand?post=34877"},{"taxonomy":"product_cat","embeddable":true,"href":"https:\/\/www.momengames.com\/index.php\/wp-json\/wp\/v2\/product_cat?post=34877"},{"taxonomy":"product_tag","embeddable":true,"href":"https:\/\/www.momengames.com\/index.php\/wp-json\/wp\/v2\/product_tag?post=34877"}],"curies":[{"name":"wp","href":"https:\/\/api.w.org\/{rel}","templated":true}]}}