{"id":34876,"date":"2025-09-20T13:50:12","date_gmt":"2025-09-20T13:50:12","guid":{"rendered":"https:\/\/www.momengames.com\/index.php\/product\/razer-rc30-0248-akku-fuer-razer-blade-15-advanced-2019-2018-rz09-02385\/"},"modified":"2025-09-20T13:50:12","modified_gmt":"2025-09-20T13:50:12","slug":"razer-rc30-0248-akku-fuer-razer-blade-15-advanced-2019-2018-rz09-02385","status":"publish","type":"product","link":"https:\/\/www.momengames.com\/index.php\/product\/razer-rc30-0248-akku-fuer-razer-blade-15-advanced-2019-2018-rz09-02385\/?lang=de","title":{"rendered":"Razer RC30-0248 Akku f\u00fcr Razer Blade 15 Advanced 2019 2018 RZ09-02385"},"content":{"rendered":"<p>Der originale neue RC30-0248 Laptop-Akku Razer Blade 15 2018 RZ09-02385 RZ09-02386 ist ein hochwertiger Lithium-Ionen-Akku, der speziell f\u00fcr Razer-Laptops entwickelt wurde. Er ist kompatibel mit dem Razer Blade Stealth 15 2018 und verf\u00fcgt \u00fcber eine Kapazit\u00e4t von 5209 mAh (80 Wh) mit 8 Akkuzellen. Dieser schwarze Akku hat eine Spannung von 15,4 V und wird mit einer einj\u00e4hrigen Herstellergarantie geliefert, die Zuverl\u00e4ssigkeit und Langlebigkeit gew\u00e4hrleistet. Hergestellt in China, ist dieses Ger\u00e4t ein Originalprodukt von Razer und perfekt geeignet, um Ihren Laptop auch bei l\u00e4ngerem Gebrauch mit Strom zu versorgen.<\/p>\n","protected":false},"excerpt":{"rendered":"<p>Der originale neue RC30-0248 Laptop-Akku Razer Blade 15 2018 RZ09-02385 RZ09-02386 ist ein hochwertiger Lithium-Ionen-Akku, der speziell f\u00fcr Razer-Laptops entwickelt wurde. Er ist kompatibel mit dem Razer Blade Stealth 15 2018 und verf\u00fcgt \u00fcber eine Kapazit\u00e4t von 5209 mAh (80 Wh) mit 8 Akkuzellen. Dieser schwarze Akku hat eine Spannung von 15,4 V und wird mit einer einj\u00e4hrigen Herstellergarantie geliefert, die Zuverl\u00e4ssigkeit und Langlebigkeit gew\u00e4hrleistet. Hergestellt in China, ist dieses Ger\u00e4t ein Originalprodukt von Razer und perfekt geeignet, um Ihren Laptop auch bei l\u00e4ngerem Gebrauch mit Strom zu versorgen.<\/p>\n","protected":false},"featured_media":34839,"comment_status":"open","ping_status":"closed","template":"","meta":{"iawp_total_views":0},"product_brand":[],"product_cat":[24],"product_tag":[],"class_list":{"0":"post-34876","1":"product","2":"type-product","3":"status-publish","4":"has-post-thumbnail","6":"product_cat-electronics-accessories-de","8":"first","9":"instock","10":"taxable","11":"shipping-taxable","12":"purchasable","13":"product-type-simple"},"jetpack_sharing_enabled":true,"_links":{"self":[{"href":"https:\/\/www.momengames.com\/index.php\/wp-json\/wp\/v2\/product\/34876","targetHints":{"allow":["GET"]}}],"collection":[{"href":"https:\/\/www.momengames.com\/index.php\/wp-json\/wp\/v2\/product"}],"about":[{"href":"https:\/\/www.momengames.com\/index.php\/wp-json\/wp\/v2\/types\/product"}],"replies":[{"embeddable":true,"href":"https:\/\/www.momengames.com\/index.php\/wp-json\/wp\/v2\/comments?post=34876"}],"wp:featuredmedia":[{"embeddable":true,"href":"https:\/\/www.momengames.com\/index.php\/wp-json\/wp\/v2\/media\/34839"}],"wp:attachment":[{"href":"https:\/\/www.momengames.com\/index.php\/wp-json\/wp\/v2\/media?parent=34876"}],"wp:term":[{"taxonomy":"product_brand","embeddable":true,"href":"https:\/\/www.momengames.com\/index.php\/wp-json\/wp\/v2\/product_brand?post=34876"},{"taxonomy":"product_cat","embeddable":true,"href":"https:\/\/www.momengames.com\/index.php\/wp-json\/wp\/v2\/product_cat?post=34876"},{"taxonomy":"product_tag","embeddable":true,"href":"https:\/\/www.momengames.com\/index.php\/wp-json\/wp\/v2\/product_tag?post=34876"}],"curies":[{"name":"wp","href":"https:\/\/api.w.org\/{rel}","templated":true}]}}