{"id":34875,"date":"2025-05-21T13:38:35","date_gmt":"2025-05-21T13:38:35","guid":{"rendered":"https:\/\/www.momengames.com\/index.php\/product\/uberarbeitete-apple-watch-series-10-gps-42-mm-smartwatch-mit-tiefschwarzem-aluminiumgehause-und-schwarzem-sportarmband-s-m-fitness-tracker-ekg-app-always-on-retina-display-wasserdicht\/"},"modified":"2025-09-25T02:50:38","modified_gmt":"2025-09-25T02:50:38","slug":"uberarbeitete-apple-watch-series-10-gps-42-mm-smartwatch-mit-tiefschwarzem-aluminiumgehause-und-schwarzem-sportarmband-s-m-fitness-tracker-ekg-app-always-on-retina-display-wasserdicht","status":"publish","type":"product","link":"https:\/\/www.momengames.com\/index.php\/product\/uberarbeitete-apple-watch-series-10-gps-42-mm-smartwatch-mit-tiefschwarzem-aluminiumgehause-und-schwarzem-sportarmband-s-m-fitness-tracker-ekg-app-always-on-retina-display-wasserdicht\/?lang=fr","title":{"rendered":"Montre connect\u00e9e Apple Watch Series 10 GPS 42 mm reconditionn\u00e9e, bo\u00eetier en aluminium noir de jais et bracelet sport noir (P\/M). Suivi d&#8217;activit\u00e9, application ECG, \u00e9cran Retina toujours allum\u00e9, r\u00e9sistance \u00e0 l&#8217;eau."},"content":{"rendered":"<div id=\"btfContent1_feature_div\" class=\"celwidget\" data-feature-name=\"btfContent1\" data-csa-c-type=\"widget\" data-csa-c-content-id=\"btfContent1\" data-csa-c-slot-id=\"btfContent1_feature_div\" data-csa-c-asin=\"\" data-csa-c-is-in-initial-active-row=\"false\" data-csa-c-id=\"gjhi15-upq77-eqpjac-p8bi6x\" data-cel-widget=\"btfContent1_feature_div\">\n<div id=\"\" class=\"content-grid-wrapper mako-v2\">\n<div id=\"5Q38P0NJ\" class=\"content-grid-row-wrapper \" data-lazy-loading-background-image=\"\">\n<div class=\"a-row\">\n<div class=\"content-grid-col-wrapper override-column-spacing\">\n<div class=\"a-column a-span12 block-content block-type-image textalign-center\">\n<div class=\"content-grid-block\"><img decoding=\"async\" class=\"\" src=\"https:\/\/m.media-amazon.com\/images\/G\/02\/Apple\/APlus\/GBEN_Apple_Watch_S10_cellular_Q424_Web_Marketing_Page_PSD_Bronze_L_01._CB563332980_.jpg\" alt=\"image 1\" data-a-hires=\"https:\/\/m.media-amazon.com\/images\/G\/02\/Apple\/APlus\/GBEN_Apple_Watch_S10_cellular_Q424_Web_Marketing_Page_PSD_Bronze_L_01._CB563332980_.jpg\" \/><\/div>\n<\/div>\n<\/div>\n<\/div>\n<\/div>\n<\/div>\n<\/div>\n<div id=\"btfContent2_feature_div\" class=\"celwidget\" data-feature-name=\"btfContent2\" data-csa-c-type=\"widget\" data-csa-c-content-id=\"btfContent2\" data-csa-c-slot-id=\"btfContent2_feature_div\" data-csa-c-asin=\"\" data-csa-c-is-in-initial-active-row=\"false\" data-csa-c-id=\"cw8epx-mlvy5x-bav3cf-2pkvfl\" data-cel-widget=\"btfContent2_feature_div\">\n<div id=\"\" class=\"content-grid-wrapper mako-v2\">\n<div id=\"5Q38P0NJ\" class=\"content-grid-row-wrapper \" data-lazy-loading-background-image=\"\">\n<div class=\"a-row\">\n<div class=\"content-grid-col-wrapper override-column-spacing\">\n<div class=\"a-column a-span12 block-content block-type-image textalign-center\">\n<div class=\"content-grid-block\"><img decoding=\"async\" class=\"\" src=\"https:\/\/m.media-amazon.com\/images\/G\/02\/Apple\/APlus\/GBEN_Apple_Watch_S10_cellular_Q424_Web_Marketing_Page_PSD_Bronze_L_02._CB563332980_.jpg\" alt=\"image 1\" data-a-hires=\"https:\/\/m.media-amazon.com\/images\/G\/02\/Apple\/APlus\/GBEN_Apple_Watch_S10_cellular_Q424_Web_Marketing_Page_PSD_Bronze_L_02._CB563332980_.jpg\" \/><\/div>\n<\/div>\n<\/div>\n<\/div>\n<\/div>\n<\/div>\n<\/div>\n<div id=\"btfContent3_feature_div\" class=\"celwidget\" data-feature-name=\"btfContent3\" data-csa-c-type=\"widget\" data-csa-c-content-id=\"btfContent3\" data-csa-c-slot-id=\"btfContent3_feature_div\" data-csa-c-asin=\"\" data-csa-c-is-in-initial-active-row=\"false\" data-csa-c-id=\"p084y2-s5oa5q-v8bfdt-5057nz\" data-cel-widget=\"btfContent3_feature_div\">\n<div id=\"\" class=\"content-grid-wrapper mako-v2\">\n<div id=\"5Q38P0NJ\" class=\"content-grid-row-wrapper \" data-lazy-loading-background-image=\"\">\n<div class=\"a-row\">\n<div class=\"content-grid-col-wrapper override-column-spacing\">\n<div class=\"a-column a-span12 block-content block-type-image textalign-center\">\n<div class=\"content-grid-block\"><img decoding=\"async\" class=\"\" src=\"https:\/\/m.media-amazon.com\/images\/G\/02\/Apple\/APlus\/GBEN_Apple_Watch_S10_cellular_Q424_Web_Marketing_Page_PSD_Bronze_L_03._CB563332980_.jpg\" alt=\"image 1\" data-a-hires=\"https:\/\/m.media-amazon.com\/images\/G\/02\/Apple\/APlus\/GBEN_Apple_Watch_S10_cellular_Q424_Web_Marketing_Page_PSD_Bronze_L_03._CB563332980_.jpg\" \/><\/div>\n<\/div>\n<\/div>\n<\/div>\n<\/div>\n<\/div>\n<\/div>\n<div id=\"btfContent4_feature_div\" class=\"celwidget\" data-feature-name=\"btfContent4\" data-csa-c-type=\"widget\" data-csa-c-content-id=\"btfContent4\" data-csa-c-slot-id=\"btfContent4_feature_div\" data-csa-c-asin=\"\" data-csa-c-is-in-initial-active-row=\"false\" data-csa-c-id=\"7wgdmr-mn7nsv-q35exj-r3zzdp\" data-cel-widget=\"btfContent4_feature_div\">\n<div id=\"\" class=\"content-grid-wrapper mako-v2\">\n<div id=\"5Q38P0NJ\" class=\"content-grid-row-wrapper \" data-lazy-loading-background-image=\"\">\n<div class=\"a-row\">\n<div class=\"content-grid-col-wrapper override-column-spacing\">\n<div class=\"a-column a-span12 block-content block-type-image textalign-center\">\n<div class=\"content-grid-block\"><img decoding=\"async\" class=\"\" src=\"https:\/\/m.media-amazon.com\/images\/G\/02\/Apple\/APlus\/GBEN_Apple_Watch_S10_cellular_Q424_Web_Marketing_Page_PSD_Bronze_L_04._CB563332980_.jpg\" alt=\"image 1\" data-a-hires=\"https:\/\/m.media-amazon.com\/images\/G\/02\/Apple\/APlus\/GBEN_Apple_Watch_S10_cellular_Q424_Web_Marketing_Page_PSD_Bronze_L_04._CB563332980_.jpg\" \/><\/div>\n<\/div>\n<\/div>\n<\/div>\n<\/div>\n<\/div>\n<\/div>\n<div id=\"btfContent5_feature_div\" class=\"celwidget\" data-feature-name=\"btfContent5\" data-csa-c-type=\"widget\" data-csa-c-content-id=\"btfContent5\" data-csa-c-slot-id=\"btfContent5_feature_div\" data-csa-c-asin=\"\" data-csa-c-is-in-initial-active-row=\"false\" data-csa-c-id=\"w228h3-3zoh55-p8ixf5-akg2ze\" data-cel-widget=\"btfContent5_feature_div\">\n<div id=\"\" class=\"content-grid-wrapper mako-v2\">\n<div id=\"5Q38P0NJ\" class=\"content-grid-row-wrapper \" data-lazy-loading-background-image=\"\">\n<div class=\"a-row\">\n<div class=\"content-grid-col-wrapper override-column-spacing\">\n<div class=\"a-column a-span12 block-content block-type-image textalign-center\">\n<div class=\"content-grid-block\"><img decoding=\"async\" class=\"\" src=\"https:\/\/m.media-amazon.com\/images\/G\/02\/Apple\/APlus\/GBEN_Apple_Watch_S10_cellular_Q424_Web_Marketing_Page_PSD_Bronze_L_05._CB563332980_.jpg\" alt=\"image 1\" data-a-hires=\"https:\/\/m.media-amazon.com\/images\/G\/02\/Apple\/APlus\/GBEN_Apple_Watch_S10_cellular_Q424_Web_Marketing_Page_PSD_Bronze_L_05._CB563332980_.jpg\" \/><\/div>\n<\/div>\n<\/div>\n<\/div>\n<\/div>\n<\/div>\n<\/div>\n<div id=\"btfContent6_feature_div\" class=\"celwidget\" data-feature-name=\"btfContent6\" data-csa-c-type=\"widget\" data-csa-c-content-id=\"btfContent6\" data-csa-c-slot-id=\"btfContent6_feature_div\" data-csa-c-asin=\"\" data-csa-c-is-in-initial-active-row=\"false\" data-csa-c-id=\"61o6ok-avebbr-r41pd2-f3drtp\" data-cel-widget=\"btfContent6_feature_div\">\n<div id=\"\" class=\"content-grid-wrapper mako-v2\">\n<div id=\"5Q38P0NJ\" class=\"content-grid-row-wrapper \" data-lazy-loading-background-image=\"\">\n<div class=\"a-row\">\n<div class=\"content-grid-col-wrapper override-column-spacing\">\n<div class=\"a-column a-span12 block-content block-type-image textalign-center\">\n<div class=\"content-grid-block\"><img decoding=\"async\" class=\"\" src=\"https:\/\/m.media-amazon.com\/images\/G\/02\/Apple\/APlus\/GBEN_Apple_Watch_S10_cellular_Q424_Web_Marketing_Page_PSD_Bronze_L_06._CB563332980_.jpg\" alt=\"image 1\" data-a-hires=\"https:\/\/m.media-amazon.com\/images\/G\/02\/Apple\/APlus\/GBEN_Apple_Watch_S10_cellular_Q424_Web_Marketing_Page_PSD_Bronze_L_06._CB563332980_.jpg\" \/><\/div>\n<\/div>\n<\/div>\n<\/div>\n<\/div>\n<\/div>\n<\/div>\n<div id=\"btfContent7_feature_div\" class=\"celwidget\" data-feature-name=\"btfContent7\" data-csa-c-type=\"widget\" data-csa-c-content-id=\"btfContent7\" data-csa-c-slot-id=\"btfContent7_feature_div\" data-csa-c-asin=\"\" data-csa-c-is-in-initial-active-row=\"false\" data-csa-c-id=\"2dsji8-utvrrx-u9t3x0-tsbdws\" data-cel-widget=\"btfContent7_feature_div\">\n<div id=\"\" class=\"content-grid-wrapper mako-v2\">\n<div id=\"5Q38P0NJ\" class=\"content-grid-row-wrapper \" data-lazy-loading-background-image=\"\">\n<div class=\"a-row\">\n<div class=\"content-grid-col-wrapper override-column-spacing\">\n<div class=\"a-column a-span12 block-content block-type-image textalign-center\">\n<div class=\"content-grid-block\"><img decoding=\"async\" class=\"\" src=\"https:\/\/m.media-amazon.com\/images\/G\/02\/Apple\/APlus\/GBEN_Apple_Watch_S10_cellular_Q424_Web_Marketing_Page_PSD_Bronze_L_07._CB563332980_.jpg\" alt=\"image 1\" data-a-hires=\"https:\/\/m.media-amazon.com\/images\/G\/02\/Apple\/APlus\/GBEN_Apple_Watch_S10_cellular_Q424_Web_Marketing_Page_PSD_Bronze_L_07._CB563332980_.jpg\" \/><\/div>\n<\/div>\n<\/div>\n<\/div>\n<\/div>\n<\/div>\n<\/div>\n<div id=\"btfContent8_feature_div\" class=\"celwidget\" data-feature-name=\"btfContent8\" data-csa-c-type=\"widget\" data-csa-c-content-id=\"btfContent8\" data-csa-c-slot-id=\"btfContent8_feature_div\" data-csa-c-asin=\"\" data-csa-c-is-in-initial-active-row=\"false\" data-csa-c-id=\"pf1bqz-xcfb81-iykus1-yg0r5q\" data-cel-widget=\"btfContent8_feature_div\">\n<div id=\"\" class=\"content-grid-wrapper mako-v2\">\n<div id=\"5Q38P0NJ\" class=\"content-grid-row-wrapper \" data-lazy-loading-background-image=\"\">\n<div class=\"a-row\">\n<div class=\"content-grid-col-wrapper override-column-spacing\">\n<div class=\"a-column a-span12 block-content block-type-image textalign-center\">\n<div class=\"content-grid-block\"><img decoding=\"async\" class=\"\" src=\"https:\/\/m.media-amazon.com\/images\/G\/02\/Apple\/APlus\/GBEN_Apple_Watch_S10_cellular_Q424_Web_Marketing_Page_PSD_Bronze_L_08._CB563332980_.jpg\" alt=\"image 1\" data-a-hires=\"https:\/\/m.media-amazon.com\/images\/G\/02\/Apple\/APlus\/GBEN_Apple_Watch_S10_cellular_Q424_Web_Marketing_Page_PSD_Bronze_L_08._CB563332980_.jpg\" \/><\/div>\n<\/div>\n<\/div>\n<\/div>\n<\/div>\n<\/div>\n<\/div>\n<div id=\"btfContent9_feature_div\" class=\"celwidget\" data-feature-name=\"btfContent9\" data-csa-c-type=\"widget\" data-csa-c-content-id=\"btfContent9\" data-csa-c-slot-id=\"btfContent9_feature_div\" data-csa-c-asin=\"\" data-csa-c-is-in-initial-active-row=\"false\" data-csa-c-id=\"5ghvy-nfts29-mk1laj-8jlt89\" data-cel-widget=\"btfContent9_feature_div\">\n<div id=\"\" class=\"content-grid-wrapper mako-v2\">\n<div id=\"5Q38P0NJ\" class=\"content-grid-row-wrapper \" data-lazy-loading-background-image=\"\">\n<div class=\"a-row\">\n<div class=\"content-grid-col-wrapper override-column-spacing\">\n<div class=\"a-column a-span12 block-content block-type-image textalign-center\">\n<div class=\"content-grid-block\"><img decoding=\"async\" class=\"\" src=\"https:\/\/m.media-amazon.com\/images\/G\/02\/Apple\/APlus\/GBEN_Apple_Watch_S10_cellular_Q424_Web_Marketing_Page_PSD_Bronze_L_09._CB563332980_.jpg\" alt=\"image 1\" data-a-hires=\"https:\/\/m.media-amazon.com\/images\/G\/02\/Apple\/APlus\/GBEN_Apple_Watch_S10_cellular_Q424_Web_Marketing_Page_PSD_Bronze_L_09._CB563332980_.jpg\" \/><\/div>\n<\/div>\n<\/div>\n<\/div>\n<\/div>\n<\/div>\n<\/div>\n<div id=\"btfContent10_feature_div\" class=\"celwidget\" data-feature-name=\"btfContent10\" data-csa-c-type=\"widget\" data-csa-c-content-id=\"btfContent10\" data-csa-c-slot-id=\"btfContent10_feature_div\" data-csa-c-asin=\"\" data-csa-c-is-in-initial-active-row=\"false\" data-csa-c-id=\"gkgx09-8hogvr-qaamyv-tkgpv8\" data-cel-widget=\"btfContent10_feature_div\"><\/div>\n<div id=\"btfContent11_feature_div\" class=\"celwidget\" data-feature-name=\"btfContent11\" data-csa-c-type=\"widget\" data-csa-c-content-id=\"btfContent11\" data-csa-c-slot-id=\"btfContent11_feature_div\" data-csa-c-asin=\"\" data-csa-c-is-in-initial-active-row=\"false\" data-csa-c-id=\"1hjkwt-6ty6mp-734z62-9u0ekb\" data-cel-widget=\"btfContent11_feature_div\"><\/div>\n<div id=\"btfContent12_feature_div\" class=\"celwidget\" data-feature-name=\"btfContent12\" data-csa-c-type=\"widget\" data-csa-c-content-id=\"btfContent12\" data-csa-c-slot-id=\"btfContent12_feature_div\" data-csa-c-asin=\"\" data-csa-c-is-in-initial-active-row=\"false\" data-csa-c-id=\"543tf2-e5a3m-rqj57h-bgc3my\" data-cel-widget=\"btfContent12_feature_div\"><\/div>\n<div id=\"btfContent13_feature_div\" class=\"celwidget\" data-feature-name=\"btfContent13\" data-csa-c-type=\"widget\" data-csa-c-content-id=\"btfContent13\" data-csa-c-slot-id=\"btfContent13_feature_div\" data-csa-c-asin=\"\" data-csa-c-is-in-initial-active-row=\"false\" data-csa-c-id=\"e2eej5-6bsw0s-1w9utj-jojs1b\" data-cel-widget=\"btfContent13_feature_div\"><\/div>\n<div id=\"btfContent14_feature_div\" class=\"celwidget\" data-feature-name=\"btfContent14\" data-csa-c-type=\"widget\" data-csa-c-content-id=\"btfContent14\" data-csa-c-slot-id=\"btfContent14_feature_div\" data-csa-c-asin=\"\" data-csa-c-is-in-initial-active-row=\"false\" data-csa-c-id=\"6ydub8-wl1zro-neoa6p-2o0yb4\" data-cel-widget=\"btfContent14_feature_div\"><\/div>\n<div id=\"btfContent15_feature_div\" class=\"celwidget\" data-feature-name=\"btfContent15\" data-csa-c-type=\"widget\" data-csa-c-content-id=\"btfContent15\" data-csa-c-slot-id=\"btfContent15_feature_div\" data-csa-c-asin=\"\" data-csa-c-is-in-initial-active-row=\"false\" data-csa-c-id=\"lzg3s5-kcu1nl-18znjw-ogfo6j\" data-cel-widget=\"btfContent15_feature_div\"><\/div>\n<div id=\"btfContent16_feature_div\" class=\"celwidget\" data-feature-name=\"btfContent16\" data-csa-c-type=\"widget\" data-csa-c-content-id=\"btfContent16\" data-csa-c-slot-id=\"btfContent16_feature_div\" data-csa-c-asin=\"\" data-csa-c-is-in-initial-active-row=\"false\" data-csa-c-id=\"mp5plw-g6dn53-i0gbx4-o3lxuw\" data-cel-widget=\"btfContent16_feature_div\"><\/div>\n<div id=\"btfContent17_feature_div\" class=\"celwidget\" data-feature-name=\"btfContent17\" data-csa-c-type=\"widget\" data-csa-c-content-id=\"btfContent17\" data-csa-c-slot-id=\"btfContent17_feature_div\" data-csa-c-asin=\"\" data-csa-c-is-in-initial-active-row=\"false\" data-csa-c-id=\"tmdurf-ulbiqu-6ld6w-j3sqel\" data-cel-widget=\"btfContent17_feature_div\"><\/div>\n<div id=\"btfContent18_feature_div\" class=\"celwidget\" data-feature-name=\"btfContent18\" data-csa-c-type=\"widget\" data-csa-c-content-id=\"btfContent18\" data-csa-c-slot-id=\"btfContent18_feature_div\" data-csa-c-asin=\"\" data-csa-c-is-in-initial-active-row=\"false\" data-csa-c-id=\"6l0pqy-y9is7l-wtvtx2-fx6356\" data-cel-widget=\"btfContent18_feature_div\"><\/div>\n<div id=\"btfContent19_feature_div\" class=\"celwidget\" data-feature-name=\"btfContent19\" data-csa-c-type=\"widget\" data-csa-c-content-id=\"btfContent19\" data-csa-c-slot-id=\"btfContent19_feature_div\" data-csa-c-asin=\"\" data-csa-c-is-in-initial-active-row=\"false\" data-csa-c-id=\"dyq3ne-yy493l-h52z1g-hrreo2\" data-cel-widget=\"btfContent19_feature_div\"><\/div>\n<div id=\"btfContent20_feature_div\" class=\"celwidget\" data-feature-name=\"btfContent20\" data-csa-c-type=\"widget\" data-csa-c-content-id=\"btfContent20\" data-csa-c-slot-id=\"btfContent20_feature_div\" data-csa-c-asin=\"\" data-csa-c-is-in-initial-active-row=\"false\" data-csa-c-id=\"sxszn-r8ifr5-2uyl2k-ga00nw\" data-cel-widget=\"btfContent20_feature_div\"><\/div>\n<div id=\"btfContent21_feature_div\" class=\"celwidget\" data-feature-name=\"btfContent21\" data-csa-c-type=\"widget\" data-csa-c-content-id=\"btfContent21\" data-csa-c-slot-id=\"btfContent21_feature_div\" data-csa-c-asin=\"\" data-csa-c-is-in-initial-active-row=\"false\" data-csa-c-id=\"tns5o3-an1zx1-dq9gk-xnb8zp\" data-cel-widget=\"btfContent21_feature_div\"><\/div>\n<div id=\"btfContent22_feature_div\" class=\"celwidget\" data-feature-name=\"btfContent22\" data-csa-c-type=\"widget\" data-csa-c-content-id=\"btfContent22\" data-csa-c-slot-id=\"btfContent22_feature_div\" data-csa-c-asin=\"\" data-csa-c-is-in-initial-active-row=\"false\" data-csa-c-id=\"exmlwk-nk2j80-iav5xa-kkc8ch\" data-cel-widget=\"btfContent22_feature_div\"><\/div>\n<div id=\"btfContent23_feature_div\" class=\"celwidget\" data-feature-name=\"btfContent23\" data-csa-c-type=\"widget\" data-csa-c-content-id=\"btfContent23\" data-csa-c-slot-id=\"btfContent23_feature_div\" data-csa-c-asin=\"\" data-csa-c-is-in-initial-active-row=\"false\" data-csa-c-id=\"fgyr94-8rrbno-fpnbq9-749kzj\" data-cel-widget=\"btfContent23_feature_div\"><\/div>\n<div id=\"btfContent24_feature_div\" class=\"celwidget\" data-feature-name=\"btfContent24\" data-csa-c-type=\"widget\" data-csa-c-content-id=\"btfContent24\" data-csa-c-slot-id=\"btfContent24_feature_div\" data-csa-c-asin=\"\" data-csa-c-is-in-initial-active-row=\"false\" data-csa-c-id=\"w8907r-vetrg8-l4a1rh-533skg\" data-cel-widget=\"btfContent24_feature_div\"><\/div>\n<div id=\"btfContent25_feature_div\" class=\"celwidget\" data-feature-name=\"btfContent25\" data-csa-c-type=\"widget\" data-csa-c-content-id=\"btfContent25\" data-csa-c-slot-id=\"btfContent25_feature_div\" data-csa-c-asin=\"\" data-csa-c-is-in-initial-active-row=\"false\" data-csa-c-id=\"2d99w2-nx9m5j-m7irc4-il02a3\" data-cel-widget=\"btfContent25_feature_div\">\n<div id=\"compare\" class=\"ucc-widget-wrapper ucc-widget\">\n<div class=\"ucc-title\"><\/div>\n<\/div>\n<\/div>\n","protected":false},"excerpt":{"rendered":"<p>POURQUOI L&#8217;APPLE WATCH SERIES 10 \u2014 Un \u00e9cran plus grand avec jusqu&#8217;\u00e0 30 % de surface d&#8217;affichage en plus*. Un design plus fin, plus l\u00e9ger et plus confortable.* Des fonctionnalit\u00e9s avanc\u00e9es de sant\u00e9 et de forme physique vous offrent des informations pr\u00e9cieuses.* Des fonctions de s\u00e9curit\u00e9 vous connectent \u00e0 l&#8217;aide quand vous en avez besoin.* Une charge plus rapide vous permet de recharger votre batterie \u00e0 80 % en environ 30 minutes.*<br \/>\nINFORMATIONS DE SANT\u00c9 AVANC\u00c9ES \u2014 Effectuez un ECG \u00e0 tout moment.* Recevez des notifications en cas d&#8217;hyper, de basse fr\u00e9quence ou d&#8217;arythmie cardiaque.* Analysez votre cycle menstruel et obtenez des estimations r\u00e9trospectives de votre ovulation.* Consultez vos indicateurs de sant\u00e9 nocturnes comme votre fr\u00e9quence cardiaque, votre fr\u00e9quence respiratoire et plus encore gr\u00e2ce \u00e0 l&#8217;app Vitalit\u00e9s.* Suivez votre sommeil et recevez des notifications si l&#8217;Apple Watch d\u00e9tecte des signes d&#8217;apn\u00e9e du sommeil.*<br \/>\nUN PARTENAIRE FORCE DE FITNESS PUISSANT \u2014 Mesurez tous vos mouvements gr\u00e2ce aux anneaux d&#8217;activit\u00e9, personnalisables selon votre style de vie. Obtenez des indicateurs avanc\u00e9s pour une vari\u00e9t\u00e9 d&#8217;entra\u00eenements gr\u00e2ce \u00e0 l&#8217;app Exercice. Suivez l&#8217;intensit\u00e9 de vos entra\u00eenements gr\u00e2ce \u00e0 la charge d&#8217;entra\u00eenement. Utilisez des capteurs de profondeur et de temp\u00e9rature de l&#8217;eau pour vos aventures aquatiques. Apple Watch est offerte avec trois mois d&#8217;abonnement Apple Fitness+.*<br \/>\nRESTEZ CONNECT\u00c9 \u2014 Envoyez un SMS, prenez un appel, \u00e9coutez de la musique et des podcasts, utilisez Siri et recevez des notifications o\u00f9 que vous soyez. L&#8217;Apple Watch Series 10 (GPS) fonctionne avec votre iPhone ou le Wi-Fi pour vous permettre de rester connect\u00e9.<br \/>\nFONCTIONS DE S\u00c9CURIT\u00c9 INNOVANTES \u2014 La d\u00e9tection de chute et la d\u00e9tection de collision vous permettent de contacter les services d&#8217;urgence en cas de chute violente ou d&#8217;accident de voiture grave. La fonction SOS d&#8217;urgence vous permet d&#8217;appeler les secours d&#8217;une simple pression sur un bouton.* La fonction Check In pr\u00e9vient automatiquement un proche de votre arriv\u00e9e \u00e0 destination.<br \/>\nDURABILIT\u00c9 INCROYABLE \u2014 R\u00e9sistante aux fissures et \u00e0 la poussi\u00e8re certifi\u00e9e IP6X. \u00c9tanche jusqu&#8217;\u00e0 50 m.*<br \/>\nNEUTRE CARBONE \u2014 L&#8217;Apple Watch Series 10 est neutre en carbone lorsqu&#8217;elle est associ\u00e9e \u00e0 certains bracelets. Pour en savoir plus sur l&#8217;engagement d&#8217;Apple envers l&#8217;environnement, rendez-vous sur apple.com\/uk\/2030.<br \/>\nCOMPATIBLE SIMPLEMENT \u2014 Fonctionne parfaitement avec vos appareils et services Apple*. D\u00e9verrouillez automatiquement votre Mac. Obtenez la distance approximative et l&#8217;itin\u00e9raire jusqu&#8217;\u00e0 votre iPhone gr\u00e2ce \u00e0 la localisation pr\u00e9cise sur les mod\u00e8les d&#8217;iPhone compatibles*. Payez et envoyez de l&#8217;argent avec Apple Pay.<br \/>\nPERSONNALISABLE FACILEMENT \u2014 Avec des bracelets disponibles dans une vari\u00e9t\u00e9 de styles, de mat\u00e9riaux et de couleurs, et des cadrans enti\u00e8rement personnalisables, vous pouvez adapter votre montre \u00e0 votre humeur ou au moment.<\/p>\n","protected":false},"featured_media":33013,"comment_status":"open","ping_status":"closed","template":"","meta":{"iawp_total_views":766},"product_brand":[],"product_cat":[46],"product_tag":[],"class_list":{"0":"post-34875","1":"product","2":"type-product","3":"status-publish","4":"has-post-thumbnail","6":"product_cat-renewed-fr","8":"first","9":"instock","10":"taxable","11":"shipping-taxable","12":"purchasable","13":"product-type-simple"},"jetpack_sharing_enabled":true,"_links":{"self":[{"href":"https:\/\/www.momengames.com\/index.php\/wp-json\/wp\/v2\/product\/34875","targetHints":{"allow":["GET"]}}],"collection":[{"href":"https:\/\/www.momengames.com\/index.php\/wp-json\/wp\/v2\/product"}],"about":[{"href":"https:\/\/www.momengames.com\/index.php\/wp-json\/wp\/v2\/types\/product"}],"replies":[{"embeddable":true,"href":"https:\/\/www.momengames.com\/index.php\/wp-json\/wp\/v2\/comments?post=34875"}],"wp:featuredmedia":[{"embeddable":true,"href":"https:\/\/www.momengames.com\/index.php\/wp-json\/wp\/v2\/media\/33013"}],"wp:attachment":[{"href":"https:\/\/www.momengames.com\/index.php\/wp-json\/wp\/v2\/media?parent=34875"}],"wp:term":[{"taxonomy":"product_brand","embeddable":true,"href":"https:\/\/www.momengames.com\/index.php\/wp-json\/wp\/v2\/product_brand?post=34875"},{"taxonomy":"product_cat","embeddable":true,"href":"https:\/\/www.momengames.com\/index.php\/wp-json\/wp\/v2\/product_cat?post=34875"},{"taxonomy":"product_tag","embeddable":true,"href":"https:\/\/www.momengames.com\/index.php\/wp-json\/wp\/v2\/product_tag?post=34875"}],"curies":[{"name":"wp","href":"https:\/\/api.w.org\/{rel}","templated":true}]}}