{"id":30765,"date":"2025-02-09T10:18:14","date_gmt":"2025-02-09T10:18:14","guid":{"rendered":"https:\/\/www.momengames.com\/?post_type=product&#038;p=30765"},"modified":"2025-09-25T03:22:31","modified_gmt":"2025-09-25T03:22:31","slug":"playstation-dualsense-wireless-controller-god-of-war-ragnarok-limited-edition-renewed","status":"publish","type":"product","link":"https:\/\/www.momengames.com\/index.php\/product\/playstation-dualsense-wireless-controller-god-of-war-ragnarok-limited-edition-renewed\/?lang=fr","title":{"rendered":"Manette sans fil PlayStation DualSense \u2013 \u00c9dition limit\u00e9e God of War Ragnar\u00f6k (renouvel\u00e9e)"},"content":{"rendered":"<p>PR\u00c9SENTATION DU PRODUIT\u00a0:<\/p>\n<p>D\u00e9couvrez une exp\u00e9rience de jeu plus profonde et tr\u00e8s immersive1 qui donne vie \u00e0 l&#8217;action dans la paume de vos mains. La manette sans fil DualSense offre un retour haptique immersif2, des g\u00e2chettes adaptatives dynamiques2 et un microphone int\u00e9gr\u00e9, le tout int\u00e9gr\u00e9 dans un design confortable embl\u00e9matique.<\/p>\n<p>CARACT\u00c9RISTIQUES PRINCIPALES\u00a0:<\/p>\n<p>Donnez vie aux mondes du jeu\u00a0: ressentez vos actions et votre environnement de jeu simul\u00e9s gr\u00e2ce au retour haptique*. Faites l&#8217;exp\u00e9rience de diff\u00e9rentes forces et tensions au bout de vos doigts gr\u00e2ce aux g\u00e2chettes adaptatives*.Trouvez votre voix, partagez votre passion\u00a0: discutez en ligne avec le microphone int\u00e9gr\u00e9. Connectez un casque directement via la prise jack 3,5 mm. Enregistrez et diffusez vos moments de jeu \u00e9piques avec le bouton de cr\u00e9ation.Une ic\u00f4ne du jeu entre vos mains\u00a0: profitez d&#8217;un design confortable et \u00e9volu\u00e9 avec une disposition embl\u00e9matique et des joysticks am\u00e9lior\u00e9s. \u00c9coutez des effets sonores de plus haute fid\u00e9lit\u00e9** gr\u00e2ce au haut-parleur int\u00e9gr\u00e9 dans les jeux pris en charge.La manette DualSense est compatible avec la PS5 et le PC. Non compatible avec la PS4.<\/p>\n","protected":false},"excerpt":{"rendered":"<p>PR\u00c9SENTATION DU PRODUIT\u00a0:<\/p>\n<p>D\u00e9couvrez une exp\u00e9rience de jeu plus profonde et tr\u00e8s immersive1 qui donne vie \u00e0 l&#8217;action dans la paume de vos mains. La manette sans fil DualSense offre un retour haptique immersif2, des g\u00e2chettes adaptatives dynamiques2 et un microphone int\u00e9gr\u00e9, le tout int\u00e9gr\u00e9 dans un design confortable embl\u00e9matique.<\/p>\n<p>CARACT\u00c9RISTIQUES PRINCIPALES\u00a0:<\/p>\n<p>Donnez vie aux mondes du jeu\u00a0: ressentez vos actions et votre environnement de jeu simul\u00e9s gr\u00e2ce au retour haptique*. Faites l&#8217;exp\u00e9rience de diff\u00e9rentes forces et tensions au bout de vos doigts gr\u00e2ce aux g\u00e2chettes adaptatives*.Trouvez votre voix, partagez votre passion\u00a0: discutez en ligne avec le microphone int\u00e9gr\u00e9. Connectez un casque directement via la prise jack 3,5 mm. Enregistrez et diffusez vos moments de jeu \u00e9piques avec le bouton de cr\u00e9ation.Une ic\u00f4ne du jeu entre vos mains\u00a0: profitez d&#8217;un design confortable et \u00e9volu\u00e9 avec une disposition embl\u00e9matique et des joysticks am\u00e9lior\u00e9s. \u00c9coutez des effets sonores de plus haute fid\u00e9lit\u00e9** gr\u00e2ce au haut-parleur int\u00e9gr\u00e9 dans les jeux pris en charge.La manette DualSense est compatible avec la PS5 et le PC. Non compatible avec la PS4.<\/p>\n","protected":false},"featured_media":30750,"comment_status":"open","ping_status":"closed","template":"","meta":{"iawp_total_views":969},"product_brand":[],"product_cat":[40],"product_tag":[],"class_list":{"0":"post-30765","1":"product","2":"type-product","3":"status-publish","4":"has-post-thumbnail","6":"product_cat-pc-gamepads-standard-controllers-fr","8":"first","9":"instock","10":"sale","11":"taxable","12":"shipping-taxable","13":"purchasable","14":"product-type-simple"},"jetpack_sharing_enabled":true,"_links":{"self":[{"href":"https:\/\/www.momengames.com\/index.php\/wp-json\/wp\/v2\/product\/30765","targetHints":{"allow":["GET"]}}],"collection":[{"href":"https:\/\/www.momengames.com\/index.php\/wp-json\/wp\/v2\/product"}],"about":[{"href":"https:\/\/www.momengames.com\/index.php\/wp-json\/wp\/v2\/types\/product"}],"replies":[{"embeddable":true,"href":"https:\/\/www.momengames.com\/index.php\/wp-json\/wp\/v2\/comments?post=30765"}],"wp:featuredmedia":[{"embeddable":true,"href":"https:\/\/www.momengames.com\/index.php\/wp-json\/wp\/v2\/media\/30750"}],"wp:attachment":[{"href":"https:\/\/www.momengames.com\/index.php\/wp-json\/wp\/v2\/media?parent=30765"}],"wp:term":[{"taxonomy":"product_brand","embeddable":true,"href":"https:\/\/www.momengames.com\/index.php\/wp-json\/wp\/v2\/product_brand?post=30765"},{"taxonomy":"product_cat","embeddable":true,"href":"https:\/\/www.momengames.com\/index.php\/wp-json\/wp\/v2\/product_cat?post=30765"},{"taxonomy":"product_tag","embeddable":true,"href":"https:\/\/www.momengames.com\/index.php\/wp-json\/wp\/v2\/product_tag?post=30765"}],"curies":[{"name":"wp","href":"https:\/\/api.w.org\/{rel}","templated":true}]}}