{"id":25932,"date":"2024-09-17T15:17:24","date_gmt":"2024-09-17T15:17:24","guid":{"rendered":"https:\/\/www.momengames.com\/index.php\/product\/casque-de-jeu-sans-fil-razer-blackshark-v2-pro-micro-super-large-bande-profils-fps-optimises-par-des-professionnels-haut-parleurs-de-50-mm-oreillettes-isolantes-du-bruit-batterie-de-70-heure\/"},"modified":"2024-09-17T15:17:24","modified_gmt":"2024-09-17T15:17:24","slug":"casque-de-jeu-sans-fil-razer-blackshark-v2-pro-micro-super-large-bande-profils-fps-optimises-par-des-professionnels-haut-parleurs-de-50-mm-oreillettes-isolantes-du-bruit-batterie-de-70-heure","status":"publish","type":"product","link":"https:\/\/www.momengames.com\/index.php\/product\/casque-de-jeu-sans-fil-razer-blackshark-v2-pro-micro-super-large-bande-profils-fps-optimises-par-des-professionnels-haut-parleurs-de-50-mm-oreillettes-isolantes-du-bruit-batterie-de-70-heure\/?lang=fr","title":{"rendered":"Casque de jeu sans fil Razer BlackShark V2 Pro : micro super large bande &#8211; profils FPS optimis\u00e9s par des professionnels &#8211; haut-parleurs de 50 mm &#8211; oreillettes isolantes du bruit &#8211; batterie de 70 heures &#8211; Bluetooth &#8211; pour PC, PS5, Switch &#8211; noir"},"content":{"rendered":"<p>MICRO RAZER HYPERCLEAR SUPER WIDEBAND \u2014 En couvrant une gamme de fr\u00e9quences sonores plus large, ce micro amovible de nouvelle g\u00e9n\u00e9ration capture une quantit\u00e9 incroyable de d\u00e9tails dans votre voix, de sorte que chaque appel \u00e0 votre \u00e9quipe semble clair, riche et naturel. Imp\u00e9dance : 32 \u03a9. R\u00e9ponse en fr\u00e9quence : 100 Hz \u2013 10 kHz. Directivit\u00e9 : unidirectionnelle.<br \/>\nTRANSMETTEURS RAZER TRIFORCE TITANIUM 50 MM \u2014 Avec des diaphragmes recouverts de titane pour plus de clart\u00e9, notre nouvelle conception exclusive de pointe divise le transducteur en 3 parties pour le r\u00e9glage individuel des aigus, des m\u00e9diums et des graves, produisant un son plus clair et plus lumineux avec des aigus plus riches et des graves plus puissants.<br \/>\nTECHNOLOGIE SANS FIL RAZER HYPERSPEED \u2014 Avec sa connexion sans fil 2,4 GHz \u00e0 la pointe de l&#8217;industrie, profitez d&#8217;un jeu comp\u00e9titif hautes performances et \u00e0 faible latence avec un son parfaitement synchronis\u00e9 avec votre jeu.<br \/>\nPROFILS AUDIO FPS PRO-TUNED \u2014 Adapt\u00e9s \u00e0 certains des meilleurs athl\u00e8tes d&#8217;e-sport au monde, \u00e9coutez comme les pros avec des profils audio FPS sur casque qui fournissent un maximum d&#8217;informations pour un avantage comp\u00e9titif ultime.<br \/>\n\u00c9COUTEURS ISOLANTS DU BRUIT AVEC MOUSSE \u00c0 M\u00c9MOIRE DE FORME ULTRA-DOUCE \u2014 Les \u00e9couteurs ferm\u00e9s du casque s&#8217;adaptent \u00e0 la forme de votre t\u00eate, cr\u00e9ant une \u00e9tanch\u00e9it\u00e9 parfaite pour \u00e9liminer les distractions, soutenue par un rembourrage moelleux dans un tissu respirant pour un confort total lors de la comp\u00e9tition.<br \/>\n70 HEURES D&#8217;AUTONOMIE DE LA BATTERIE AVEC CHARGE DE TYPE C \u2014 Une seule charge compl\u00e8te du casque offre jusqu&#8217;\u00e0 70 heures d&#8217;autonomie de la batterie, vous permettant d&#8217;avoir un gameplay comp\u00e9titif non-stop avec un temps d&#8217;arr\u00eat minimal.<br \/>\nMARQUE DE P\u00c9RIPH\u00c9RIQUES DE JEU POUR PC LA PLUS VENDUE AUX \u00c9TATS-UNIS \u2014 Source : Circana, Retail Tracking Service, \u00c9tats-Unis, ventes en dollars, souris, claviers et casques PC con\u00e7us pour le jeu, janvier 2019-d\u00e9cembre 2023 combin\u00e9s<br \/>\n\u00c9tat : articles en r\u00e9approvisionnement, peuvent avoir une \u00e9gratignure.<\/p>\n","protected":false},"excerpt":{"rendered":"<p>MICRO RAZER HYPERCLEAR SUPER WIDEBAND \u2014 En couvrant une gamme de fr\u00e9quences sonores plus large, ce micro amovible de nouvelle g\u00e9n\u00e9ration capture une quantit\u00e9 incroyable de d\u00e9tails dans votre voix, de sorte que chaque appel \u00e0 votre \u00e9quipe semble clair, riche et naturel. Imp\u00e9dance : 32 \u03a9. R\u00e9ponse en fr\u00e9quence : 100 Hz \u2013 10 kHz. Directivit\u00e9 : unidirectionnelle.<br \/>\nTRANSMETTEURS RAZER TRIFORCE TITANIUM 50 MM \u2014 Avec des diaphragmes recouverts de titane pour plus de clart\u00e9, notre nouvelle conception exclusive de pointe divise le transducteur en 3 parties pour le r\u00e9glage individuel des aigus, des m\u00e9diums et des graves, produisant un son plus clair et plus lumineux avec des aigus plus riches et des graves plus puissants.<br \/>\nTECHNOLOGIE SANS FIL RAZER HYPERSPEED \u2014 Avec sa connexion sans fil 2,4 GHz \u00e0 la pointe de l&#8217;industrie, profitez d&#8217;un jeu comp\u00e9titif hautes performances et \u00e0 faible latence avec un son parfaitement synchronis\u00e9 avec votre jeu.<br \/>\nPROFILS AUDIO FPS PRO-TUNED \u2014 Adapt\u00e9s \u00e0 certains des meilleurs athl\u00e8tes d&#8217;e-sport au monde, \u00e9coutez comme les pros avec des profils audio FPS sur casque qui fournissent un maximum d&#8217;informations pour un avantage comp\u00e9titif ultime.<br \/>\n\u00c9COUTEURS ISOLANTS DU BRUIT AVEC MOUSSE \u00c0 M\u00c9MOIRE DE FORME ULTRA-DOUCE \u2014 Les \u00e9couteurs ferm\u00e9s du casque s&#8217;adaptent \u00e0 la forme de votre t\u00eate, cr\u00e9ant une \u00e9tanch\u00e9it\u00e9 parfaite pour \u00e9liminer les distractions, soutenue par un rembourrage moelleux dans un tissu respirant pour un confort total lors de la comp\u00e9tition.<br \/>\n70 HEURES D&#8217;AUTONOMIE DE LA BATTERIE AVEC CHARGE DE TYPE C \u2014 Une seule charge compl\u00e8te du casque offre jusqu&#8217;\u00e0 70 heures d&#8217;autonomie de la batterie, vous permettant d&#8217;avoir un gameplay comp\u00e9titif non-stop avec un temps d&#8217;arr\u00eat minimal.<br \/>\nMARQUE DE P\u00c9RIPH\u00c9RIQUES DE JEU POUR PC LA PLUS VENDUE AUX \u00c9TATS-UNIS \u2014 Source : Circana, Retail Tracking Service, \u00c9tats-Unis, ventes en dollars, souris, claviers et casques PC con\u00e7us pour le jeu, janvier 2019-d\u00e9cembre 2023 combin\u00e9s<br \/>\n\u00c9tat : articles en r\u00e9approvisionnement, peuvent avoir une \u00e9gratignure.<\/p>\n","protected":false},"featured_media":25902,"comment_status":"open","ping_status":"closed","template":"","meta":{"iawp_total_views":4},"product_brand":[],"product_cat":[39],"product_tag":[],"class_list":{"0":"post-25932","1":"product","2":"type-product","3":"status-publish","4":"has-post-thumbnail","6":"product_cat-electronics-accessories-fr","8":"first","9":"instock","10":"sale","11":"taxable","12":"shipping-taxable","13":"purchasable","14":"product-type-simple"},"jetpack_sharing_enabled":true,"_links":{"self":[{"href":"https:\/\/www.momengames.com\/index.php\/wp-json\/wp\/v2\/product\/25932","targetHints":{"allow":["GET"]}}],"collection":[{"href":"https:\/\/www.momengames.com\/index.php\/wp-json\/wp\/v2\/product"}],"about":[{"href":"https:\/\/www.momengames.com\/index.php\/wp-json\/wp\/v2\/types\/product"}],"replies":[{"embeddable":true,"href":"https:\/\/www.momengames.com\/index.php\/wp-json\/wp\/v2\/comments?post=25932"}],"wp:featuredmedia":[{"embeddable":true,"href":"https:\/\/www.momengames.com\/index.php\/wp-json\/wp\/v2\/media\/25902"}],"wp:attachment":[{"href":"https:\/\/www.momengames.com\/index.php\/wp-json\/wp\/v2\/media?parent=25932"}],"wp:term":[{"taxonomy":"product_brand","embeddable":true,"href":"https:\/\/www.momengames.com\/index.php\/wp-json\/wp\/v2\/product_brand?post=25932"},{"taxonomy":"product_cat","embeddable":true,"href":"https:\/\/www.momengames.com\/index.php\/wp-json\/wp\/v2\/product_cat?post=25932"},{"taxonomy":"product_tag","embeddable":true,"href":"https:\/\/www.momengames.com\/index.php\/wp-json\/wp\/v2\/product_tag?post=25932"}],"curies":[{"name":"wp","href":"https:\/\/api.w.org\/{rel}","templated":true}]}}