{"id":25931,"date":"2024-09-17T15:28:25","date_gmt":"2024-09-17T15:28:25","guid":{"rendered":"https:\/\/www.momengames.com\/index.php\/product\/manette-de-jeu-sans-fil-razer-wolverine-v2-pro-pour-playstation-5-ps5-pc-hyperspeed-wireless-boutons-daction-meca-tactiles-d-pad-a-micro-interrupteur-a-8-directions-6-bout\/"},"modified":"2024-09-17T15:28:25","modified_gmt":"2024-09-17T15:28:25","slug":"manette-de-jeu-sans-fil-razer-wolverine-v2-pro-pour-playstation-5-ps5-pc-hyperspeed-wireless-boutons-daction-meca-tactiles-d-pad-a-micro-interrupteur-a-8-directions-6-bout","status":"publish","type":"product","link":"https:\/\/www.momengames.com\/index.php\/product\/manette-de-jeu-sans-fil-razer-wolverine-v2-pro-pour-playstation-5-ps5-pc-hyperspeed-wireless-boutons-daction-meca-tactiles-d-pad-a-micro-interrupteur-a-8-directions-6-bout\/?lang=fr","title":{"rendered":"Manette de jeu sans fil Razer Wolverine V2 Pro pour PlayStation 5 \/ PS5 PC : HyperSpeed \u200b\u200bWireless &#8211; Boutons d&#8217;action m\u00e9ca-tactiles &#8211; D-Pad \u00e0 micro-interrupteur \u00e0 8 directions &#8211; 6 boutons remappables &#8211; Chroma RGB &#8211; Blanc"},"content":{"rendered":"<p>BOUTONS D&#8217;ACTION M\u00c9CATACTILES : Avec une distance d&#8217;actionnement plus courte pour des pressions de bouton plus rapides et une tactilit\u00e9 am\u00e9lior\u00e9e pour ressentir chaque entr\u00e9e, le contr\u00f4leur apporte un tout nouveau niveau de vitesse et de coh\u00e9rence au gameplay.<br \/>\nD-PAD \u00c0 MICRO-INTERRUPTEUR \u00c0 8 DIRECTIONS : Ressentez et entendez chaque pression directionnelle lorsque les micro-interrupteurs sont engag\u00e9s, permettant des mouvements pr\u00e9cis et intentionnels lors de combos complexes.<br \/>\nHYPERTRIGGER : Soyez toujours le premier \u00e0 tirer avec des g\u00e2chettes qui peuvent passer d&#8217;une traction mesur\u00e9e et compl\u00e8te \u00e0 des clics rapides comme l&#8217;\u00e9clair.<br \/>\n6 BOUTONS REMAPPARABLES : Associez 4 g\u00e2chettes suppl\u00e9mentaires et 2 pare-chocs personnalis\u00e9s aux commandes pr\u00e9f\u00e9r\u00e9es.<br \/>\nBOUTONS INTERCHANGEABLES : Personnalisez le contr\u00f4leur avec 2 capuchons de joystick suppl\u00e9mentaires.<br \/>\nCHROMA RGB : Gagnez avec le style d&#8217;\u00e9clairage de plus de 16,8 millions de couleurs et une suite d&#8217;effets via l&#8217;application Razer Controller pour iOS et Android.<br \/>\n\u00c9tat : Articles en r\u00e9approvisionnement, peut avoir une \u00e9gratignure.<\/p>\n","protected":false},"excerpt":{"rendered":"<p>BOUTONS D&#8217;ACTION M\u00c9CATACTILES : Avec une distance d&#8217;actionnement plus courte pour des pressions de bouton plus rapides et une tactilit\u00e9 am\u00e9lior\u00e9e pour ressentir chaque entr\u00e9e, le contr\u00f4leur apporte un tout nouveau niveau de vitesse et de coh\u00e9rence au gameplay.<br \/>\nD-PAD \u00c0 MICRO-INTERRUPTEUR \u00c0 8 DIRECTIONS : Ressentez et entendez chaque pression directionnelle lorsque les micro-interrupteurs sont engag\u00e9s, permettant des mouvements pr\u00e9cis et intentionnels lors de combos complexes.<br \/>\nHYPERTRIGGER : Soyez toujours le premier \u00e0 tirer avec des g\u00e2chettes qui peuvent passer d&#8217;une traction mesur\u00e9e et compl\u00e8te \u00e0 des clics rapides comme l&#8217;\u00e9clair.<br \/>\n6 BOUTONS REMAPPARABLES : Associez 4 g\u00e2chettes suppl\u00e9mentaires et 2 pare-chocs personnalis\u00e9s aux commandes pr\u00e9f\u00e9r\u00e9es.<br \/>\nBOUTONS INTERCHANGEABLES : Personnalisez le contr\u00f4leur avec 2 capuchons de joystick suppl\u00e9mentaires.<br \/>\nCHROMA RGB : Gagnez avec le style d&#8217;\u00e9clairage de plus de 16,8 millions de couleurs et une suite d&#8217;effets via l&#8217;application Razer Controller pour iOS et Android.<br \/>\n\u00c9tat : Articles en r\u00e9approvisionnement, peut avoir une \u00e9gratignure.<\/p>\n","protected":false},"featured_media":25906,"comment_status":"open","ping_status":"closed","template":"","meta":{"iawp_total_views":167},"product_brand":[],"product_cat":[40],"product_tag":[],"class_list":{"0":"post-25931","1":"product","2":"type-product","3":"status-publish","4":"has-post-thumbnail","6":"product_cat-pc-gamepads-standard-controllers-fr","8":"first","9":"instock","10":"sale","11":"taxable","12":"shipping-taxable","13":"purchasable","14":"product-type-simple"},"jetpack_sharing_enabled":true,"_links":{"self":[{"href":"https:\/\/www.momengames.com\/index.php\/wp-json\/wp\/v2\/product\/25931","targetHints":{"allow":["GET"]}}],"collection":[{"href":"https:\/\/www.momengames.com\/index.php\/wp-json\/wp\/v2\/product"}],"about":[{"href":"https:\/\/www.momengames.com\/index.php\/wp-json\/wp\/v2\/types\/product"}],"replies":[{"embeddable":true,"href":"https:\/\/www.momengames.com\/index.php\/wp-json\/wp\/v2\/comments?post=25931"}],"wp:featuredmedia":[{"embeddable":true,"href":"https:\/\/www.momengames.com\/index.php\/wp-json\/wp\/v2\/media\/25906"}],"wp:attachment":[{"href":"https:\/\/www.momengames.com\/index.php\/wp-json\/wp\/v2\/media?parent=25931"}],"wp:term":[{"taxonomy":"product_brand","embeddable":true,"href":"https:\/\/www.momengames.com\/index.php\/wp-json\/wp\/v2\/product_brand?post=25931"},{"taxonomy":"product_cat","embeddable":true,"href":"https:\/\/www.momengames.com\/index.php\/wp-json\/wp\/v2\/product_cat?post=25931"},{"taxonomy":"product_tag","embeddable":true,"href":"https:\/\/www.momengames.com\/index.php\/wp-json\/wp\/v2\/product_tag?post=25931"}],"curies":[{"name":"wp","href":"https:\/\/api.w.org\/{rel}","templated":true}]}}