{"id":25930,"date":"2024-09-17T15:33:39","date_gmt":"2024-09-17T15:33:39","guid":{"rendered":"https:\/\/www.momengames.com\/index.php\/product\/casque-de-jeu-sans-fil-razer-kaira-pro-pour-xbox-series-x-s-pilotes-triforce-titanium-50-mm-micro-supercardioide-egaliseur-mobile-dedie-et-appairage-bluetooth-5-0-noir\/"},"modified":"2024-09-17T15:33:39","modified_gmt":"2024-09-17T15:33:39","slug":"casque-de-jeu-sans-fil-razer-kaira-pro-pour-xbox-series-x-s-pilotes-triforce-titanium-50-mm-micro-supercardioide-egaliseur-mobile-dedie-et-appairage-bluetooth-5-0-noir","status":"publish","type":"product","link":"https:\/\/www.momengames.com\/index.php\/product\/casque-de-jeu-sans-fil-razer-kaira-pro-pour-xbox-series-x-s-pilotes-triforce-titanium-50-mm-micro-supercardioide-egaliseur-mobile-dedie-et-appairage-bluetooth-5-0-noir\/?lang=fr","title":{"rendered":"Casque de jeu sans fil Razer Kaira Pro pour Xbox Series X | S : Pilotes TriForce Titanium 50 mm &#8211; Micro supercardio\u00efde \u00c9galiseur mobile d\u00e9di\u00e9 et appairage Bluetooth 5.0 Noir"},"content":{"rendered":"<p>TRANSMISSION TRIFORCE TITANIUM 50MM \u2014 Avec des diaphragmes rev\u00eatus de titane pour plus de clart\u00e9, ces transducteurs de pointe peuvent r\u00e9gler les aigus, les m\u00e9diums et les graves s\u00e9par\u00e9ment, produisant un son plus clair et plus clair avec des aigus plus riches et des basses plus puissantes.<br \/>\nMICRO SUPERCARDIO\u00cfDE HYPERCLEAR \u2014 Avec un excellent rejet du bruit arri\u00e8re et lat\u00e9ral, le micro amovible de 9,9 mm a \u00e9galement une r\u00e9ponse sensible aux basses fr\u00e9quences, soutenue par la surveillance du micro et l&#8217;\u00e9quilibre jeu\/chat pour garantir des niveaux optimaux.<br \/>\nMICRO MOBILE D\u00c9DI\u00c9 \u2014 Cach\u00e9 dans le casque se trouve un deuxi\u00e8me micro qui fonctionne sans le MICRO CARDIO\u00cfDE HYPERCLEAR pour une communication pratique en d\u00e9placement ou pour r\u00e9pondre aux appels.<br \/>\nCOUSSINS D&#8217;OREILLE EN MOUSSE \u00c0 M\u00c9MOIRE DE FORME RESPIRANT \u2014 Utilisant un tissage en tissu qui ne retient pas la chaleur, le casque est doux pour les oreilles, tandis que son bandeau rembourr\u00e9 doux offre encore plus de confort pour rester en pleine forme pendant les marathons de jeu.<br \/>\nBOUTON DE COUPLAGE \u00c9GALISEUR ET XBOX \u2014 Appuyez deux fois pour parcourir 4 param\u00e8tres d&#8217;\u00e9galisation, tels que le mode FPS qui am\u00e9liore l&#8217;audio du jeu comme les pas des ennemis, et le mode Basse pour amplifier les sons \u00e0 basse fr\u00e9quence \/ maintenez une fois pour connecter le casque \u00e0 la console.<br \/>\nCON\u00c7U POUR XBOX \u2014 Sous licence officielle et d\u00e9velopp\u00e9 en collaboration avec Xbox pour offrir la meilleure exp\u00e9rience de jeu possible.<br \/>\n\u00c9tat : articles en r\u00e9approvisionnement, peut avoir une \u00e9gratignure.<\/p>\n","protected":false},"excerpt":{"rendered":"<p>TRANSMISSION TRIFORCE TITANIUM 50MM \u2014 Avec des diaphragmes rev\u00eatus de titane pour plus de clart\u00e9, ces transducteurs de pointe peuvent r\u00e9gler les aigus, les m\u00e9diums et les graves s\u00e9par\u00e9ment, produisant un son plus clair et plus clair avec des aigus plus riches et des basses plus puissantes.<br \/>\nMICRO SUPERCARDIO\u00cfDE HYPERCLEAR \u2014 Avec un excellent rejet du bruit arri\u00e8re et lat\u00e9ral, le micro amovible de 9,9 mm a \u00e9galement une r\u00e9ponse sensible aux basses fr\u00e9quences, soutenue par la surveillance du micro et l&#8217;\u00e9quilibre jeu\/chat pour garantir des niveaux optimaux.<br \/>\nMICRO MOBILE D\u00c9DI\u00c9 \u2014 Cach\u00e9 dans le casque se trouve un deuxi\u00e8me micro qui fonctionne sans le MICRO CARDIO\u00cfDE HYPERCLEAR pour une communication pratique en d\u00e9placement ou pour r\u00e9pondre aux appels.<br \/>\nCOUSSINS D&#8217;OREILLE EN MOUSSE \u00c0 M\u00c9MOIRE DE FORME RESPIRANT \u2014 Utilisant un tissage en tissu qui ne retient pas la chaleur, le casque est doux pour les oreilles, tandis que son bandeau rembourr\u00e9 doux offre encore plus de confort pour rester en pleine forme pendant les marathons de jeu.<br \/>\nBOUTON DE COUPLAGE \u00c9GALISEUR ET XBOX \u2014 Appuyez deux fois pour parcourir 4 param\u00e8tres d&#8217;\u00e9galisation, tels que le mode FPS qui am\u00e9liore l&#8217;audio du jeu comme les pas des ennemis, et le mode Basse pour amplifier les sons \u00e0 basse fr\u00e9quence \/ maintenez une fois pour connecter le casque \u00e0 la console.<br \/>\nCON\u00c7U POUR XBOX \u2014 Sous licence officielle et d\u00e9velopp\u00e9 en collaboration avec Xbox pour offrir la meilleure exp\u00e9rience de jeu possible.<br \/>\n\u00c9tat : articles en r\u00e9approvisionnement, peut avoir une \u00e9gratignure.<\/p>\n","protected":false},"featured_media":25910,"comment_status":"open","ping_status":"closed","template":"","meta":{"iawp_total_views":14},"product_brand":[],"product_cat":[39],"product_tag":[],"class_list":{"0":"post-25930","1":"product","2":"type-product","3":"status-publish","4":"has-post-thumbnail","6":"product_cat-electronics-accessories-fr","8":"first","9":"instock","10":"sale","11":"taxable","12":"shipping-taxable","13":"purchasable","14":"product-type-simple"},"jetpack_sharing_enabled":true,"_links":{"self":[{"href":"https:\/\/www.momengames.com\/index.php\/wp-json\/wp\/v2\/product\/25930","targetHints":{"allow":["GET"]}}],"collection":[{"href":"https:\/\/www.momengames.com\/index.php\/wp-json\/wp\/v2\/product"}],"about":[{"href":"https:\/\/www.momengames.com\/index.php\/wp-json\/wp\/v2\/types\/product"}],"replies":[{"embeddable":true,"href":"https:\/\/www.momengames.com\/index.php\/wp-json\/wp\/v2\/comments?post=25930"}],"wp:featuredmedia":[{"embeddable":true,"href":"https:\/\/www.momengames.com\/index.php\/wp-json\/wp\/v2\/media\/25910"}],"wp:attachment":[{"href":"https:\/\/www.momengames.com\/index.php\/wp-json\/wp\/v2\/media?parent=25930"}],"wp:term":[{"taxonomy":"product_brand","embeddable":true,"href":"https:\/\/www.momengames.com\/index.php\/wp-json\/wp\/v2\/product_brand?post=25930"},{"taxonomy":"product_cat","embeddable":true,"href":"https:\/\/www.momengames.com\/index.php\/wp-json\/wp\/v2\/product_cat?post=25930"},{"taxonomy":"product_tag","embeddable":true,"href":"https:\/\/www.momengames.com\/index.php\/wp-json\/wp\/v2\/product_tag?post=25930"}],"curies":[{"name":"wp","href":"https:\/\/api.w.org\/{rel}","templated":true}]}}