{"id":25929,"date":"2024-09-17T16:00:05","date_gmt":"2024-09-17T16:00:05","guid":{"rendered":"https:\/\/www.momengames.com\/index.php\/product\/casque-de-jeu-sans-fil-razer-nari-ultimate-avec-son-surround-7-1-retour-haptique-hypersense-bandeau-a-reglage-automatique-micro-retractable-pour-xbox-series-x-et-s-xbox-one-noir-vert\/"},"modified":"2024-09-17T16:00:05","modified_gmt":"2024-09-17T16:00:05","slug":"casque-de-jeu-sans-fil-razer-nari-ultimate-avec-son-surround-7-1-retour-haptique-hypersense-bandeau-a-reglage-automatique-micro-retractable-pour-xbox-series-x-et-s-xbox-one-noir-vert","status":"publish","type":"product","link":"https:\/\/www.momengames.com\/index.php\/product\/casque-de-jeu-sans-fil-razer-nari-ultimate-avec-son-surround-7-1-retour-haptique-hypersense-bandeau-a-reglage-automatique-micro-retractable-pour-xbox-series-x-et-s-xbox-one-noir-vert\/?lang=fr","title":{"rendered":"Casque de jeu sans fil Razer Nari Ultimate avec son surround 7.1 : retour haptique HyperSense &#8211; Bandeau \u00e0 r\u00e9glage automatique &#8211; Micro r\u00e9tractable &#8211; pour Xbox Series X et S, Xbox One &#8211; Noir\/Vert"},"content":{"rendered":"<p>Le fabricant de p\u00e9riph\u00e9riques de jeu le plus vendu aux \u00c9tats-Unis : Source &#8211; The NPD Group, Inc. Service de suivi de vente au d\u00e9tail aux \u00c9tats-Unis, claviers, souris, casque PC\/microphone PC, con\u00e7u pour le jeu, bas\u00e9 sur les ventes en dollars, 2017-2021.<br \/>\nCompatibilit\u00e9 : sans fil uniquement &#8211; prise en charge native de la connexion sans fil avec Xbox One (aucun r\u00e9cepteur requis) ; compatible PC via l&#8217;adaptateur sans fil Microsoft (non inclus).<br \/>\nRazer Hypersense Haptic Feedback pour une immersion in\u00e9gal\u00e9e : offre un r\u00e9alisme audio de pointe pour une immersion intense dans le jeu et une pr\u00e9cision de position associ\u00e9e au son surround Windows Sonic 7.1.<br \/>\nBandeau l\u00e9ger et \u00e0 r\u00e9glage automatique pour des sessions de jeu prolong\u00e9es : le Nari Ultimate pour Xbox One s&#8217;adapte \u00e0 la forme de la t\u00eate de l&#8217;utilisateur pour un confort pratique.<br \/>\nMicro r\u00e9tractable avec r\u00e9glage audio : r\u00e9glez l&#8217;\u00e9quilibre jeu\/chat pour un m\u00e9lange parfait d&#8217;audio de jeu et de communication d&#8217;\u00e9quipe ; comprend \u00e9galement une molette de r\u00e9glage du volume et un bouton de coupure du micro directement sur le casque.<br \/>\nCoussinets en tissu doux avec gel rafra\u00eechissant : r\u00e9duit l&#8217;accumulation de chaleur tout en offrant confort et isolation sonore pour des heures de confort.<br \/>\nAutonomie de la batterie jusqu&#8217;\u00e0 20 heures : dure 20 heures avec Hypersense d\u00e9sactiv\u00e9, jusqu&#8217;\u00e0 6 heures activ\u00e9.<br \/>\n\u00c9tat : articles en r\u00e9approvisionnement, peut avoir une \u00e9gratignure.<\/p>\n","protected":false},"excerpt":{"rendered":"<p>Le fabricant de p\u00e9riph\u00e9riques de jeu le plus vendu aux \u00c9tats-Unis : Source &#8211; The NPD Group, Inc. Service de suivi de vente au d\u00e9tail aux \u00c9tats-Unis, claviers, souris, casque PC\/microphone PC, con\u00e7u pour le jeu, bas\u00e9 sur les ventes en dollars, 2017-2021.<br \/>\nCompatibilit\u00e9 : sans fil uniquement &#8211; prise en charge native de la connexion sans fil avec Xbox One (aucun r\u00e9cepteur requis) ; compatible PC via l&#8217;adaptateur sans fil Microsoft (non inclus).<br \/>\nRazer Hypersense Haptic Feedback pour une immersion in\u00e9gal\u00e9e : offre un r\u00e9alisme audio de pointe pour une immersion intense dans le jeu et une pr\u00e9cision de position associ\u00e9e au son surround Windows Sonic 7.1.<br \/>\nBandeau l\u00e9ger et \u00e0 r\u00e9glage automatique pour des sessions de jeu prolong\u00e9es : le Nari Ultimate pour Xbox One s&#8217;adapte \u00e0 la forme de la t\u00eate de l&#8217;utilisateur pour un confort pratique.<br \/>\nMicro r\u00e9tractable avec r\u00e9glage audio : r\u00e9glez l&#8217;\u00e9quilibre jeu\/chat pour un m\u00e9lange parfait d&#8217;audio de jeu et de communication d&#8217;\u00e9quipe ; comprend \u00e9galement une molette de r\u00e9glage du volume et un bouton de coupure du micro directement sur le casque.<br \/>\nCoussinets en tissu doux avec gel rafra\u00eechissant : r\u00e9duit l&#8217;accumulation de chaleur tout en offrant confort et isolation sonore pour des heures de confort.<br \/>\nAutonomie de la batterie jusqu&#8217;\u00e0 20 heures : dure 20 heures avec Hypersense d\u00e9sactiv\u00e9, jusqu&#8217;\u00e0 6 heures activ\u00e9.<br \/>\n\u00c9tat : articles en r\u00e9approvisionnement, peut avoir une \u00e9gratignure.<\/p>\n","protected":false},"featured_media":25914,"comment_status":"open","ping_status":"closed","template":"","meta":{"iawp_total_views":371},"product_brand":[],"product_cat":[39],"product_tag":[],"class_list":{"0":"post-25929","1":"product","2":"type-product","3":"status-publish","4":"has-post-thumbnail","6":"product_cat-electronics-accessories-fr","8":"first","9":"instock","10":"sale","11":"taxable","12":"shipping-taxable","13":"purchasable","14":"product-type-simple"},"jetpack_sharing_enabled":true,"_links":{"self":[{"href":"https:\/\/www.momengames.com\/index.php\/wp-json\/wp\/v2\/product\/25929","targetHints":{"allow":["GET"]}}],"collection":[{"href":"https:\/\/www.momengames.com\/index.php\/wp-json\/wp\/v2\/product"}],"about":[{"href":"https:\/\/www.momengames.com\/index.php\/wp-json\/wp\/v2\/types\/product"}],"replies":[{"embeddable":true,"href":"https:\/\/www.momengames.com\/index.php\/wp-json\/wp\/v2\/comments?post=25929"}],"wp:featuredmedia":[{"embeddable":true,"href":"https:\/\/www.momengames.com\/index.php\/wp-json\/wp\/v2\/media\/25914"}],"wp:attachment":[{"href":"https:\/\/www.momengames.com\/index.php\/wp-json\/wp\/v2\/media?parent=25929"}],"wp:term":[{"taxonomy":"product_brand","embeddable":true,"href":"https:\/\/www.momengames.com\/index.php\/wp-json\/wp\/v2\/product_brand?post=25929"},{"taxonomy":"product_cat","embeddable":true,"href":"https:\/\/www.momengames.com\/index.php\/wp-json\/wp\/v2\/product_cat?post=25929"},{"taxonomy":"product_tag","embeddable":true,"href":"https:\/\/www.momengames.com\/index.php\/wp-json\/wp\/v2\/product_tag?post=25929"}],"curies":[{"name":"wp","href":"https:\/\/api.w.org\/{rel}","templated":true}]}}