{"id":25928,"date":"2024-09-17T16:00:05","date_gmt":"2024-09-17T16:00:05","guid":{"rendered":"https:\/\/www.momengames.com\/index.php\/product\/razer-nari-ultimate-wireless-7-1-surround-sound-gaming-headset-hypersense-haptic-feedback-automatisch-anpassbarer-kopfbuegel-einziehbares-mikrofon-fuer-xbox-series-x-s\/"},"modified":"2025-09-25T03:05:16","modified_gmt":"2025-09-25T03:05:16","slug":"razer-nari-ultimate-wireless-7-1-surround-sound-gaming-headset-hypersense-haptic-feedback-automatisch-anpassbarer-kopfbuegel-einziehbares-mikrofon-fuer-xbox-series-x-s","status":"publish","type":"product","link":"https:\/\/www.momengames.com\/index.php\/product\/razer-nari-ultimate-wireless-7-1-surround-sound-gaming-headset-hypersense-haptic-feedback-automatisch-anpassbarer-kopfbuegel-einziehbares-mikrofon-fuer-xbox-series-x-s\/?lang=de","title":{"rendered":"Razer Nari Ultimate Wireless 7.1 Surround Sound Gaming-Headset: HyperSense Haptic Feedback \u2013 Kopfb\u00fcgel mit automatischer Anpassung \u2013 Einziehbares Mikrofon \u2013 Schwarz\/Gr\u00fcn"},"content":{"rendered":"<p>Der meistverkaufte Hersteller von Gaming-Peripherieger\u00e4ten in den USA: Quelle \u2013 The NPD Group, Inc. U.S. Retail Tracking Service, Tastaturen, M\u00e4use, PC-Headset\/PC-Mikrofon, Gaming-Design, basierend auf Dollarums\u00e4tzen, 2017\u20132021.<br \/>\nKompatibilit\u00e4t: Nur kabellos \u2013 native Unterst\u00fctzung f\u00fcr kabellose Verbindung mit Xbox One (kein Empf\u00e4nger erforderlich); PC-kompatibel \u00fcber Microsoft Wireless Adapter (nicht im Lieferumfang enthalten).<br \/>\nHaptisches Feedback von Razer Hypersense f\u00fcr beispiellose Immersion: Bietet branchenf\u00fchrenden Audiorealismus f\u00fcr intensives Eintauchen ins Spiel und Positionsgenauigkeit in Verbindung mit Windows Sonic 7.1-Surround-Sound.<br \/>\nLeichter und automatisch anpassbarer Kopfb\u00fcgel f\u00fcr ausgedehnte Gaming-Sessions: Das Nari Ultimate f\u00fcr Xbox One passt sich der Kopfform des Benutzers an und sorgt so f\u00fcr bequemen Komfort.<br \/>\nEinziehbares Mikrofon mit Audioanpassung: Stimmen Sie die Balance zwischen Spiel und Chat ab, um die perfekte Mischung aus Spielaudio und Teamkommunikation zu erhalten; enth\u00e4lt au\u00dferdem ein Lautst\u00e4rkeregler und eine Mikrofon-Stummschalttaste direkt am Headset.<br \/>\nWeiche Stoffpolster mit K\u00fchlgel: Reduzieren den Hitzestau und sorgen gleichzeitig f\u00fcr Komfort und Schallisolierung f\u00fcr stundenlangen Komfort.<br \/>\nBis zu 20 Stunden Akkulaufzeit: H\u00e4lt 20 Stunden mit deaktiviertem Hypersense, bis zu 6 Stunden mit aktiviertem.<br \/>\nZustand: Artikel werden wieder aufgef\u00fcllt, k\u00f6nnen Kratzer aufweisen.<\/p>\n","protected":false},"excerpt":{"rendered":"<p>Der meistverkaufte Hersteller von Gaming-Peripherieger\u00e4ten in den USA: Quelle \u2013 The NPD Group, Inc. U.S. Retail Tracking Service, Tastaturen, M\u00e4use, PC-Headset\/PC-Mikrofon, Gaming-Design, basierend auf Dollarums\u00e4tzen, 2017\u20132021.<br \/>\nKompatibilit\u00e4t: Nur kabellos \u2013 native Unterst\u00fctzung f\u00fcr kabellose Verbindung mit Xbox One (kein Empf\u00e4nger erforderlich); PC-kompatibel \u00fcber Microsoft Wireless Adapter (nicht im Lieferumfang enthalten).<br \/>\nHaptisches Feedback von Razer Hypersense f\u00fcr beispiellose Immersion: Bietet branchenf\u00fchrenden Audiorealismus f\u00fcr intensives Eintauchen ins Spiel und Positionsgenauigkeit in Verbindung mit Windows Sonic 7.1-Surround-Sound.<br \/>\nLeichter und automatisch anpassbarer Kopfb\u00fcgel f\u00fcr ausgedehnte Gaming-Sessions: Das Nari Ultimate f\u00fcr Xbox One passt sich der Kopfform des Benutzers an und sorgt so f\u00fcr bequemen Komfort.<br \/>\nEinziehbares Mikrofon mit Audioanpassung: Stimmen Sie die Balance zwischen Spiel und Chat ab, um die perfekte Mischung aus Spielaudio und Teamkommunikation zu erhalten; enth\u00e4lt au\u00dferdem ein Lautst\u00e4rkeregler und eine Mikrofon-Stummschalttaste direkt am Headset.<br \/>\nWeiche Stoffpolster mit K\u00fchlgel: Reduzieren den Hitzestau und sorgen gleichzeitig f\u00fcr Komfort und Schallisolierung f\u00fcr stundenlangen Komfort.<br \/>\nBis zu 20 Stunden Akkulaufzeit: H\u00e4lt 20 Stunden mit deaktiviertem Hypersense, bis zu 6 Stunden mit aktiviertem.<br \/>\nZustand: Artikel werden wieder aufgef\u00fcllt, k\u00f6nnen Kratzer aufweisen.<\/p>\n","protected":false},"featured_media":25915,"comment_status":"open","ping_status":"closed","template":"","meta":{"iawp_total_views":224},"product_brand":[],"product_cat":[24],"product_tag":[],"class_list":{"0":"post-25928","1":"product","2":"type-product","3":"status-publish","4":"has-post-thumbnail","6":"product_cat-electronics-accessories-de","8":"first","9":"instock","10":"sale","11":"taxable","12":"shipping-taxable","13":"purchasable","14":"product-type-simple"},"jetpack_sharing_enabled":true,"_links":{"self":[{"href":"https:\/\/www.momengames.com\/index.php\/wp-json\/wp\/v2\/product\/25928","targetHints":{"allow":["GET"]}}],"collection":[{"href":"https:\/\/www.momengames.com\/index.php\/wp-json\/wp\/v2\/product"}],"about":[{"href":"https:\/\/www.momengames.com\/index.php\/wp-json\/wp\/v2\/types\/product"}],"replies":[{"embeddable":true,"href":"https:\/\/www.momengames.com\/index.php\/wp-json\/wp\/v2\/comments?post=25928"}],"wp:featuredmedia":[{"embeddable":true,"href":"https:\/\/www.momengames.com\/index.php\/wp-json\/wp\/v2\/media\/25915"}],"wp:attachment":[{"href":"https:\/\/www.momengames.com\/index.php\/wp-json\/wp\/v2\/media?parent=25928"}],"wp:term":[{"taxonomy":"product_brand","embeddable":true,"href":"https:\/\/www.momengames.com\/index.php\/wp-json\/wp\/v2\/product_brand?post=25928"},{"taxonomy":"product_cat","embeddable":true,"href":"https:\/\/www.momengames.com\/index.php\/wp-json\/wp\/v2\/product_cat?post=25928"},{"taxonomy":"product_tag","embeddable":true,"href":"https:\/\/www.momengames.com\/index.php\/wp-json\/wp\/v2\/product_tag?post=25928"}],"curies":[{"name":"wp","href":"https:\/\/api.w.org\/{rel}","templated":true}]}}