{"id":25927,"date":"2024-09-17T15:33:39","date_gmt":"2024-09-17T15:33:39","guid":{"rendered":"https:\/\/www.momengames.com\/index.php\/product\/kabelloses-gaming-headset-razer-kaira-pro-fuer-xbox-series-x-s-triforce-titanium-50-mm-treiber-supernierenmikrofon-dedizierter-mobiler-eq-und-kopplung-mit-bluetooth-5-0-schwarz\/"},"modified":"2024-09-17T15:33:39","modified_gmt":"2024-09-17T15:33:39","slug":"kabelloses-gaming-headset-razer-kaira-pro-fuer-xbox-series-x-s-triforce-titanium-50-mm-treiber-supernierenmikrofon-dedizierter-mobiler-eq-und-kopplung-mit-bluetooth-5-0-schwarz","status":"publish","type":"product","link":"https:\/\/www.momengames.com\/index.php\/product\/kabelloses-gaming-headset-razer-kaira-pro-fuer-xbox-series-x-s-triforce-titanium-50-mm-treiber-supernierenmikrofon-dedizierter-mobiler-eq-und-kopplung-mit-bluetooth-5-0-schwarz\/?lang=de","title":{"rendered":"Kabelloses Gaming-Headset Razer Kaira Pro f\u00fcr Xbox Series X | S: TriForce Titanium 50-mm-Treiber \u2013 Supernierenmikrofon, dedizierter mobiler EQ und Kopplung mit Bluetooth 5.0, Schwarz"},"content":{"rendered":"<p>TRIFORCE TITANIUM 50-MM-TREIBER \u2013 Mit titanbeschichteten Membranen f\u00fcr zus\u00e4tzliche Klarheit k\u00f6nnen diese hochmodernen Treiber H\u00f6hen, Mitten und Tiefen separat abstimmen \u2013 und erzeugen so einen helleren, klareren Klang mit satteren H\u00f6hen und kr\u00e4ftigeren B\u00e4ssen.<br \/>\nHYPERCLEAR SUPERCARDIOID-MIKROFON \u2013 Mit hervorragender Unterdr\u00fcckung von R\u00fcck- und Seitenger\u00e4uschen verf\u00fcgt das abnehmbare 9,9-mm-Mikrofon auch \u00fcber eine empfindliche Niederfrequenzantwort \u2013 unterst\u00fctzt durch Mikrofon\u00fcberwachung und Spiel-\/Chat-Balance, um optimale Pegel zu gew\u00e4hrleisten.<br \/>\nSPEZIELLES MOBILMIKROFON \u2013 Im Headset ist ein zweites Mikrofon versteckt, das ohne das HYPERCLEAR CARDIOID-MIKROFON funktioniert, um unterwegs bequem zu kommunizieren oder Anrufe anzunehmen.<br \/>\nATMUNGSAKTIVE OHRPOLSTER AUS MEMORY-SCHAUM \u2013 Durch die Verwendung eines Gewebegewebes, das keine W\u00e4rme staut, liegt das Headset angenehm in den Ohren, w\u00e4hrend sein weich gepolsterter Kopfb\u00fcgel noch mehr Komfort bietet, um bei Gaming-Marathons in H\u00f6chstform zu bleiben.<br \/>\nEQ- UND XBOX-PAIRING-TASTE \u2013 Tippen Sie zweimal, um durch 4 EQ-Einstellungen zu bl\u00e4ttern \u2013 wie den FPS-Modus, der den In-Game-Sound wie die Schritte der Feinde verbessert, und den Bass-Modus, um niederfrequente T\u00f6ne zu verst\u00e4rken \/ einmal gedr\u00fcckt halten, um das Headset mit der Konsole zu verbinden.<br \/>\nENTWICKELT F\u00dcR XBOX \u2013 Offiziell lizenziert und zusammen mit Xbox entwickelt, um das bestm\u00f6gliche Gaming-Erlebnis zu bieten.<br \/>\nZustand: Artikel werden wieder aufgef\u00fcllt, k\u00f6nnen Kratzer aufweisen.<\/p>\n","protected":false},"excerpt":{"rendered":"<p>TRIFORCE TITANIUM 50-MM-TREIBER \u2013 Mit titanbeschichteten Membranen f\u00fcr zus\u00e4tzliche Klarheit k\u00f6nnen diese hochmodernen Treiber H\u00f6hen, Mitten und Tiefen separat abstimmen \u2013 und erzeugen so einen helleren, klareren Klang mit satteren H\u00f6hen und kr\u00e4ftigeren B\u00e4ssen.<br \/>\nHYPERCLEAR SUPERCARDIOID-MIKROFON \u2013 Mit hervorragender Unterdr\u00fcckung von R\u00fcck- und Seitenger\u00e4uschen verf\u00fcgt das abnehmbare 9,9-mm-Mikrofon auch \u00fcber eine empfindliche Niederfrequenzantwort \u2013 unterst\u00fctzt durch Mikrofon\u00fcberwachung und Spiel-\/Chat-Balance, um optimale Pegel zu gew\u00e4hrleisten.<br \/>\nSPEZIELLES MOBILMIKROFON \u2013 Im Headset ist ein zweites Mikrofon versteckt, das ohne das HYPERCLEAR CARDIOID-MIKROFON funktioniert, um unterwegs bequem zu kommunizieren oder Anrufe anzunehmen.<br \/>\nATMUNGSAKTIVE OHRPOLSTER AUS MEMORY-SCHAUM \u2013 Durch die Verwendung eines Gewebegewebes, das keine W\u00e4rme staut, liegt das Headset angenehm in den Ohren, w\u00e4hrend sein weich gepolsterter Kopfb\u00fcgel noch mehr Komfort bietet, um bei Gaming-Marathons in H\u00f6chstform zu bleiben.<br \/>\nEQ- UND XBOX-PAIRING-TASTE \u2013 Tippen Sie zweimal, um durch 4 EQ-Einstellungen zu bl\u00e4ttern \u2013 wie den FPS-Modus, der den In-Game-Sound wie die Schritte der Feinde verbessert, und den Bass-Modus, um niederfrequente T\u00f6ne zu verst\u00e4rken \/ einmal gedr\u00fcckt halten, um das Headset mit der Konsole zu verbinden.<br \/>\nENTWICKELT F\u00dcR XBOX \u2013 Offiziell lizenziert und zusammen mit Xbox entwickelt, um das bestm\u00f6gliche Gaming-Erlebnis zu bieten.<br \/>\nZustand: Artikel werden wieder aufgef\u00fcllt, k\u00f6nnen Kratzer aufweisen.<\/p>\n","protected":false},"featured_media":25911,"comment_status":"open","ping_status":"closed","template":"","meta":{"iawp_total_views":2},"product_brand":[],"product_cat":[24],"product_tag":[],"class_list":{"0":"post-25927","1":"product","2":"type-product","3":"status-publish","4":"has-post-thumbnail","6":"product_cat-electronics-accessories-de","8":"first","9":"instock","10":"sale","11":"taxable","12":"shipping-taxable","13":"purchasable","14":"product-type-simple"},"jetpack_sharing_enabled":true,"_links":{"self":[{"href":"https:\/\/www.momengames.com\/index.php\/wp-json\/wp\/v2\/product\/25927","targetHints":{"allow":["GET"]}}],"collection":[{"href":"https:\/\/www.momengames.com\/index.php\/wp-json\/wp\/v2\/product"}],"about":[{"href":"https:\/\/www.momengames.com\/index.php\/wp-json\/wp\/v2\/types\/product"}],"replies":[{"embeddable":true,"href":"https:\/\/www.momengames.com\/index.php\/wp-json\/wp\/v2\/comments?post=25927"}],"wp:featuredmedia":[{"embeddable":true,"href":"https:\/\/www.momengames.com\/index.php\/wp-json\/wp\/v2\/media\/25911"}],"wp:attachment":[{"href":"https:\/\/www.momengames.com\/index.php\/wp-json\/wp\/v2\/media?parent=25927"}],"wp:term":[{"taxonomy":"product_brand","embeddable":true,"href":"https:\/\/www.momengames.com\/index.php\/wp-json\/wp\/v2\/product_brand?post=25927"},{"taxonomy":"product_cat","embeddable":true,"href":"https:\/\/www.momengames.com\/index.php\/wp-json\/wp\/v2\/product_cat?post=25927"},{"taxonomy":"product_tag","embeddable":true,"href":"https:\/\/www.momengames.com\/index.php\/wp-json\/wp\/v2\/product_tag?post=25927"}],"curies":[{"name":"wp","href":"https:\/\/api.w.org\/{rel}","templated":true}]}}