{"id":25926,"date":"2024-09-17T15:28:25","date_gmt":"2024-09-17T15:28:25","guid":{"rendered":"https:\/\/www.momengames.com\/index.php\/product\/razer-wolverine-v2-pro-kabelloser-gaming-controller-fuer-playstation-5-ps5-pc-hyperspeed-wireless-mecha-taktile-aktionstasten-8-wege-mikroschalter-steuerkreuz\/"},"modified":"2024-09-17T15:28:25","modified_gmt":"2024-09-17T15:28:25","slug":"razer-wolverine-v2-pro-kabelloser-gaming-controller-fuer-playstation-5-ps5-pc-hyperspeed-wireless-mecha-taktile-aktionstasten-8-wege-mikroschalter-steuerkreuz","status":"publish","type":"product","link":"https:\/\/www.momengames.com\/index.php\/product\/razer-wolverine-v2-pro-kabelloser-gaming-controller-fuer-playstation-5-ps5-pc-hyperspeed-wireless-mecha-taktile-aktionstasten-8-wege-mikroschalter-steuerkreuz\/?lang=de","title":{"rendered":"Razer Wolverine V2 Pro Kabelloser Gaming-Controller f\u00fcr PlayStation 5 \/ PS5 PC: HyperSpeed \u200b\u200bWireless \u2013 Mecha-taktile Aktionstasten \u2013 8-Wege-Mikroschalter-Steuerkreuz \u2013 6 neu belegbare Tasten \u2013 Chroma RGB \u2013 Wei\u00df"},"content":{"rendered":"<p>MECHA-TAKTILE AKTIONSTASTEN: Mit einer k\u00fcrzeren Bet\u00e4tigungsdistanz f\u00fcr schnellere Tastendr\u00fccke und verbesserter Taktilit\u00e4t, um jede Eingabe zu sp\u00fcren, bringt der Controller ein ganz neues Ma\u00df an Geschwindigkeit und Konsistenz ins Gameplay.<br \/>\n8-WEGE-MIKROSCHALTER-STEUERPAD: Sp\u00fcren und h\u00f6ren Sie jeden einzelnen Richtungsdruck, wenn Mikroschalter aktiviert werden, was genaue und gezielte Bewegungen bei komplizierten Combos erm\u00f6glicht.<br \/>\nHYPERTRIGGER: Feuern Sie immer zuerst mit Triggern, die von gemessenen, vollfl\u00e4chigen Z\u00fcgen zu blitzschnellen Klicks wechseln k\u00f6nnen.<br \/>\n6 NEU ZUORDNBARE TASTEN: Ordnen Sie 4 zus\u00e4tzliche Trigger und 2 benutzerdefinierte Sto\u00dff\u00e4nger bevorzugten Befehlen zu.<br \/>\nAUSTAUSCHBARE DAUMENSTICKS: Passen Sie den Controller mit 2 zus\u00e4tzlichen Daumenstickkappen an.<br \/>\nCHROMA RGB: Gewinnen Sie mit dem Beleuchtungsstil aus \u00fcber 16,8 Millionen Farben und einer Reihe von Effekten \u00fcber die Razer Controller-App f\u00fcr iOS und Android.<br \/>\nZustand: Artikel werden wieder aufgef\u00fcllt, k\u00f6nnen einen Kratzer aufweisen.<\/p>\n","protected":false},"excerpt":{"rendered":"<p>MECHA-TAKTILE AKTIONSTASTEN: Mit einer k\u00fcrzeren Bet\u00e4tigungsdistanz f\u00fcr schnellere Tastendr\u00fccke und verbesserter Taktilit\u00e4t, um jede Eingabe zu sp\u00fcren, bringt der Controller ein ganz neues Ma\u00df an Geschwindigkeit und Konsistenz ins Gameplay.<br \/>\n8-WEGE-MIKROSCHALTER-STEUERPAD: Sp\u00fcren und h\u00f6ren Sie jeden einzelnen Richtungsdruck, wenn Mikroschalter aktiviert werden, was genaue und gezielte Bewegungen bei komplizierten Combos erm\u00f6glicht.<br \/>\nHYPERTRIGGER: Feuern Sie immer zuerst mit Triggern, die von gemessenen, vollfl\u00e4chigen Z\u00fcgen zu blitzschnellen Klicks wechseln k\u00f6nnen.<br \/>\n6 NEU ZUORDNBARE TASTEN: Ordnen Sie 4 zus\u00e4tzliche Trigger und 2 benutzerdefinierte Sto\u00dff\u00e4nger bevorzugten Befehlen zu.<br \/>\nAUSTAUSCHBARE DAUMENSTICKS: Passen Sie den Controller mit 2 zus\u00e4tzlichen Daumenstickkappen an.<br \/>\nCHROMA RGB: Gewinnen Sie mit dem Beleuchtungsstil aus \u00fcber 16,8 Millionen Farben und einer Reihe von Effekten \u00fcber die Razer Controller-App f\u00fcr iOS und Android.<br \/>\nZustand: Artikel werden wieder aufgef\u00fcllt, k\u00f6nnen einen Kratzer aufweisen.<\/p>\n","protected":false},"featured_media":25907,"comment_status":"open","ping_status":"closed","template":"","meta":{"iawp_total_views":1},"product_brand":[],"product_cat":[25],"product_tag":[],"class_list":{"0":"post-25926","1":"product","2":"type-product","3":"status-publish","4":"has-post-thumbnail","6":"product_cat-pc-gamepads-standard-controllers-de","8":"first","9":"instock","10":"sale","11":"taxable","12":"shipping-taxable","13":"purchasable","14":"product-type-simple"},"jetpack_sharing_enabled":true,"_links":{"self":[{"href":"https:\/\/www.momengames.com\/index.php\/wp-json\/wp\/v2\/product\/25926","targetHints":{"allow":["GET"]}}],"collection":[{"href":"https:\/\/www.momengames.com\/index.php\/wp-json\/wp\/v2\/product"}],"about":[{"href":"https:\/\/www.momengames.com\/index.php\/wp-json\/wp\/v2\/types\/product"}],"replies":[{"embeddable":true,"href":"https:\/\/www.momengames.com\/index.php\/wp-json\/wp\/v2\/comments?post=25926"}],"wp:featuredmedia":[{"embeddable":true,"href":"https:\/\/www.momengames.com\/index.php\/wp-json\/wp\/v2\/media\/25907"}],"wp:attachment":[{"href":"https:\/\/www.momengames.com\/index.php\/wp-json\/wp\/v2\/media?parent=25926"}],"wp:term":[{"taxonomy":"product_brand","embeddable":true,"href":"https:\/\/www.momengames.com\/index.php\/wp-json\/wp\/v2\/product_brand?post=25926"},{"taxonomy":"product_cat","embeddable":true,"href":"https:\/\/www.momengames.com\/index.php\/wp-json\/wp\/v2\/product_cat?post=25926"},{"taxonomy":"product_tag","embeddable":true,"href":"https:\/\/www.momengames.com\/index.php\/wp-json\/wp\/v2\/product_tag?post=25926"}],"curies":[{"name":"wp","href":"https:\/\/api.w.org\/{rel}","templated":true}]}}