{"id":25925,"date":"2024-09-17T15:17:24","date_gmt":"2024-09-17T15:17:24","guid":{"rendered":"https:\/\/www.momengames.com\/index.php\/product\/kabelloses-gaming-headset-razer-blackshark-v2-pro-superbreitbandmikrofon-pro-abgestimmte-fps-profile-50-mm-treiber-weiche-geraeuschisolierende-ohrmuscheln-70\/"},"modified":"2024-09-17T15:17:24","modified_gmt":"2024-09-17T15:17:24","slug":"kabelloses-gaming-headset-razer-blackshark-v2-pro-superbreitbandmikrofon-pro-abgestimmte-fps-profile-50-mm-treiber-weiche-geraeuschisolierende-ohrmuscheln-70","status":"publish","type":"product","link":"https:\/\/www.momengames.com\/index.php\/product\/kabelloses-gaming-headset-razer-blackshark-v2-pro-superbreitbandmikrofon-pro-abgestimmte-fps-profile-50-mm-treiber-weiche-geraeuschisolierende-ohrmuscheln-70\/?lang=de","title":{"rendered":"Kabelloses Gaming-Headset Razer BlackShark V2 Pro: Superbreitbandmikrofon \u2013 Pro-abgestimmte FPS-Profile \u2013 50-mm-Treiber \u2013 Weiche, ger\u00e4uschisolierende Ohrmuscheln \u2013 70-Stunden-Akku \u2013 Bluetooth \u2013 f\u00fcr PC, PS5, Switch \u2013 Schwarz"},"content":{"rendered":"<p>RAZER HYPERCLEAR SUPER WIDEBAND MIC \u2014 Durch die Abdeckung eines breiteren Frequenzbereichs erfasst dieses abnehmbare Mikrofon der n\u00e4chsten Generation unglaublich viele Details Ihrer Stimme, sodass jeder Spielzug an Ihr Team klar, satt und nat\u00fcrlich klingt. Impedanz: 32 \u03a9. Frequenzgang: 100 Hz \u2013 10 kHz. Aufnahmemuster: Unidirektional.<br \/>\nRAZER TRIFORCE TITANIUM 50-MM-TREIBER \u2014 Mit titanbeschichteten Membranen f\u00fcr zus\u00e4tzliche Klarheit teilt unser neues, hochmodernes propriet\u00e4res Design den Treiber in 3 Teile f\u00fcr die individuelle Abstimmung von H\u00f6hen, Mitten und Tiefen \u2013 f\u00fcr helleren, klareren Klang mit satteren H\u00f6hen und kraftvolleren Tiefen.<br \/>\nRAZER HYPERSPEED WIRELESS-TECHNOLOGIE \u2014 Genie\u00dfen Sie mit der branchenf\u00fchrenden 2,4-GHz-Wireless-Verbindung leistungsstarkes, wettkampforientiertes Spielen mit geringer Latenz und perfekt auf Ihr Spiel abgestimmtem Sound.<br \/>\nAUF PROFIS ABGESTIMMTE FPS-AUDIOPROFILE \u2013 Abgestimmt mit einigen der besten E-Sportler der Welt. H\u00f6ren Sie wie die Profis mit den FPS-Audioprofilen im Headset, die maximale Informationen f\u00fcr den ultimativen Wettbewerbsvorteil liefern.<br \/>\nL\u00c4RMISOLIERENDE OHRMUSCHELN MIT ULTRAWEICHEM MEMORY-SCHAUM \u2013 Die geschlossenen Ohrmuscheln des Headsets passen sich Ihrer Kopfform an und dichten perfekt ab, um Ablenkungen auszublenden \u2013 unterst\u00fctzt durch eine weiche Polsterung aus atmungsaktivem Stoff f\u00fcr umfassenden Komfort beim Wettkampf.<br \/>\n70 STUNDEN AKKULAUFZEIT MIT AUFLADUNG \u00dcBER TYP C \u2013 Eine einzige vollst\u00e4ndige Aufladung des Headsets bietet bis zu 70 Stunden Akkulaufzeit, sodass Sie ununterbrochenes Wettkampf-Gameplay mit minimalen Ausfallzeiten genie\u00dfen k\u00f6nnen.<br \/>\nMeistverkaufte Marke f\u00fcr PC-Gaming-Peripherieger\u00e4te in den USA \u2013 Quelle: Circana, Retail Tracking Service, US-Dollar-Umsatz, f\u00fcr Gaming konzipierte M\u00e4use, Tastaturen und PC-Headsets, Jan. 2019 \u2013 Dez. 2023 zusammen<br \/>\nZustand: Artikel werden wieder aufgef\u00fcllt, k\u00f6nnen Kratzer aufweisen.<\/p>\n","protected":false},"excerpt":{"rendered":"<p>RAZER HYPERCLEAR SUPER WIDEBAND MIC \u2014 Durch die Abdeckung eines breiteren Frequenzbereichs erfasst dieses abnehmbare Mikrofon der n\u00e4chsten Generation unglaublich viele Details Ihrer Stimme, sodass jeder Spielzug an Ihr Team klar, satt und nat\u00fcrlich klingt. Impedanz: 32 \u03a9. Frequenzgang: 100 Hz \u2013 10 kHz. Aufnahmemuster: Unidirektional.<br \/>\nRAZER TRIFORCE TITANIUM 50-MM-TREIBER \u2014 Mit titanbeschichteten Membranen f\u00fcr zus\u00e4tzliche Klarheit teilt unser neues, hochmodernes propriet\u00e4res Design den Treiber in 3 Teile f\u00fcr die individuelle Abstimmung von H\u00f6hen, Mitten und Tiefen \u2013 f\u00fcr helleren, klareren Klang mit satteren H\u00f6hen und kraftvolleren Tiefen.<br \/>\nRAZER HYPERSPEED WIRELESS-TECHNOLOGIE \u2014 Genie\u00dfen Sie mit der branchenf\u00fchrenden 2,4-GHz-Wireless-Verbindung leistungsstarkes, wettkampforientiertes Spielen mit geringer Latenz und perfekt auf Ihr Spiel abgestimmtem Sound.<br \/>\nAUF PROFIS ABGESTIMMTE FPS-AUDIOPROFILE \u2013 Abgestimmt mit einigen der besten E-Sportler der Welt. H\u00f6ren Sie wie die Profis mit den FPS-Audioprofilen im Headset, die maximale Informationen f\u00fcr den ultimativen Wettbewerbsvorteil liefern.<br \/>\nL\u00c4RMISOLIERENDE OHRMUSCHELN MIT ULTRAWEICHEM MEMORY-SCHAUM \u2013 Die geschlossenen Ohrmuscheln des Headsets passen sich Ihrer Kopfform an und dichten perfekt ab, um Ablenkungen auszublenden \u2013 unterst\u00fctzt durch eine weiche Polsterung aus atmungsaktivem Stoff f\u00fcr umfassenden Komfort beim Wettkampf.<br \/>\n70 STUNDEN AKKULAUFZEIT MIT AUFLADUNG \u00dcBER TYP C \u2013 Eine einzige vollst\u00e4ndige Aufladung des Headsets bietet bis zu 70 Stunden Akkulaufzeit, sodass Sie ununterbrochenes Wettkampf-Gameplay mit minimalen Ausfallzeiten genie\u00dfen k\u00f6nnen.<br \/>\nMeistverkaufte Marke f\u00fcr PC-Gaming-Peripherieger\u00e4te in den USA \u2013 Quelle: Circana, Retail Tracking Service, US-Dollar-Umsatz, f\u00fcr Gaming konzipierte M\u00e4use, Tastaturen und PC-Headsets, Jan. 2019 \u2013 Dez. 2023 zusammen<br \/>\nZustand: Artikel werden wieder aufgef\u00fcllt, k\u00f6nnen Kratzer aufweisen.<\/p>\n","protected":false},"featured_media":25903,"comment_status":"open","ping_status":"closed","template":"","meta":{"iawp_total_views":4},"product_brand":[],"product_cat":[24],"product_tag":[],"class_list":{"0":"post-25925","1":"product","2":"type-product","3":"status-publish","4":"has-post-thumbnail","6":"product_cat-electronics-accessories-de","8":"first","9":"instock","10":"sale","11":"taxable","12":"shipping-taxable","13":"purchasable","14":"product-type-simple"},"jetpack_sharing_enabled":true,"_links":{"self":[{"href":"https:\/\/www.momengames.com\/index.php\/wp-json\/wp\/v2\/product\/25925","targetHints":{"allow":["GET"]}}],"collection":[{"href":"https:\/\/www.momengames.com\/index.php\/wp-json\/wp\/v2\/product"}],"about":[{"href":"https:\/\/www.momengames.com\/index.php\/wp-json\/wp\/v2\/types\/product"}],"replies":[{"embeddable":true,"href":"https:\/\/www.momengames.com\/index.php\/wp-json\/wp\/v2\/comments?post=25925"}],"wp:featuredmedia":[{"embeddable":true,"href":"https:\/\/www.momengames.com\/index.php\/wp-json\/wp\/v2\/media\/25903"}],"wp:attachment":[{"href":"https:\/\/www.momengames.com\/index.php\/wp-json\/wp\/v2\/media?parent=25925"}],"wp:term":[{"taxonomy":"product_brand","embeddable":true,"href":"https:\/\/www.momengames.com\/index.php\/wp-json\/wp\/v2\/product_brand?post=25925"},{"taxonomy":"product_cat","embeddable":true,"href":"https:\/\/www.momengames.com\/index.php\/wp-json\/wp\/v2\/product_cat?post=25925"},{"taxonomy":"product_tag","embeddable":true,"href":"https:\/\/www.momengames.com\/index.php\/wp-json\/wp\/v2\/product_tag?post=25925"}],"curies":[{"name":"wp","href":"https:\/\/api.w.org\/{rel}","templated":true}]}}