{"id":25813,"date":"2024-07-03T09:39:23","date_gmt":"2024-07-03T09:39:23","guid":{"rendered":"https:\/\/www.momengames.com\/index.php\/product\/razer-rz06-02610100-r3g1-raiju-tournament-edition-kabelloser-und-kabelgebundener-gaming-controller-mit-mecha-tactile-action-tasten-austauschbaren-teilen-und-quick-control-panel-schwarz\/"},"modified":"2024-07-03T09:39:23","modified_gmt":"2024-07-03T09:39:23","slug":"razer-rz06-02610100-r3g1-raiju-tournament-edition-kabelloser-und-kabelgebundener-gaming-controller-mit-mecha-tactile-action-tasten-austauschbaren-teilen-und-quick-control-panel-schwarz","status":"publish","type":"product","link":"https:\/\/www.momengames.com\/index.php\/product\/razer-rz06-02610100-r3g1-raiju-tournament-edition-kabelloser-und-kabelgebundener-gaming-controller-mit-mecha-tactile-action-tasten-austauschbaren-teilen-und-quick-control-panel-schwarz\/?lang=de","title":{"rendered":"Razer RZ06-02610100-R3G1 Raiju Tournament Edition, kabelloser und kabelgebundener Gaming-Controller mit Mecha-Tactile-Action-Tasten, austauschbaren Teilen und Quick Control Panel, schwarz"},"content":{"rendered":"<p>Die Raiju Tournament Edition verf\u00fcgt \u00fcber Razer Mecha-Tactile Action Buttons, die eine einzigartige Kombination aus weicher, gepolsterter Ber\u00fchrung und knackigem, taktilem Feedback bieten.<br \/>\nDie Raiju Tournament Edition ist mit einer Reihe zus\u00e4tzlicher Tasten f\u00fcr fortgeschrittenes Gaming ausgestattet \u2013 vier neu belegbare Multifunktionstasten; genie\u00dfen Sie die Kontrolle mit Ihren Fingerspitzen, w\u00e4hrend Sie Techniken der n\u00e4chsten Stufe meistern.<br \/>\nWenn der Hair-Trigger-Modus aktiviert ist, reduzieren die mechanischen Stoppschalter den Weg zu den beiden Haupttriggern erheblich und erm\u00f6glichen so schnelles Feuern, um den Wettbewerbsvorteil zu verschaffen.<br \/>\nMit dem Modusschalter k\u00f6nnen Sie einfach zwischen drei Verbindungsmodi wechseln: PS4, USB und PC; dies macht das erneute Koppeln beim Ger\u00e4tewechsel effizient.<br \/>\nBelegen Sie Multifunktionstasten und Trigger neu, passen Sie die Empfindlichkeitskupplungsoptionen an oder passen Sie die Intensit\u00e4t der Rumble-Motoren fein an, um Ihr Spielerlebnis zu vervollst\u00e4ndigen \u2013 alles mit einfacher Steuerung \u00fcber mobile Apps.<\/p>\n","protected":false},"excerpt":{"rendered":"<p>Die Raiju Tournament Edition verf\u00fcgt \u00fcber Razer Mecha-Tactile Action Buttons, die eine einzigartige Kombination aus weicher, gepolsterter Ber\u00fchrung und knackigem, taktilem Feedback bieten.<br \/>\nDie Raiju Tournament Edition ist mit einer Reihe zus\u00e4tzlicher Tasten f\u00fcr fortgeschrittenes Gaming ausgestattet \u2013 vier neu belegbare Multifunktionstasten; genie\u00dfen Sie die Kontrolle mit Ihren Fingerspitzen, w\u00e4hrend Sie Techniken der n\u00e4chsten Stufe meistern.<br \/>\nWenn der Hair-Trigger-Modus aktiviert ist, reduzieren die mechanischen Stoppschalter den Weg zu den beiden Haupttriggern erheblich und erm\u00f6glichen so schnelles Feuern, um den Wettbewerbsvorteil zu verschaffen.<br \/>\nMit dem Modusschalter k\u00f6nnen Sie einfach zwischen drei Verbindungsmodi wechseln: PS4, USB und PC; dies macht das erneute Koppeln beim Ger\u00e4tewechsel effizient.<br \/>\nBelegen Sie Multifunktionstasten und Trigger neu, passen Sie die Empfindlichkeitskupplungsoptionen an oder passen Sie die Intensit\u00e4t der Rumble-Motoren fein an, um Ihr Spielerlebnis zu vervollst\u00e4ndigen \u2013 alles mit einfacher Steuerung \u00fcber mobile Apps.<\/p>\n","protected":false},"featured_media":23609,"comment_status":"open","ping_status":"closed","template":"","meta":{"iawp_total_views":64},"product_brand":[],"product_cat":[25],"product_tag":[],"class_list":{"0":"post-25813","1":"product","2":"type-product","3":"status-publish","4":"has-post-thumbnail","6":"product_cat-pc-gamepads-standard-controllers-de","8":"first","9":"instock","10":"sale","11":"taxable","12":"shipping-taxable","13":"purchasable","14":"product-type-simple"},"jetpack_sharing_enabled":true,"_links":{"self":[{"href":"https:\/\/www.momengames.com\/index.php\/wp-json\/wp\/v2\/product\/25813","targetHints":{"allow":["GET"]}}],"collection":[{"href":"https:\/\/www.momengames.com\/index.php\/wp-json\/wp\/v2\/product"}],"about":[{"href":"https:\/\/www.momengames.com\/index.php\/wp-json\/wp\/v2\/types\/product"}],"replies":[{"embeddable":true,"href":"https:\/\/www.momengames.com\/index.php\/wp-json\/wp\/v2\/comments?post=25813"}],"wp:featuredmedia":[{"embeddable":true,"href":"https:\/\/www.momengames.com\/index.php\/wp-json\/wp\/v2\/media\/23609"}],"wp:attachment":[{"href":"https:\/\/www.momengames.com\/index.php\/wp-json\/wp\/v2\/media?parent=25813"}],"wp:term":[{"taxonomy":"product_brand","embeddable":true,"href":"https:\/\/www.momengames.com\/index.php\/wp-json\/wp\/v2\/product_brand?post=25813"},{"taxonomy":"product_cat","embeddable":true,"href":"https:\/\/www.momengames.com\/index.php\/wp-json\/wp\/v2\/product_cat?post=25813"},{"taxonomy":"product_tag","embeddable":true,"href":"https:\/\/www.momengames.com\/index.php\/wp-json\/wp\/v2\/product_tag?post=25813"}],"curies":[{"name":"wp","href":"https:\/\/api.w.org\/{rel}","templated":true}]}}