{"id":25812,"date":"2024-07-03T09:45:45","date_gmt":"2024-07-03T09:45:45","guid":{"rendered":"https:\/\/www.momengames.com\/index.php\/product\/razer-seiren-elite-studio-grade-multi-pattern-usb-digitalmikrofon-und-kopfhoererverstaerker\/"},"modified":"2024-07-03T09:45:45","modified_gmt":"2024-07-03T09:45:45","slug":"razer-seiren-elite-studio-grade-multi-pattern-usb-digitalmikrofon-und-kopfhoererverstaerker","status":"publish","type":"product","link":"https:\/\/www.momengames.com\/index.php\/product\/razer-seiren-elite-studio-grade-multi-pattern-usb-digitalmikrofon-und-kopfhoererverstaerker\/?lang=de","title":{"rendered":"Razer Seiren Elite Studio-Grade Multi-Pattern USB Digitalmikrofon und Kopfh\u00f6rerverst\u00e4rker"},"content":{"rendered":"<p>Einzelne dynamische Kapsel f\u00fcr satte und warme Stimmqualit\u00e4t.<br \/>\nEingebauter Hochpassfilter f\u00fcr ultrasaubere Aufnahmesignale.<br \/>\nDigitaler\/analoger Stimmbegrenzer f\u00fcr null Verzerrung.<br \/>\n16-Bit\/48-kHz-Aufl\u00f6sung zur Optimierung Ihres Streams.<br \/>\nKeine Latenz\u00fcberwachung f\u00fcr null Audioverz\u00f6gerung.<\/p>\n","protected":false},"excerpt":{"rendered":"<p>Einzelne dynamische Kapsel f\u00fcr satte und warme Stimmqualit\u00e4t.<br \/>\nEingebauter Hochpassfilter f\u00fcr ultrasaubere Aufnahmesignale.<br \/>\nDigitaler\/analoger Stimmbegrenzer f\u00fcr null Verzerrung.<br \/>\n16-Bit\/48-kHz-Aufl\u00f6sung zur Optimierung Ihres Streams.<br \/>\nKeine Latenz\u00fcberwachung f\u00fcr null Audioverz\u00f6gerung.<\/p>\n","protected":false},"featured_media":23613,"comment_status":"open","ping_status":"closed","template":"","meta":{"iawp_total_views":0},"product_brand":[],"product_cat":[24],"product_tag":[],"class_list":{"0":"post-25812","1":"product","2":"type-product","3":"status-publish","4":"has-post-thumbnail","6":"product_cat-electronics-accessories-de","8":"first","9":"instock","10":"sale","11":"taxable","12":"shipping-taxable","13":"purchasable","14":"product-type-simple"},"jetpack_sharing_enabled":true,"_links":{"self":[{"href":"https:\/\/www.momengames.com\/index.php\/wp-json\/wp\/v2\/product\/25812","targetHints":{"allow":["GET"]}}],"collection":[{"href":"https:\/\/www.momengames.com\/index.php\/wp-json\/wp\/v2\/product"}],"about":[{"href":"https:\/\/www.momengames.com\/index.php\/wp-json\/wp\/v2\/types\/product"}],"replies":[{"embeddable":true,"href":"https:\/\/www.momengames.com\/index.php\/wp-json\/wp\/v2\/comments?post=25812"}],"wp:featuredmedia":[{"embeddable":true,"href":"https:\/\/www.momengames.com\/index.php\/wp-json\/wp\/v2\/media\/23613"}],"wp:attachment":[{"href":"https:\/\/www.momengames.com\/index.php\/wp-json\/wp\/v2\/media?parent=25812"}],"wp:term":[{"taxonomy":"product_brand","embeddable":true,"href":"https:\/\/www.momengames.com\/index.php\/wp-json\/wp\/v2\/product_brand?post=25812"},{"taxonomy":"product_cat","embeddable":true,"href":"https:\/\/www.momengames.com\/index.php\/wp-json\/wp\/v2\/product_cat?post=25812"},{"taxonomy":"product_tag","embeddable":true,"href":"https:\/\/www.momengames.com\/index.php\/wp-json\/wp\/v2\/product_tag?post=25812"}],"curies":[{"name":"wp","href":"https:\/\/api.w.org\/{rel}","templated":true}]}}