{"id":25811,"date":"2024-07-03T09:51:57","date_gmt":"2024-07-03T09:51:57","guid":{"rendered":"https:\/\/www.momengames.com\/index.php\/product\/razer-kishi-mobiler-gamecontroller-gamepad-fuer-android-usb-c-xbox-game-pass-ultimate-xcloud-stadia-geforce-now-luna-passthrough-laden-telefoncontroller-griff-mit-geringer-lat\/"},"modified":"2024-07-03T09:51:57","modified_gmt":"2024-07-03T09:51:57","slug":"razer-kishi-mobiler-gamecontroller-gamepad-fuer-android-usb-c-xbox-game-pass-ultimate-xcloud-stadia-geforce-now-luna-passthrough-laden-telefoncontroller-griff-mit-geringer-lat","status":"publish","type":"product","link":"https:\/\/www.momengames.com\/index.php\/product\/razer-kishi-mobiler-gamecontroller-gamepad-fuer-android-usb-c-xbox-game-pass-ultimate-xcloud-stadia-geforce-now-luna-passthrough-laden-telefoncontroller-griff-mit-geringer-lat\/?lang=de","title":{"rendered":"Razer Kishi Mobiler Gamecontroller\/Gamepad f\u00fcr Android USB-C: Xbox Game Pass Ultimate, xCloud, Stadia, GeForce NOW, Luna \u2013 Passthrough-Laden \u2013 Telefoncontroller-Griff mit geringer Latenz \u2013 Samsung, Pixel"},"content":{"rendered":"<p>Universeller mobiler Gaming-Controller: Entwickelt, um Ihrem Telefon die Kontrolle auf Konsolenniveau zu geben, damit Sie \u00fcberall spielen k\u00f6nnen.<br \/>\nCloud- und mobiles Gaming: Kompatibel mit f\u00fchrenden Cloud-Gaming-Diensten, darunter Xbox Game Pass Ultimate, Stadia, Amazon Luna, GeForce NOW und Steam Link; und Hunderten von beliebten mobilen Spielen, darunter Fortnite, Minecraft, Roblox, Brawlhalla, Asphalt 9: Legends, Black Desert Mobile, Emulatoren und viele mehr.<br \/>\nVerfeinern Sie Ihr Zielen und Ihre Ausf\u00fchrung: Klickbare analoge Daumensticks bieten h\u00f6here Genauigkeit und taktiles Feedback, und die Leistungstasten und das D-Pad liefern pr\u00e4zise Eingaben.<br \/>\nLatenzfreies Gameplay: Im Gegensatz zu Bluetooth-Controllern, die Verz\u00f6gerungen verursachen, hat der Controller keine Latenz, da er direkt mit dem Ladeanschluss des Ger\u00e4ts verbunden ist.<br \/>\nUSB-Ladeanschluss Typ C: Zum Pass-Through-Laden Ihres Telefons oder Tablets w\u00e4hrend der Verwendung des Controllers.<br \/>\nErgonomisches, flexibles Design f\u00fcr einen bequemen Handgriff: Der Controller wurde f\u00fcr lange Gaming-Sessions entwickelt, liegt gut in der Hand und kann auf den meisten Android-Telefonen gestreckt und geklemmt werden, was einen sicheren Halt bietet, der sich w\u00e4hrend des Spielens nicht l\u00f6st.<\/p>\n","protected":false},"excerpt":{"rendered":"<p>Universeller mobiler Gaming-Controller: Entwickelt, um Ihrem Telefon die Kontrolle auf Konsolenniveau zu geben, damit Sie \u00fcberall spielen k\u00f6nnen.<br \/>\nCloud- und mobiles Gaming: Kompatibel mit f\u00fchrenden Cloud-Gaming-Diensten, darunter Xbox Game Pass Ultimate, Stadia, Amazon Luna, GeForce NOW und Steam Link; und Hunderten von beliebten mobilen Spielen, darunter Fortnite, Minecraft, Roblox, Brawlhalla, Asphalt 9: Legends, Black Desert Mobile, Emulatoren und viele mehr.<br \/>\nVerfeinern Sie Ihr Zielen und Ihre Ausf\u00fchrung: Klickbare analoge Daumensticks bieten h\u00f6here Genauigkeit und taktiles Feedback, und die Leistungstasten und das D-Pad liefern pr\u00e4zise Eingaben.<br \/>\nLatenzfreies Gameplay: Im Gegensatz zu Bluetooth-Controllern, die Verz\u00f6gerungen verursachen, hat der Controller keine Latenz, da er direkt mit dem Ladeanschluss des Ger\u00e4ts verbunden ist.<br \/>\nUSB-Ladeanschluss Typ C: Zum Pass-Through-Laden Ihres Telefons oder Tablets w\u00e4hrend der Verwendung des Controllers.<br \/>\nErgonomisches, flexibles Design f\u00fcr einen bequemen Handgriff: Der Controller wurde f\u00fcr lange Gaming-Sessions entwickelt, liegt gut in der Hand und kann auf den meisten Android-Telefonen gestreckt und geklemmt werden, was einen sicheren Halt bietet, der sich w\u00e4hrend des Spielens nicht l\u00f6st.<\/p>\n","protected":false},"featured_media":23618,"comment_status":"open","ping_status":"closed","template":"","meta":{"iawp_total_views":2},"product_brand":[],"product_cat":[25],"product_tag":[],"class_list":{"0":"post-25811","1":"product","2":"type-product","3":"status-publish","4":"has-post-thumbnail","6":"product_cat-pc-gamepads-standard-controllers-de","8":"first","9":"instock","10":"sale","11":"taxable","12":"shipping-taxable","13":"purchasable","14":"product-type-simple"},"jetpack_sharing_enabled":true,"_links":{"self":[{"href":"https:\/\/www.momengames.com\/index.php\/wp-json\/wp\/v2\/product\/25811","targetHints":{"allow":["GET"]}}],"collection":[{"href":"https:\/\/www.momengames.com\/index.php\/wp-json\/wp\/v2\/product"}],"about":[{"href":"https:\/\/www.momengames.com\/index.php\/wp-json\/wp\/v2\/types\/product"}],"replies":[{"embeddable":true,"href":"https:\/\/www.momengames.com\/index.php\/wp-json\/wp\/v2\/comments?post=25811"}],"wp:featuredmedia":[{"embeddable":true,"href":"https:\/\/www.momengames.com\/index.php\/wp-json\/wp\/v2\/media\/23618"}],"wp:attachment":[{"href":"https:\/\/www.momengames.com\/index.php\/wp-json\/wp\/v2\/media?parent=25811"}],"wp:term":[{"taxonomy":"product_brand","embeddable":true,"href":"https:\/\/www.momengames.com\/index.php\/wp-json\/wp\/v2\/product_brand?post=25811"},{"taxonomy":"product_cat","embeddable":true,"href":"https:\/\/www.momengames.com\/index.php\/wp-json\/wp\/v2\/product_cat?post=25811"},{"taxonomy":"product_tag","embeddable":true,"href":"https:\/\/www.momengames.com\/index.php\/wp-json\/wp\/v2\/product_tag?post=25811"}],"curies":[{"name":"wp","href":"https:\/\/api.w.org\/{rel}","templated":true}]}}