{"id":25810,"date":"2024-07-03T09:53:32","date_gmt":"2024-07-03T09:53:32","guid":{"rendered":"https:\/\/www.momengames.com\/index.php\/product\/razer-kishi-mobile-game-controller-gamepad-fuer-iphone-ios-funktioniert-mit-den-meisten-iphones-x-11-12-13-13-max-apple-arcade-amazon-luna-google-stadia-lightning\/"},"modified":"2024-07-03T09:53:32","modified_gmt":"2024-07-03T09:53:32","slug":"razer-kishi-mobile-game-controller-gamepad-fuer-iphone-ios-funktioniert-mit-den-meisten-iphones-x-11-12-13-13-max-apple-arcade-amazon-luna-google-stadia-lightning","status":"publish","type":"product","link":"https:\/\/www.momengames.com\/index.php\/product\/razer-kishi-mobile-game-controller-gamepad-fuer-iphone-ios-funktioniert-mit-den-meisten-iphones-x-11-12-13-13-max-apple-arcade-amazon-luna-google-stadia-lightning\/?lang=de","title":{"rendered":"Razer Kishi Mobile Game Controller\/Gamepad f\u00fcr iPhone iOS: Funktioniert mit den meisten iPhones \u2013 X, 11, 12, 13, 13 Max \u2013 Apple Arcade, Amazon Luna, Google Stadia \u2013 Lightning Port Passthrough \u2013 MFi-zertifiziert"},"content":{"rendered":"<p>Universeller mobiler Gaming-Controller: Entwickelt, um Ihrem Telefon die Kontrolle auf Konsolenniveau zu verleihen, damit Sie \u00fcberall spielen k\u00f6nnen.<br \/>\nCloud- und Mobile-Gaming: Kompatibel mit f\u00fchrenden Cloud-Gaming-Diensten, darunter Xbox Game Pass Ultimate, Stadia, Amazon Luna, GeForce NOW und Steam Link; und Hunderten von beliebten Handyspielen, darunter Call of Duty Mobile (nur iPhone), Fortnite, Minecraft, Genshin Impact, Brawlhalla, Asphalt 9: Legends, Emulatoren und viele mehr.<br \/>\nVerfeinern Sie Ihr Zielen und Ihre Ausf\u00fchrung: Klickbare analoge Daumensticks bieten h\u00f6here Genauigkeit und taktiles Feedback, und die Leistungstasten und das D-Pad liefern pr\u00e4zise Eingaben.<br \/>\nLatenzfreies Gameplay: Im Gegensatz zu Bluetooth-Controllern, die Verz\u00f6gerungen verursachen, hat der Controller keine Latenz, da er direkt mit dem Ladeanschluss des Ger\u00e4ts verbunden ist.<br \/>\nUSB-Ladeanschluss Typ C: Zum Durchladen Ihres Telefons oder Tablets w\u00e4hrend der Verwendung des Controllers<br \/>\nErgonomisches, flexibles Design f\u00fcr einen bequemen Griff: Der Controller wurde f\u00fcr lange Gaming-Sessions entwickelt, liegt gut in der Hand und kann auf den meisten iPhones mit Lightning-Anschluss gestreckt und festgeklemmt werden, was einen sicheren Halt bietet, der sich w\u00e4hrend des Spielens nicht l\u00f6st.<br \/>\nKompatibilit\u00e4t: Funktioniert mit den meisten iPhones, einschlie\u00dflich X, 11, 12, 13, 13 Max \u2013 vor der Verwendung muss die Telefonh\u00fclle entfernt werden.<\/p>\n","protected":false},"excerpt":{"rendered":"<p>Universeller mobiler Gaming-Controller: Entwickelt, um Ihrem Telefon die Kontrolle auf Konsolenniveau zu verleihen, damit Sie \u00fcberall spielen k\u00f6nnen.<br \/>\nCloud- und Mobile-Gaming: Kompatibel mit f\u00fchrenden Cloud-Gaming-Diensten, darunter Xbox Game Pass Ultimate, Stadia, Amazon Luna, GeForce NOW und Steam Link; und Hunderten von beliebten Handyspielen, darunter Call of Duty Mobile (nur iPhone), Fortnite, Minecraft, Genshin Impact, Brawlhalla, Asphalt 9: Legends, Emulatoren und viele mehr.<br \/>\nVerfeinern Sie Ihr Zielen und Ihre Ausf\u00fchrung: Klickbare analoge Daumensticks bieten h\u00f6here Genauigkeit und taktiles Feedback, und die Leistungstasten und das D-Pad liefern pr\u00e4zise Eingaben.<br \/>\nLatenzfreies Gameplay: Im Gegensatz zu Bluetooth-Controllern, die Verz\u00f6gerungen verursachen, hat der Controller keine Latenz, da er direkt mit dem Ladeanschluss des Ger\u00e4ts verbunden ist.<br \/>\nUSB-Ladeanschluss Typ C: Zum Durchladen Ihres Telefons oder Tablets w\u00e4hrend der Verwendung des Controllers<br \/>\nErgonomisches, flexibles Design f\u00fcr einen bequemen Griff: Der Controller wurde f\u00fcr lange Gaming-Sessions entwickelt, liegt gut in der Hand und kann auf den meisten iPhones mit Lightning-Anschluss gestreckt und festgeklemmt werden, was einen sicheren Halt bietet, der sich w\u00e4hrend des Spielens nicht l\u00f6st.<br \/>\nKompatibilit\u00e4t: Funktioniert mit den meisten iPhones, einschlie\u00dflich X, 11, 12, 13, 13 Max \u2013 vor der Verwendung muss die Telefonh\u00fclle entfernt werden.<\/p>\n","protected":false},"featured_media":23622,"comment_status":"open","ping_status":"closed","template":"","meta":{"iawp_total_views":0},"product_brand":[],"product_cat":[25],"product_tag":[],"class_list":{"0":"post-25810","1":"product","2":"type-product","3":"status-publish","4":"has-post-thumbnail","6":"product_cat-pc-gamepads-standard-controllers-de","8":"first","9":"instock","10":"sale","11":"taxable","12":"shipping-taxable","13":"purchasable","14":"product-type-simple"},"jetpack_sharing_enabled":true,"_links":{"self":[{"href":"https:\/\/www.momengames.com\/index.php\/wp-json\/wp\/v2\/product\/25810","targetHints":{"allow":["GET"]}}],"collection":[{"href":"https:\/\/www.momengames.com\/index.php\/wp-json\/wp\/v2\/product"}],"about":[{"href":"https:\/\/www.momengames.com\/index.php\/wp-json\/wp\/v2\/types\/product"}],"replies":[{"embeddable":true,"href":"https:\/\/www.momengames.com\/index.php\/wp-json\/wp\/v2\/comments?post=25810"}],"wp:featuredmedia":[{"embeddable":true,"href":"https:\/\/www.momengames.com\/index.php\/wp-json\/wp\/v2\/media\/23622"}],"wp:attachment":[{"href":"https:\/\/www.momengames.com\/index.php\/wp-json\/wp\/v2\/media?parent=25810"}],"wp:term":[{"taxonomy":"product_brand","embeddable":true,"href":"https:\/\/www.momengames.com\/index.php\/wp-json\/wp\/v2\/product_brand?post=25810"},{"taxonomy":"product_cat","embeddable":true,"href":"https:\/\/www.momengames.com\/index.php\/wp-json\/wp\/v2\/product_cat?post=25810"},{"taxonomy":"product_tag","embeddable":true,"href":"https:\/\/www.momengames.com\/index.php\/wp-json\/wp\/v2\/product_tag?post=25810"}],"curies":[{"name":"wp","href":"https:\/\/api.w.org\/{rel}","templated":true}]}}