{"id":25804,"date":"2024-07-03T12:16:45","date_gmt":"2024-07-03T12:16:45","guid":{"rendered":"https:\/\/www.momengames.com\/index.php\/product\/razer-thresher-tournament-edition-einziehbares-boom-mikrofon-35-mm-audioanschluss-leichte-kunstleder-ohrpolster-gaming-headset-funktioniert-mit-pc-ps4-xbox-one-switc\/"},"modified":"2024-07-03T12:16:45","modified_gmt":"2024-07-03T12:16:45","slug":"razer-thresher-tournament-edition-einziehbares-boom-mikrofon-35-mm-audioanschluss-leichte-kunstleder-ohrpolster-gaming-headset-funktioniert-mit-pc-ps4-xbox-one-switc","status":"publish","type":"product","link":"https:\/\/www.momengames.com\/index.php\/product\/razer-thresher-tournament-edition-einziehbares-boom-mikrofon-35-mm-audioanschluss-leichte-kunstleder-ohrpolster-gaming-headset-funktioniert-mit-pc-ps4-xbox-one-switc\/?lang=de","title":{"rendered":"Razer Thresher Tournament Edition: Einziehbares Boom-Mikrofon \u2013 3,5-mm-Audioanschluss \u2013 Leichte Kunstleder-Ohrpolster \u2013 Gaming-Headset funktioniert mit PC, PS4, Xbox One, Switch und Mobilger\u00e4ten"},"content":{"rendered":"<p>Als wir E-Sportler fragten, was bei einem Gaming-Headset am wichtigsten ist, lautete die eindeutige Antwort: Komfort. Die Razer Thresher Tournament Edition ist unsere Antwort darauf und mehr. Wir haben es mit gro\u00dfen 50-mm-Audiotreibern f\u00fcr naturgetreuen Klang, einem Boom-Mikrofon, das in lauten Umgebungen einwandfrei funktioniert, und kissenweichen, mit Memory Foam gepolsterten Ohrmuscheln ausgestattet, die mit weichem, geschmeidigem Kunstleder \u00fcberzogen sind.<br \/>\nDie leichten Kunstleder-Ohrpolster wurden f\u00fcr umfassenden Komfort bei intensiven Gaming-Marathons entwickelt und bestehen aus Memory Foam, sodass sie sich m\u00fchelos an die Kopfform jedes Einzelnen anpassen. Diese nat\u00fcrliche Abdichtung sorgt f\u00fcr optimale Ger\u00e4uschisolierung und verbessert die Klangqualit\u00e4t sowie un\u00fcbertroffenen Komfort. Jetzt k\u00f6nnen Ihre Gaming-Marathons und \u00dcbungseinheiten stundenlang ohne Unterbrechung weitergehen.<br \/>\nDas unidirektionale Nahfeldmikrofon wurde mit professionellen Gamern in Turnierspielen getestet und validiert, um immer einen erstaunlich klaren Voice-Chat zu liefern. Das Aufnahmemuster des einziehbaren Boom-Mikrofons ist darauf abgestimmt, nur Ihre Stimme aufzunehmen, sodass Ihre Teamkollegen Sie auch in lauten Umgebungen verstehen k\u00f6nnen.<br \/>\nMachen Sie dieses Headset zu Ihrem Lieblings-Headset und seien Sie bereit, sich auf allen Ihren Plattformen mit der Konkurrenz zu messen. Mit einem 3,5-mm-Audioanschluss bietet die kabelgebundene Razer Thresher Tournament Edition verz\u00f6gerungsfreien Ton und ist mit PlayStation, Xbox, PC und mehr kompatibel.<br \/>\nAngenehm zu tragen mit einer Brille mit Schaumstoffeinfassungen zur Druckentlastung der Schl\u00e4fen; passt sich optimal Ihrer Kopfform an, damit Sie sich voll und ganz auf Ihr Spiel konzentrieren k\u00f6nnen.<\/p>\n","protected":false},"excerpt":{"rendered":"<p>Als wir E-Sportler fragten, was bei einem Gaming-Headset am wichtigsten ist, lautete die eindeutige Antwort: Komfort. Die Razer Thresher Tournament Edition ist unsere Antwort darauf und mehr. Wir haben es mit gro\u00dfen 50-mm-Audiotreibern f\u00fcr naturgetreuen Klang, einem Boom-Mikrofon, das in lauten Umgebungen einwandfrei funktioniert, und kissenweichen, mit Memory Foam gepolsterten Ohrmuscheln ausgestattet, die mit weichem, geschmeidigem Kunstleder \u00fcberzogen sind.<br \/>\nDie leichten Kunstleder-Ohrpolster wurden f\u00fcr umfassenden Komfort bei intensiven Gaming-Marathons entwickelt und bestehen aus Memory Foam, sodass sie sich m\u00fchelos an die Kopfform jedes Einzelnen anpassen. Diese nat\u00fcrliche Abdichtung sorgt f\u00fcr optimale Ger\u00e4uschisolierung und verbessert die Klangqualit\u00e4t sowie un\u00fcbertroffenen Komfort. Jetzt k\u00f6nnen Ihre Gaming-Marathons und \u00dcbungseinheiten stundenlang ohne Unterbrechung weitergehen.<br \/>\nDas unidirektionale Nahfeldmikrofon wurde mit professionellen Gamern in Turnierspielen getestet und validiert, um immer einen erstaunlich klaren Voice-Chat zu liefern. Das Aufnahmemuster des einziehbaren Boom-Mikrofons ist darauf abgestimmt, nur Ihre Stimme aufzunehmen, sodass Ihre Teamkollegen Sie auch in lauten Umgebungen verstehen k\u00f6nnen.<br \/>\nMachen Sie dieses Headset zu Ihrem Lieblings-Headset und seien Sie bereit, sich auf allen Ihren Plattformen mit der Konkurrenz zu messen. Mit einem 3,5-mm-Audioanschluss bietet die kabelgebundene Razer Thresher Tournament Edition verz\u00f6gerungsfreien Ton und ist mit PlayStation, Xbox, PC und mehr kompatibel.<br \/>\nAngenehm zu tragen mit einer Brille mit Schaumstoffeinfassungen zur Druckentlastung der Schl\u00e4fen; passt sich optimal Ihrer Kopfform an, damit Sie sich voll und ganz auf Ihr Spiel konzentrieren k\u00f6nnen.<\/p>\n","protected":false},"featured_media":23642,"comment_status":"open","ping_status":"closed","template":"","meta":{"iawp_total_views":3},"product_brand":[],"product_cat":[24],"product_tag":[],"class_list":{"0":"post-25804","1":"product","2":"type-product","3":"status-publish","4":"has-post-thumbnail","6":"product_cat-electronics-accessories-de","8":"first","9":"instock","10":"sale","11":"taxable","12":"shipping-taxable","13":"purchasable","14":"product-type-simple"},"jetpack_sharing_enabled":true,"_links":{"self":[{"href":"https:\/\/www.momengames.com\/index.php\/wp-json\/wp\/v2\/product\/25804","targetHints":{"allow":["GET"]}}],"collection":[{"href":"https:\/\/www.momengames.com\/index.php\/wp-json\/wp\/v2\/product"}],"about":[{"href":"https:\/\/www.momengames.com\/index.php\/wp-json\/wp\/v2\/types\/product"}],"replies":[{"embeddable":true,"href":"https:\/\/www.momengames.com\/index.php\/wp-json\/wp\/v2\/comments?post=25804"}],"wp:featuredmedia":[{"embeddable":true,"href":"https:\/\/www.momengames.com\/index.php\/wp-json\/wp\/v2\/media\/23642"}],"wp:attachment":[{"href":"https:\/\/www.momengames.com\/index.php\/wp-json\/wp\/v2\/media?parent=25804"}],"wp:term":[{"taxonomy":"product_brand","embeddable":true,"href":"https:\/\/www.momengames.com\/index.php\/wp-json\/wp\/v2\/product_brand?post=25804"},{"taxonomy":"product_cat","embeddable":true,"href":"https:\/\/www.momengames.com\/index.php\/wp-json\/wp\/v2\/product_cat?post=25804"},{"taxonomy":"product_tag","embeddable":true,"href":"https:\/\/www.momengames.com\/index.php\/wp-json\/wp\/v2\/product_tag?post=25804"}],"curies":[{"name":"wp","href":"https:\/\/api.w.org\/{rel}","templated":true}]}}