{"id":25802,"date":"2024-07-03T12:52:04","date_gmt":"2024-07-03T12:52:04","guid":{"rendered":"https:\/\/www.momengames.com\/index.php\/product\/razer-lancehead-tournament-edition-5g-optischer-sensor-16-000-dpi-on-board-und-cloud-speicher-beidhaendig-bedienbare-gaming-maus-gunmetal\/"},"modified":"2024-07-03T12:52:04","modified_gmt":"2024-07-03T12:52:04","slug":"razer-lancehead-tournament-edition-5g-optischer-sensor-16-000-dpi-on-board-und-cloud-speicher-beidhaendig-bedienbare-gaming-maus-gunmetal","status":"publish","type":"product","link":"https:\/\/www.momengames.com\/index.php\/product\/razer-lancehead-tournament-edition-5g-optischer-sensor-16-000-dpi-on-board-und-cloud-speicher-beidhaendig-bedienbare-gaming-maus-gunmetal\/?lang=de","title":{"rendered":"Razer Lancehead Tournament Edition: 5G optischer Sensor \u2013 16.000 Dpi \u2013 On-Board- und Cloud-Speicher \u2013 beidh\u00e4ndig bedienbare Gaming-Maus \u2013 Gunmetal"},"content":{"rendered":"<p>Mit ihrem beidh\u00e4ndigen Formfaktor ist die Razer Lancehead Tournament Edition sowohl f\u00fcr Links- als auch f\u00fcr Rechtsh\u00e4nder konzipiert. Mit einem der weltweit besten optischen Gaming-Sensoren und den mechanischen Mausschaltern von Razer erhalten Sie Leistung und Haltbarkeit wie nie zuvor. Zusammen mit dem Hybrid-Speicher von Razer Synapse Pro haben Sie immer Zugriff auf Ihre Lieblingsprofile.<\/p>\n","protected":false},"excerpt":{"rendered":"<p>Mit ihrem beidh\u00e4ndigen Formfaktor ist die Razer Lancehead Tournament Edition sowohl f\u00fcr Links- als auch f\u00fcr Rechtsh\u00e4nder konzipiert. Mit einem der weltweit besten optischen Gaming-Sensoren und den mechanischen Mausschaltern von Razer erhalten Sie Leistung und Haltbarkeit wie nie zuvor. Zusammen mit dem Hybrid-Speicher von Razer Synapse Pro haben Sie immer Zugriff auf Ihre Lieblingsprofile.<\/p>\n","protected":false},"featured_media":23651,"comment_status":"open","ping_status":"closed","template":"","meta":{"iawp_total_views":115},"product_brand":[],"product_cat":[25],"product_tag":[],"class_list":{"0":"post-25802","1":"product","2":"type-product","3":"status-publish","4":"has-post-thumbnail","6":"product_cat-pc-gamepads-standard-controllers-de","8":"first","9":"instock","10":"sale","11":"taxable","12":"shipping-taxable","13":"purchasable","14":"product-type-simple"},"jetpack_sharing_enabled":true,"_links":{"self":[{"href":"https:\/\/www.momengames.com\/index.php\/wp-json\/wp\/v2\/product\/25802","targetHints":{"allow":["GET"]}}],"collection":[{"href":"https:\/\/www.momengames.com\/index.php\/wp-json\/wp\/v2\/product"}],"about":[{"href":"https:\/\/www.momengames.com\/index.php\/wp-json\/wp\/v2\/types\/product"}],"replies":[{"embeddable":true,"href":"https:\/\/www.momengames.com\/index.php\/wp-json\/wp\/v2\/comments?post=25802"}],"wp:featuredmedia":[{"embeddable":true,"href":"https:\/\/www.momengames.com\/index.php\/wp-json\/wp\/v2\/media\/23651"}],"wp:attachment":[{"href":"https:\/\/www.momengames.com\/index.php\/wp-json\/wp\/v2\/media?parent=25802"}],"wp:term":[{"taxonomy":"product_brand","embeddable":true,"href":"https:\/\/www.momengames.com\/index.php\/wp-json\/wp\/v2\/product_brand?post=25802"},{"taxonomy":"product_cat","embeddable":true,"href":"https:\/\/www.momengames.com\/index.php\/wp-json\/wp\/v2\/product_cat?post=25802"},{"taxonomy":"product_tag","embeddable":true,"href":"https:\/\/www.momengames.com\/index.php\/wp-json\/wp\/v2\/product_tag?post=25802"}],"curies":[{"name":"wp","href":"https:\/\/api.w.org\/{rel}","templated":true}]}}