{"id":25801,"date":"2024-07-03T12:59:41","date_gmt":"2024-07-03T12:59:41","guid":{"rendered":"https:\/\/www.momengames.com\/index.php\/product\/razer-nari-chroma-kabelloses-7-1-surround-sound-gaming-headset-thx-spatial-audio-kopfbuegel-mit-automatischer-anpassung-und-schwenkbare-ohrmuscheln-automatische-anpassung\/"},"modified":"2024-07-03T12:59:41","modified_gmt":"2024-07-03T12:59:41","slug":"razer-nari-chroma-kabelloses-7-1-surround-sound-gaming-headset-thx-spatial-audio-kopfbuegel-mit-automatischer-anpassung-und-schwenkbare-ohrmuscheln-automatische-anpassung","status":"publish","type":"product","link":"https:\/\/www.momengames.com\/index.php\/product\/razer-nari-chroma-kabelloses-7-1-surround-sound-gaming-headset-thx-spatial-audio-kopfbuegel-mit-automatischer-anpassung-und-schwenkbare-ohrmuscheln-automatische-anpassung\/?lang=de","title":{"rendered":"Razer Nari Chroma Kabelloses 7.1-Surround-Sound-Gaming-Headset: THX Spatial Audio \u2013 Kopfb\u00fcgel mit automatischer Anpassung und schwenkbare Ohrmuscheln \u2013 Automatische Anpassung \u2013 Klappmikrofon \u2013 nur f\u00fcr PC, PS4, PS5 \u2013 Schwarz"},"content":{"rendered":"<p>Frequenzgang 20 Hz \u2013 20 kHz.Kopfh\u00f6rer-Passform: Over-Ear.Impedanz 32 \u03a9 (1 kHz). Empfindlichkeit 107 \u00b1 3 dB (1 kHz).<br \/>\nDer Hersteller von Gaming-Peripherieger\u00e4ten in den USA: Quelle: The NPD Group, Inc. U.S. Retail Tracking Service, Tastaturen, M\u00e4use, PC-Headset\/PC-Mikrofon, Gaming-Design, basierend auf Dollar-Umsatz, 2017\u20132021.<br \/>\nLeichter und automatisch anpassbarer Kopfb\u00fcgel f\u00fcr ausgedehnte Gaming-Sessions: Das Nari Essential passt sich der Kopfform des Benutzers an und sorgt so f\u00fcr bequemen Tragekomfort.<br \/>\nTHX Spatial Audio f\u00fcr vollst\u00e4ndiges Eintauchen: Simuliert Klang in einer 360\u00b0-Kugel, um Positionsinformationen von Sch\u00fcssen und feindlichen Schritten bereitzustellen.<br \/>\nAudiosteuerung am Headset: Lautst\u00e4rkeregler und Mikrofon-Stummschalttaste direkt am Headset f\u00fcr mehr Komfort.<br \/>\n16 Stunden Akkulaufzeit bei Dauergebrauch: Erm\u00f6glicht l\u00e4ngere drahtlose Mediennutzung (wird \u00fcber Micro-USB-2.0-Kabel aufgeladen).<br \/>\nMikrofon mit Ger\u00e4uschunterdr\u00fcckung f\u00fcr klaren Chat im Spiel: Das nach au\u00dfen klappbare Mikrofon f\u00e4hrt bei Bedarf aus und bei Nichtgebrauch zusammen, w\u00e4hrend Hintergrundger\u00e4usche ausgeblendet werden.<br \/>\n2,4-GHz-Drahtlosverbindung f\u00fcr verz\u00f6gerungsfreie Leistung: Unterst\u00fctzt eine Reichweite von bis zu 12 m.<\/p>\n","protected":false},"excerpt":{"rendered":"<p>Frequenzgang 20 Hz \u2013 20 kHz.Kopfh\u00f6rer-Passform: Over-Ear.Impedanz 32 \u03a9 (1 kHz). Empfindlichkeit 107 \u00b1 3 dB (1 kHz).<br \/>\nDer Hersteller von Gaming-Peripherieger\u00e4ten in den USA: Quelle: The NPD Group, Inc. U.S. Retail Tracking Service, Tastaturen, M\u00e4use, PC-Headset\/PC-Mikrofon, Gaming-Design, basierend auf Dollar-Umsatz, 2017\u20132021.<br \/>\nLeichter und automatisch anpassbarer Kopfb\u00fcgel f\u00fcr ausgedehnte Gaming-Sessions: Das Nari Essential passt sich der Kopfform des Benutzers an und sorgt so f\u00fcr bequemen Tragekomfort.<br \/>\nTHX Spatial Audio f\u00fcr vollst\u00e4ndiges Eintauchen: Simuliert Klang in einer 360\u00b0-Kugel, um Positionsinformationen von Sch\u00fcssen und feindlichen Schritten bereitzustellen.<br \/>\nAudiosteuerung am Headset: Lautst\u00e4rkeregler und Mikrofon-Stummschalttaste direkt am Headset f\u00fcr mehr Komfort.<br \/>\n16 Stunden Akkulaufzeit bei Dauergebrauch: Erm\u00f6glicht l\u00e4ngere drahtlose Mediennutzung (wird \u00fcber Micro-USB-2.0-Kabel aufgeladen).<br \/>\nMikrofon mit Ger\u00e4uschunterdr\u00fcckung f\u00fcr klaren Chat im Spiel: Das nach au\u00dfen klappbare Mikrofon f\u00e4hrt bei Bedarf aus und bei Nichtgebrauch zusammen, w\u00e4hrend Hintergrundger\u00e4usche ausgeblendet werden.<br \/>\n2,4-GHz-Drahtlosverbindung f\u00fcr verz\u00f6gerungsfreie Leistung: Unterst\u00fctzt eine Reichweite von bis zu 12 m.<\/p>\n","protected":false},"featured_media":23655,"comment_status":"open","ping_status":"closed","template":"","meta":{"iawp_total_views":32},"product_brand":[],"product_cat":[24],"product_tag":[],"class_list":{"0":"post-25801","1":"product","2":"type-product","3":"status-publish","4":"has-post-thumbnail","6":"product_cat-electronics-accessories-de","8":"first","9":"instock","10":"sale","11":"taxable","12":"shipping-taxable","13":"purchasable","14":"product-type-simple"},"jetpack_sharing_enabled":true,"_links":{"self":[{"href":"https:\/\/www.momengames.com\/index.php\/wp-json\/wp\/v2\/product\/25801","targetHints":{"allow":["GET"]}}],"collection":[{"href":"https:\/\/www.momengames.com\/index.php\/wp-json\/wp\/v2\/product"}],"about":[{"href":"https:\/\/www.momengames.com\/index.php\/wp-json\/wp\/v2\/types\/product"}],"replies":[{"embeddable":true,"href":"https:\/\/www.momengames.com\/index.php\/wp-json\/wp\/v2\/comments?post=25801"}],"wp:featuredmedia":[{"embeddable":true,"href":"https:\/\/www.momengames.com\/index.php\/wp-json\/wp\/v2\/media\/23655"}],"wp:attachment":[{"href":"https:\/\/www.momengames.com\/index.php\/wp-json\/wp\/v2\/media?parent=25801"}],"wp:term":[{"taxonomy":"product_brand","embeddable":true,"href":"https:\/\/www.momengames.com\/index.php\/wp-json\/wp\/v2\/product_brand?post=25801"},{"taxonomy":"product_cat","embeddable":true,"href":"https:\/\/www.momengames.com\/index.php\/wp-json\/wp\/v2\/product_cat?post=25801"},{"taxonomy":"product_tag","embeddable":true,"href":"https:\/\/www.momengames.com\/index.php\/wp-json\/wp\/v2\/product_tag?post=25801"}],"curies":[{"name":"wp","href":"https:\/\/api.w.org\/{rel}","templated":true}]}}