{"id":25800,"date":"2024-07-03T13:04:52","date_gmt":"2024-07-03T13:04:52","guid":{"rendered":"https:\/\/www.momengames.com\/index.php\/product\/razer-sila-wlan-mesh-router-in-gaming-qualitaet-multi-channel-zerowait-dfs-technologie-hybrides-wireless-mesh-und-dedizierter-backhaul-kanal-selbstoptimierendes-netzwerk\/"},"modified":"2024-07-03T13:04:52","modified_gmt":"2024-07-03T13:04:52","slug":"razer-sila-wlan-mesh-router-in-gaming-qualitaet-multi-channel-zerowait-dfs-technologie-hybrides-wireless-mesh-und-dedizierter-backhaul-kanal-selbstoptimierendes-netzwerk","status":"publish","type":"product","link":"https:\/\/www.momengames.com\/index.php\/product\/razer-sila-wlan-mesh-router-in-gaming-qualitaet-multi-channel-zerowait-dfs-technologie-hybrides-wireless-mesh-und-dedizierter-backhaul-kanal-selbstoptimierendes-netzwerk\/?lang=de","title":{"rendered":"Razer Sila: WLAN-Mesh-Router in Gaming-Qualit\u00e4t \u2013 Multi-Channel ZeroWait DFS-Technologie \u2013 Hybrides Wireless Mesh und dedizierter Backhaul-Kanal \u2013 Selbstoptimierendes Netzwerk und Schwarmintelligenz"},"content":{"rendered":"<p>Razer FasTrack \u2013 Razer FasTrack erm\u00f6glicht es Ihnen, Ihre bevorzugte Anwendung und Ihr bevorzugtes Ger\u00e4t gezielt auszuw\u00e4hlen und zu priorisieren, um eine erstklassige Gaming- und Streaming-Leistung sicherzustellen.<br \/>\nMulti-Channel ZeroWait DFS-Technologie \u2013 Erleben Sie verz\u00f6gerungsfreies Gaming und Streaming mit Multi-Channel.<br \/>\nHybrid Wireless Mesh &amp; Dedicated Backhaul \u2013 Sila verf\u00fcgt \u00fcber ein Hybrid Wireless Mesh mit dualem Algorithmus f\u00fcr eine einfache Einrichtung und zuverl\u00e4ssige Abdeckung, egal in welchem \u200b\u200bTeil des Hauses Sie sich befinden.<br \/>\nSelbstoptimierendes Netzwerk &amp; Schwarmintelligenz \u2013 Das selbstoptimierende Netzwerk scannt st\u00e4ndig den Verkehr auf mehreren Kan\u00e4len, um einen zu finden, der frei von \u00dcberlastungen ist.<br \/>\nIntelligent Active Steering \u2013 Intelligent Active Steering wechselt automatisch und nahtlos zwischen Kan\u00e4len, B\u00e4ndern und Knoten, damit Sie ein durchg\u00e4ngig schnelles Netzwerk nutzen.<\/p>\n","protected":false},"excerpt":{"rendered":"<p>Razer FasTrack \u2013 Razer FasTrack erm\u00f6glicht es Ihnen, Ihre bevorzugte Anwendung und Ihr bevorzugtes Ger\u00e4t gezielt auszuw\u00e4hlen und zu priorisieren, um eine erstklassige Gaming- und Streaming-Leistung sicherzustellen.<br \/>\nMulti-Channel ZeroWait DFS-Technologie \u2013 Erleben Sie verz\u00f6gerungsfreies Gaming und Streaming mit Multi-Channel.<br \/>\nHybrid Wireless Mesh &amp; Dedicated Backhaul \u2013 Sila verf\u00fcgt \u00fcber ein Hybrid Wireless Mesh mit dualem Algorithmus f\u00fcr eine einfache Einrichtung und zuverl\u00e4ssige Abdeckung, egal in welchem \u200b\u200bTeil des Hauses Sie sich befinden.<br \/>\nSelbstoptimierendes Netzwerk &amp; Schwarmintelligenz \u2013 Das selbstoptimierende Netzwerk scannt st\u00e4ndig den Verkehr auf mehreren Kan\u00e4len, um einen zu finden, der frei von \u00dcberlastungen ist.<br \/>\nIntelligent Active Steering \u2013 Intelligent Active Steering wechselt automatisch und nahtlos zwischen Kan\u00e4len, B\u00e4ndern und Knoten, damit Sie ein durchg\u00e4ngig schnelles Netzwerk nutzen.<\/p>\n","protected":false},"featured_media":23659,"comment_status":"open","ping_status":"closed","template":"","meta":{"iawp_total_views":7},"product_brand":[],"product_cat":[24],"product_tag":[],"class_list":{"0":"post-25800","1":"product","2":"type-product","3":"status-publish","4":"has-post-thumbnail","6":"product_cat-electronics-accessories-de","8":"first","9":"instock","10":"sale","11":"taxable","12":"shipping-taxable","13":"purchasable","14":"product-type-simple"},"jetpack_sharing_enabled":true,"_links":{"self":[{"href":"https:\/\/www.momengames.com\/index.php\/wp-json\/wp\/v2\/product\/25800","targetHints":{"allow":["GET"]}}],"collection":[{"href":"https:\/\/www.momengames.com\/index.php\/wp-json\/wp\/v2\/product"}],"about":[{"href":"https:\/\/www.momengames.com\/index.php\/wp-json\/wp\/v2\/types\/product"}],"replies":[{"embeddable":true,"href":"https:\/\/www.momengames.com\/index.php\/wp-json\/wp\/v2\/comments?post=25800"}],"wp:featuredmedia":[{"embeddable":true,"href":"https:\/\/www.momengames.com\/index.php\/wp-json\/wp\/v2\/media\/23659"}],"wp:attachment":[{"href":"https:\/\/www.momengames.com\/index.php\/wp-json\/wp\/v2\/media?parent=25800"}],"wp:term":[{"taxonomy":"product_brand","embeddable":true,"href":"https:\/\/www.momengames.com\/index.php\/wp-json\/wp\/v2\/product_brand?post=25800"},{"taxonomy":"product_cat","embeddable":true,"href":"https:\/\/www.momengames.com\/index.php\/wp-json\/wp\/v2\/product_cat?post=25800"},{"taxonomy":"product_tag","embeddable":true,"href":"https:\/\/www.momengames.com\/index.php\/wp-json\/wp\/v2\/product_tag?post=25800"}],"curies":[{"name":"wp","href":"https:\/\/api.w.org\/{rel}","templated":true}]}}