{"id":25799,"date":"2024-07-03T13:10:48","date_gmt":"2024-07-03T13:10:48","guid":{"rendered":"https:\/\/www.momengames.com\/index.php\/product\/razer-manowar-kabelloser-7-1-surround-sound-24-ghz-wireless-technologie-quick-action-steuerung-unidirektionales-einziehbares-mikrofon-gaming-headset-funktion\/"},"modified":"2024-07-03T13:10:48","modified_gmt":"2024-07-03T13:10:48","slug":"razer-manowar-kabelloser-7-1-surround-sound-24-ghz-wireless-technologie-quick-action-steuerung-unidirektionales-einziehbares-mikrofon-gaming-headset-funktion","status":"publish","type":"product","link":"https:\/\/www.momengames.com\/index.php\/product\/razer-manowar-kabelloser-7-1-surround-sound-24-ghz-wireless-technologie-quick-action-steuerung-unidirektionales-einziehbares-mikrofon-gaming-headset-funktion\/?lang=de","title":{"rendered":"Razer ManO&#8217;War: Kabelloser 7.1-Surround-Sound \u2013 2,4-GHz-Wireless-Technologie \u2013 Quick-Action-Steuerung \u2013 Unidirektionales einziehbares Mikrofon \u2013 Gaming-Headset funktioniert mit PC, PS4 und Xbox One"},"content":{"rendered":"<p>LAG-FREIER DRAHTLOSER 2,4-GHZ-USB-ADAPTER: Reichweite von 12+2 Metern.<br \/>\nGROSSE 50-MM-TREIBER: Hi-Fi-Audio in Gaming-Qualit\u00e4t.<br \/>\nUNIDIREKTIONALES DIGITALES BOOM-MIKROFON: Optimiert f\u00fcr nat\u00fcrlichere Kl\u00e4nge und kristallklare Stimmwiedergabe.<br \/>\nSCHNELLE AKTIONSSTEUERUNG: Passen Sie Mikrofon, Lautst\u00e4rkepegel und Stummschaltung an, ohne mit den Bildschirmsteuerelementen herumzufummeln.<br \/>\nPOWERED BY RAZER CHROMA: Entdecken Sie zahllose Beleuchtungsoptionen mit 16,8 Millionen anpassbaren Farboptionen.<\/p>\n","protected":false},"excerpt":{"rendered":"<p>LAG-FREIER DRAHTLOSER 2,4-GHZ-USB-ADAPTER: Reichweite von 12+2 Metern.<br \/>\nGROSSE 50-MM-TREIBER: Hi-Fi-Audio in Gaming-Qualit\u00e4t.<br \/>\nUNIDIREKTIONALES DIGITALES BOOM-MIKROFON: Optimiert f\u00fcr nat\u00fcrlichere Kl\u00e4nge und kristallklare Stimmwiedergabe.<br \/>\nSCHNELLE AKTIONSSTEUERUNG: Passen Sie Mikrofon, Lautst\u00e4rkepegel und Stummschaltung an, ohne mit den Bildschirmsteuerelementen herumzufummeln.<br \/>\nPOWERED BY RAZER CHROMA: Entdecken Sie zahllose Beleuchtungsoptionen mit 16,8 Millionen anpassbaren Farboptionen.<\/p>\n","protected":false},"featured_media":23663,"comment_status":"open","ping_status":"closed","template":"","meta":{"iawp_total_views":86},"product_brand":[],"product_cat":[24],"product_tag":[],"class_list":{"0":"post-25799","1":"product","2":"type-product","3":"status-publish","4":"has-post-thumbnail","6":"product_cat-electronics-accessories-de","8":"first","9":"instock","10":"sale","11":"taxable","12":"shipping-taxable","13":"purchasable","14":"product-type-simple"},"jetpack_sharing_enabled":true,"_links":{"self":[{"href":"https:\/\/www.momengames.com\/index.php\/wp-json\/wp\/v2\/product\/25799","targetHints":{"allow":["GET"]}}],"collection":[{"href":"https:\/\/www.momengames.com\/index.php\/wp-json\/wp\/v2\/product"}],"about":[{"href":"https:\/\/www.momengames.com\/index.php\/wp-json\/wp\/v2\/types\/product"}],"replies":[{"embeddable":true,"href":"https:\/\/www.momengames.com\/index.php\/wp-json\/wp\/v2\/comments?post=25799"}],"wp:featuredmedia":[{"embeddable":true,"href":"https:\/\/www.momengames.com\/index.php\/wp-json\/wp\/v2\/media\/23663"}],"wp:attachment":[{"href":"https:\/\/www.momengames.com\/index.php\/wp-json\/wp\/v2\/media?parent=25799"}],"wp:term":[{"taxonomy":"product_brand","embeddable":true,"href":"https:\/\/www.momengames.com\/index.php\/wp-json\/wp\/v2\/product_brand?post=25799"},{"taxonomy":"product_cat","embeddable":true,"href":"https:\/\/www.momengames.com\/index.php\/wp-json\/wp\/v2\/product_cat?post=25799"},{"taxonomy":"product_tag","embeddable":true,"href":"https:\/\/www.momengames.com\/index.php\/wp-json\/wp\/v2\/product_tag?post=25799"}],"curies":[{"name":"wp","href":"https:\/\/api.w.org\/{rel}","templated":true}]}}