{"id":25798,"date":"2024-07-03T13:23:37","date_gmt":"2024-07-03T13:23:37","guid":{"rendered":"https:\/\/www.momengames.com\/index.php\/product\/razer-electra-v2-usb-7-1-surround-sound-automatisch-anpassender-kopfbuegel-abnehmbares-boom-mikrofon-mit-inline-steuerung-gaming-headset-funktioniert-mit-pc-und-ps4-rz0\/"},"modified":"2024-07-03T13:23:37","modified_gmt":"2024-07-03T13:23:37","slug":"razer-electra-v2-usb-7-1-surround-sound-automatisch-anpassender-kopfbuegel-abnehmbares-boom-mikrofon-mit-inline-steuerung-gaming-headset-funktioniert-mit-pc-und-ps4-rz0","status":"publish","type":"product","link":"https:\/\/www.momengames.com\/index.php\/product\/razer-electra-v2-usb-7-1-surround-sound-automatisch-anpassender-kopfbuegel-abnehmbares-boom-mikrofon-mit-inline-steuerung-gaming-headset-funktioniert-mit-pc-und-ps4-rz0\/?lang=de","title":{"rendered":"Razer Electra V2 USB: 7.1 Surround Sound \u2013 automatisch anpassender Kopfb\u00fcgel \u2013 abnehmbares Boom-Mikrofon mit Inline-Steuerung \u2013 Gaming-Headset funktioniert mit PC und PS4 (RZ04-02220100-R3U1)"},"content":{"rendered":"<p>Das Razer Electra V2 USB verf\u00fcgt \u00fcber individuell abgestimmte, hochwertige 40-mm-Audiotreiber, die einen gut kontrollierten Bass erzeugen und eine hervorragende Klangqualit\u00e4t liefern.<br \/>\nMit seiner gefederten Kopfst\u00fctze und dem leichten, robusten Rahmen sorgt das Razer Electra V2 USB f\u00fcr Komfort bei l\u00e4ngeren Gaming-Sessions.<br \/>\nMit Razers fortschrittlicher virtueller 7.1-Surround-Sound-Software k\u00f6nnen Sie Ihren Ton f\u00fcr ein personalisiertes 360-Grad-Gaming-Erlebnis kalibrieren.<br \/>\nDas Razer Electra V2 USB wird mit einem abnehmbaren Boom-Mikrofon geliefert, das zus\u00e4tzliche Flexibilit\u00e4t bietet \u2013 schlie\u00dfen Sie es an, um beim Spielen eine klare Stimme zu haben, und entfernen Sie es, wenn Sie ein ungest\u00f6rtes Musikerlebnis w\u00fcnschen.<br \/>\nMit weichen Kunstleder-Ohrpolstern, die sich drehen lassen, um den perfekten Sitz auf Ihren Ohren zu gew\u00e4hrleisten, sorgt das Razer Electra V2 USB daf\u00fcr, dass Sie durch hervorragende Schallisolierung nur das Gute h\u00f6ren.<br \/>\nKonnektivit\u00e4tstechnologie: Kabelgebunden.<br \/>\nBetriebssystem: Microsoft Windows.<\/p>\n","protected":false},"excerpt":{"rendered":"<p>Das Razer Electra V2 USB verf\u00fcgt \u00fcber individuell abgestimmte, hochwertige 40-mm-Audiotreiber, die einen gut kontrollierten Bass erzeugen und eine hervorragende Klangqualit\u00e4t liefern.<br \/>\nMit seiner gefederten Kopfst\u00fctze und dem leichten, robusten Rahmen sorgt das Razer Electra V2 USB f\u00fcr Komfort bei l\u00e4ngeren Gaming-Sessions.<br \/>\nMit Razers fortschrittlicher virtueller 7.1-Surround-Sound-Software k\u00f6nnen Sie Ihren Ton f\u00fcr ein personalisiertes 360-Grad-Gaming-Erlebnis kalibrieren.<br \/>\nDas Razer Electra V2 USB wird mit einem abnehmbaren Boom-Mikrofon geliefert, das zus\u00e4tzliche Flexibilit\u00e4t bietet \u2013 schlie\u00dfen Sie es an, um beim Spielen eine klare Stimme zu haben, und entfernen Sie es, wenn Sie ein ungest\u00f6rtes Musikerlebnis w\u00fcnschen.<br \/>\nMit weichen Kunstleder-Ohrpolstern, die sich drehen lassen, um den perfekten Sitz auf Ihren Ohren zu gew\u00e4hrleisten, sorgt das Razer Electra V2 USB daf\u00fcr, dass Sie durch hervorragende Schallisolierung nur das Gute h\u00f6ren.<br \/>\nKonnektivit\u00e4tstechnologie: Kabelgebunden.<br \/>\nBetriebssystem: Microsoft Windows.<\/p>\n","protected":false},"featured_media":23667,"comment_status":"open","ping_status":"closed","template":"","meta":{"iawp_total_views":35},"product_brand":[],"product_cat":[24],"product_tag":[],"class_list":{"0":"post-25798","1":"product","2":"type-product","3":"status-publish","4":"has-post-thumbnail","6":"product_cat-electronics-accessories-de","8":"first","9":"instock","10":"sale","11":"taxable","12":"shipping-taxable","13":"purchasable","14":"product-type-simple"},"jetpack_sharing_enabled":true,"_links":{"self":[{"href":"https:\/\/www.momengames.com\/index.php\/wp-json\/wp\/v2\/product\/25798","targetHints":{"allow":["GET"]}}],"collection":[{"href":"https:\/\/www.momengames.com\/index.php\/wp-json\/wp\/v2\/product"}],"about":[{"href":"https:\/\/www.momengames.com\/index.php\/wp-json\/wp\/v2\/types\/product"}],"replies":[{"embeddable":true,"href":"https:\/\/www.momengames.com\/index.php\/wp-json\/wp\/v2\/comments?post=25798"}],"wp:featuredmedia":[{"embeddable":true,"href":"https:\/\/www.momengames.com\/index.php\/wp-json\/wp\/v2\/media\/23667"}],"wp:attachment":[{"href":"https:\/\/www.momengames.com\/index.php\/wp-json\/wp\/v2\/media?parent=25798"}],"wp:term":[{"taxonomy":"product_brand","embeddable":true,"href":"https:\/\/www.momengames.com\/index.php\/wp-json\/wp\/v2\/product_brand?post=25798"},{"taxonomy":"product_cat","embeddable":true,"href":"https:\/\/www.momengames.com\/index.php\/wp-json\/wp\/v2\/product_cat?post=25798"},{"taxonomy":"product_tag","embeddable":true,"href":"https:\/\/www.momengames.com\/index.php\/wp-json\/wp\/v2\/product_tag?post=25798"}],"curies":[{"name":"wp","href":"https:\/\/api.w.org\/{rel}","templated":true}]}}