{"id":25797,"date":"2024-07-03T13:10:48","date_gmt":"2024-07-03T13:10:48","guid":{"rendered":"https:\/\/www.momengames.com\/index.php\/product\/razer-manowar-son-surround-7-1-sans-fil-technologie-sans-fil-24-ghz-commandes-a-action-rapide-micro-retractable-unidirectionnel-casque-de-jeu-compatible-avec-pc-ps4-et-xbox-one\/"},"modified":"2024-07-03T13:10:48","modified_gmt":"2024-07-03T13:10:48","slug":"razer-manowar-son-surround-7-1-sans-fil-technologie-sans-fil-24-ghz-commandes-a-action-rapide-micro-retractable-unidirectionnel-casque-de-jeu-compatible-avec-pc-ps4-et-xbox-one","status":"publish","type":"product","link":"https:\/\/www.momengames.com\/index.php\/product\/razer-manowar-son-surround-7-1-sans-fil-technologie-sans-fil-24-ghz-commandes-a-action-rapide-micro-retractable-unidirectionnel-casque-de-jeu-compatible-avec-pc-ps4-et-xbox-one\/?lang=fr","title":{"rendered":"Razer ManO&#8217;War : son surround 7.1 sans fil &#8211; Technologie sans fil 2,4 GHz &#8211; Commandes \u00e0 action rapide &#8211; Micro r\u00e9tractable unidirectionnel &#8211; Casque de jeu compatible avec PC, PS4 et Xbox One"},"content":{"rendered":"<p>ADAPTATEUR USB SANS FIL 2,4 GHz SANS LATENCE\u00a0: port\u00e9e de 12\u00a0+\u00a02\u00a0m\u00e8tres.<br \/>\nGRANDS HAUT-PARLEURS DE 50\u00a0MM\u00a0: audio de qualit\u00e9 gaming haute fid\u00e9lit\u00e9.<br \/>\nMICROPHONE NUM\u00c9RIQUE UNIDIRECTIONNEL \u00c0 PERCHE\u00a0: optimis\u00e9 pour des sons plus naturels et une reproduction vocale limpide.<br \/>\nCOMMANDES \u00c0 ACTION RAPIDES\u00a0: r\u00e9glez le micro, les niveaux de volume et coupez le son sans avoir \u00e0 manipuler les commandes \u00e0 l&#8217;\u00e9cran.<br \/>\nALIMENT\u00c9 PAR RAZER CHROMA\u00a0: explorez d&#8217;innombrables options d&#8217;\u00e9clairage avec 16,8\u00a0millions d&#8217;options de couleurs personnalisables.<\/p>\n","protected":false},"excerpt":{"rendered":"<p>ADAPTATEUR USB SANS FIL 2,4 GHz SANS LATENCE\u00a0: port\u00e9e de 12\u00a0+\u00a02\u00a0m\u00e8tres.<br \/>\nGRANDS HAUT-PARLEURS DE 50\u00a0MM\u00a0: audio de qualit\u00e9 gaming haute fid\u00e9lit\u00e9.<br \/>\nMICROPHONE NUM\u00c9RIQUE UNIDIRECTIONNEL \u00c0 PERCHE\u00a0: optimis\u00e9 pour des sons plus naturels et une reproduction vocale limpide.<br \/>\nCOMMANDES \u00c0 ACTION RAPIDES\u00a0: r\u00e9glez le micro, les niveaux de volume et coupez le son sans avoir \u00e0 manipuler les commandes \u00e0 l&#8217;\u00e9cran.<br \/>\nALIMENT\u00c9 PAR RAZER CHROMA\u00a0: explorez d&#8217;innombrables options d&#8217;\u00e9clairage avec 16,8\u00a0millions d&#8217;options de couleurs personnalisables.<\/p>\n","protected":false},"featured_media":23662,"comment_status":"open","ping_status":"closed","template":"","meta":{"iawp_total_views":95},"product_brand":[],"product_cat":[39],"product_tag":[],"class_list":{"0":"post-25797","1":"product","2":"type-product","3":"status-publish","4":"has-post-thumbnail","6":"product_cat-electronics-accessories-fr","8":"first","9":"instock","10":"sale","11":"taxable","12":"shipping-taxable","13":"purchasable","14":"product-type-simple"},"jetpack_sharing_enabled":true,"_links":{"self":[{"href":"https:\/\/www.momengames.com\/index.php\/wp-json\/wp\/v2\/product\/25797","targetHints":{"allow":["GET"]}}],"collection":[{"href":"https:\/\/www.momengames.com\/index.php\/wp-json\/wp\/v2\/product"}],"about":[{"href":"https:\/\/www.momengames.com\/index.php\/wp-json\/wp\/v2\/types\/product"}],"replies":[{"embeddable":true,"href":"https:\/\/www.momengames.com\/index.php\/wp-json\/wp\/v2\/comments?post=25797"}],"wp:featuredmedia":[{"embeddable":true,"href":"https:\/\/www.momengames.com\/index.php\/wp-json\/wp\/v2\/media\/23662"}],"wp:attachment":[{"href":"https:\/\/www.momengames.com\/index.php\/wp-json\/wp\/v2\/media?parent=25797"}],"wp:term":[{"taxonomy":"product_brand","embeddable":true,"href":"https:\/\/www.momengames.com\/index.php\/wp-json\/wp\/v2\/product_brand?post=25797"},{"taxonomy":"product_cat","embeddable":true,"href":"https:\/\/www.momengames.com\/index.php\/wp-json\/wp\/v2\/product_cat?post=25797"},{"taxonomy":"product_tag","embeddable":true,"href":"https:\/\/www.momengames.com\/index.php\/wp-json\/wp\/v2\/product_tag?post=25797"}],"curies":[{"name":"wp","href":"https:\/\/api.w.org\/{rel}","templated":true}]}}