{"id":25796,"date":"2024-07-03T13:04:52","date_gmt":"2024-07-03T13:04:52","guid":{"rendered":"https:\/\/www.momengames.com\/index.php\/product\/razer-sila-routeur-wi-fi-mesh-de-qualite-gaming-technologie-zerowait-dfs-multicanal-maillage-sans-fil-hybride-et-canal-de-liaison-dedie-reseau-auto-optimise-et-intelligence-en-essaim\/"},"modified":"2024-07-03T13:04:52","modified_gmt":"2024-07-03T13:04:52","slug":"razer-sila-routeur-wi-fi-mesh-de-qualite-gaming-technologie-zerowait-dfs-multicanal-maillage-sans-fil-hybride-et-canal-de-liaison-dedie-reseau-auto-optimise-et-intelligence-en-essaim","status":"publish","type":"product","link":"https:\/\/www.momengames.com\/index.php\/product\/razer-sila-routeur-wi-fi-mesh-de-qualite-gaming-technologie-zerowait-dfs-multicanal-maillage-sans-fil-hybride-et-canal-de-liaison-dedie-reseau-auto-optimise-et-intelligence-en-essaim\/?lang=fr","title":{"rendered":"Razer Sila : Routeur Wi-Fi Mesh de qualit\u00e9 gaming &#8211; Technologie ZeroWait DFS multicanal &#8211; Maillage sans fil hybride et canal de liaison d\u00e9di\u00e9 &#8211; R\u00e9seau auto-optimis\u00e9 et intelligence en essaim"},"content":{"rendered":"<p>Razer FasTrack &#8211; Razer FasTrack vous permet de s\u00e9lectionner et de hi\u00e9rarchiser sp\u00e9cifiquement votre application et votre appareil pr\u00e9f\u00e9r\u00e9s, vous assurant ainsi des performances de jeu et de streaming de premier ordre.<br \/>\nTechnologie DFS multicanal ZeroWait &#8211; Profitez de jeux et de streaming sans d\u00e9calage gr\u00e2ce au multicanal.<br \/>\nMaillage sans fil hybride et liaison d\u00e9di\u00e9e &#8211; Sila dispose d&#8217;un maillage sans fil hybride \u00e0 double algorithme pour une configuration facile et une couverture fiable, quelle que soit la partie de la maison dans laquelle vous vous trouvez.<br \/>\nR\u00e9seau auto-optimis\u00e9 et intelligence en essaim &#8211; Le r\u00e9seau auto-optimis\u00e9 analyse en permanence le trafic sur plusieurs canaux pour en trouver un qui ne soit pas encombr\u00e9.<br \/>\nDirection active intelligente &#8211; La direction active intelligente bascule automatiquement et de mani\u00e8re transparente entre les canaux, les bandes et les n\u0153uds afin que vous soyez sur un r\u00e9seau constamment rapide.<\/p>\n","protected":false},"excerpt":{"rendered":"<p>Razer FasTrack &#8211; Razer FasTrack vous permet de s\u00e9lectionner et de hi\u00e9rarchiser sp\u00e9cifiquement votre application et votre appareil pr\u00e9f\u00e9r\u00e9s, vous assurant ainsi des performances de jeu et de streaming de premier ordre.<br \/>\nTechnologie DFS multicanal ZeroWait &#8211; Profitez de jeux et de streaming sans d\u00e9calage gr\u00e2ce au multicanal.<br \/>\nMaillage sans fil hybride et liaison d\u00e9di\u00e9e &#8211; Sila dispose d&#8217;un maillage sans fil hybride \u00e0 double algorithme pour une configuration facile et une couverture fiable, quelle que soit la partie de la maison dans laquelle vous vous trouvez.<br \/>\nR\u00e9seau auto-optimis\u00e9 et intelligence en essaim &#8211; Le r\u00e9seau auto-optimis\u00e9 analyse en permanence le trafic sur plusieurs canaux pour en trouver un qui ne soit pas encombr\u00e9.<br \/>\nDirection active intelligente &#8211; La direction active intelligente bascule automatiquement et de mani\u00e8re transparente entre les canaux, les bandes et les n\u0153uds afin que vous soyez sur un r\u00e9seau constamment rapide.<\/p>\n","protected":false},"featured_media":23658,"comment_status":"open","ping_status":"closed","template":"","meta":{"iawp_total_views":9},"product_brand":[],"product_cat":[39],"product_tag":[],"class_list":{"0":"post-25796","1":"product","2":"type-product","3":"status-publish","4":"has-post-thumbnail","6":"product_cat-electronics-accessories-fr","8":"first","9":"instock","10":"sale","11":"taxable","12":"shipping-taxable","13":"purchasable","14":"product-type-simple"},"jetpack_sharing_enabled":true,"_links":{"self":[{"href":"https:\/\/www.momengames.com\/index.php\/wp-json\/wp\/v2\/product\/25796","targetHints":{"allow":["GET"]}}],"collection":[{"href":"https:\/\/www.momengames.com\/index.php\/wp-json\/wp\/v2\/product"}],"about":[{"href":"https:\/\/www.momengames.com\/index.php\/wp-json\/wp\/v2\/types\/product"}],"replies":[{"embeddable":true,"href":"https:\/\/www.momengames.com\/index.php\/wp-json\/wp\/v2\/comments?post=25796"}],"wp:featuredmedia":[{"embeddable":true,"href":"https:\/\/www.momengames.com\/index.php\/wp-json\/wp\/v2\/media\/23658"}],"wp:attachment":[{"href":"https:\/\/www.momengames.com\/index.php\/wp-json\/wp\/v2\/media?parent=25796"}],"wp:term":[{"taxonomy":"product_brand","embeddable":true,"href":"https:\/\/www.momengames.com\/index.php\/wp-json\/wp\/v2\/product_brand?post=25796"},{"taxonomy":"product_cat","embeddable":true,"href":"https:\/\/www.momengames.com\/index.php\/wp-json\/wp\/v2\/product_cat?post=25796"},{"taxonomy":"product_tag","embeddable":true,"href":"https:\/\/www.momengames.com\/index.php\/wp-json\/wp\/v2\/product_tag?post=25796"}],"curies":[{"name":"wp","href":"https:\/\/api.w.org\/{rel}","templated":true}]}}