{"id":25794,"date":"2024-07-03T12:52:04","date_gmt":"2024-07-03T12:52:04","guid":{"rendered":"https:\/\/www.momengames.com\/index.php\/product\/razer-lancehead-tournament-edition-capteur-optique-5g-16-000-dpi-memoire-integree-et-cloud-souris-de-jeu-ambidextre-gunmetal\/"},"modified":"2024-07-03T12:52:04","modified_gmt":"2024-07-03T12:52:04","slug":"razer-lancehead-tournament-edition-capteur-optique-5g-16-000-dpi-memoire-integree-et-cloud-souris-de-jeu-ambidextre-gunmetal","status":"publish","type":"product","link":"https:\/\/www.momengames.com\/index.php\/product\/razer-lancehead-tournament-edition-capteur-optique-5g-16-000-dpi-memoire-integree-et-cloud-souris-de-jeu-ambidextre-gunmetal\/?lang=fr","title":{"rendered":"Razer Lancehead Tournament Edition : Capteur optique 5G &#8211; 16 000 Dpi &#8211; M\u00e9moire int\u00e9gr\u00e9e et cloud &#8211; Souris de jeu ambidextre &#8211; Gunmetal"},"content":{"rendered":"<p>Avec son format ambidextre, la Razer Lancehead Tournament Edition est con\u00e7ue pour les joueurs gauchers et droitiers. Dot\u00e9e de l&#8217;un des capteurs de jeu optiques les plus perfectionn\u00e9s au monde et de commutateurs de souris m\u00e9caniques Razer, vous obtenez des performances et une durabilit\u00e9 sans pr\u00e9c\u00e9dent. Avec le stockage de m\u00e9moire hybride aliment\u00e9 par Razer Synapse Pro, vous aurez toujours acc\u00e8s \u00e0 vos profils pr\u00e9f\u00e9r\u00e9s.<\/p>\n","protected":false},"excerpt":{"rendered":"<p>Avec son format ambidextre, la Razer Lancehead Tournament Edition est con\u00e7ue pour les joueurs gauchers et droitiers. Dot\u00e9e de l&#8217;un des capteurs de jeu optiques les plus perfectionn\u00e9s au monde et de commutateurs de souris m\u00e9caniques Razer, vous obtenez des performances et une durabilit\u00e9 sans pr\u00e9c\u00e9dent. Avec le stockage de m\u00e9moire hybride aliment\u00e9 par Razer Synapse Pro, vous aurez toujours acc\u00e8s \u00e0 vos profils pr\u00e9f\u00e9r\u00e9s.<\/p>\n","protected":false},"featured_media":23650,"comment_status":"open","ping_status":"closed","template":"","meta":{"iawp_total_views":94},"product_brand":[],"product_cat":[40],"product_tag":[],"class_list":{"0":"post-25794","1":"product","2":"type-product","3":"status-publish","4":"has-post-thumbnail","6":"product_cat-pc-gamepads-standard-controllers-fr","8":"first","9":"instock","10":"sale","11":"taxable","12":"shipping-taxable","13":"purchasable","14":"product-type-simple"},"jetpack_sharing_enabled":true,"_links":{"self":[{"href":"https:\/\/www.momengames.com\/index.php\/wp-json\/wp\/v2\/product\/25794","targetHints":{"allow":["GET"]}}],"collection":[{"href":"https:\/\/www.momengames.com\/index.php\/wp-json\/wp\/v2\/product"}],"about":[{"href":"https:\/\/www.momengames.com\/index.php\/wp-json\/wp\/v2\/types\/product"}],"replies":[{"embeddable":true,"href":"https:\/\/www.momengames.com\/index.php\/wp-json\/wp\/v2\/comments?post=25794"}],"wp:featuredmedia":[{"embeddable":true,"href":"https:\/\/www.momengames.com\/index.php\/wp-json\/wp\/v2\/media\/23650"}],"wp:attachment":[{"href":"https:\/\/www.momengames.com\/index.php\/wp-json\/wp\/v2\/media?parent=25794"}],"wp:term":[{"taxonomy":"product_brand","embeddable":true,"href":"https:\/\/www.momengames.com\/index.php\/wp-json\/wp\/v2\/product_brand?post=25794"},{"taxonomy":"product_cat","embeddable":true,"href":"https:\/\/www.momengames.com\/index.php\/wp-json\/wp\/v2\/product_cat?post=25794"},{"taxonomy":"product_tag","embeddable":true,"href":"https:\/\/www.momengames.com\/index.php\/wp-json\/wp\/v2\/product_tag?post=25794"}],"curies":[{"name":"wp","href":"https:\/\/api.w.org\/{rel}","templated":true}]}}