{"id":25793,"date":"2024-07-03T12:47:30","date_gmt":"2024-07-03T12:47:30","guid":{"rendered":"https:\/\/www.momengames.com\/index.php\/product\/razer-rz01-01210400-r3m1-deathadder-chroma-tomb-raider-edition-souris-de-jeu-ergonomique-capteur-10-000-dpi\/"},"modified":"2024-07-03T12:47:30","modified_gmt":"2024-07-03T12:47:30","slug":"razer-rz01-01210400-r3m1-deathadder-chroma-tomb-raider-edition-souris-de-jeu-ergonomique-capteur-10-000-dpi","status":"publish","type":"product","link":"https:\/\/www.momengames.com\/index.php\/product\/razer-rz01-01210400-r3m1-deathadder-chroma-tomb-raider-edition-souris-de-jeu-ergonomique-capteur-10-000-dpi\/?lang=fr","title":{"rendered":"Razer RZ01-01210400-R3M1 Deathadder Chroma Tomb Raider Edition, Souris de jeu ergonomique &#8211; Capteur 10 000 DPI"},"content":{"rendered":"<p>Con\u00e7ue pour s&#8217;adapter parfaitement \u00e0 votre paume, la forme ergonomique de la Razer DeathAdder Chroma offre aux joueurs l&#8217;exp\u00e9rience de jeu la plus confortable qui soit.<br \/>\nLa Razer DeathAdder Chroma est \u00e9quip\u00e9e d&#8217;un capteur optique de 10 000 dpi. Elle est capable de vitesses de d\u00e9placement de souris allant jusqu&#8217;\u00e0 200 pouces par seconde et d&#8217;acc\u00e9l\u00e9ration de 50 g.<br \/>\nQue vous jouiez \u00e0 des vitesses rapides ou lentes, la DeathAdder Chroma r\u00e9pondra toujours \u00e0 l&#8217;\u00e9cran avec une pr\u00e9cision rigoureuse et une fluidit\u00e9 organique uniquement possible avec un capteur optique.<br \/>\nLe capteur de la Razer DeathAdder Chroma est \u00e9galement capable de suivre l&#8217;axe Z jusqu&#8217;\u00e0 1 mm sur la plupart des surfaces, y compris les plateaux de table en verre.<br \/>\n\u00c9clairage Chroma avec 16,8 millions d&#8217;options de couleurs. Que vous souhaitiez du bleu \u00e9lectrique, du rose pastel ou du vert signature Razer, vous pouvez d\u00e9sormais \u00e9clairer la molette de d\u00e9filement et le logo Razer de votre DeathAdder.<\/p>\n","protected":false},"excerpt":{"rendered":"<p>Con\u00e7ue pour s&#8217;adapter parfaitement \u00e0 votre paume, la forme ergonomique de la Razer DeathAdder Chroma offre aux joueurs l&#8217;exp\u00e9rience de jeu la plus confortable qui soit.<br \/>\nLa Razer DeathAdder Chroma est \u00e9quip\u00e9e d&#8217;un capteur optique de 10 000 dpi. Elle est capable de vitesses de d\u00e9placement de souris allant jusqu&#8217;\u00e0 200 pouces par seconde et d&#8217;acc\u00e9l\u00e9ration de 50 g.<br \/>\nQue vous jouiez \u00e0 des vitesses rapides ou lentes, la DeathAdder Chroma r\u00e9pondra toujours \u00e0 l&#8217;\u00e9cran avec une pr\u00e9cision rigoureuse et une fluidit\u00e9 organique uniquement possible avec un capteur optique.<br \/>\nLe capteur de la Razer DeathAdder Chroma est \u00e9galement capable de suivre l&#8217;axe Z jusqu&#8217;\u00e0 1 mm sur la plupart des surfaces, y compris les plateaux de table en verre.<br \/>\n\u00c9clairage Chroma avec 16,8 millions d&#8217;options de couleurs. Que vous souhaitiez du bleu \u00e9lectrique, du rose pastel ou du vert signature Razer, vous pouvez d\u00e9sormais \u00e9clairer la molette de d\u00e9filement et le logo Razer de votre DeathAdder.<\/p>\n","protected":false},"featured_media":23645,"comment_status":"open","ping_status":"closed","template":"","meta":{"iawp_total_views":2},"product_brand":[],"product_cat":[40],"product_tag":[],"class_list":{"0":"post-25793","1":"product","2":"type-product","3":"status-publish","4":"has-post-thumbnail","6":"product_cat-pc-gamepads-standard-controllers-fr","8":"first","9":"instock","10":"sale","11":"taxable","12":"shipping-taxable","13":"purchasable","14":"product-type-simple"},"jetpack_sharing_enabled":true,"_links":{"self":[{"href":"https:\/\/www.momengames.com\/index.php\/wp-json\/wp\/v2\/product\/25793","targetHints":{"allow":["GET"]}}],"collection":[{"href":"https:\/\/www.momengames.com\/index.php\/wp-json\/wp\/v2\/product"}],"about":[{"href":"https:\/\/www.momengames.com\/index.php\/wp-json\/wp\/v2\/types\/product"}],"replies":[{"embeddable":true,"href":"https:\/\/www.momengames.com\/index.php\/wp-json\/wp\/v2\/comments?post=25793"}],"wp:featuredmedia":[{"embeddable":true,"href":"https:\/\/www.momengames.com\/index.php\/wp-json\/wp\/v2\/media\/23645"}],"wp:attachment":[{"href":"https:\/\/www.momengames.com\/index.php\/wp-json\/wp\/v2\/media?parent=25793"}],"wp:term":[{"taxonomy":"product_brand","embeddable":true,"href":"https:\/\/www.momengames.com\/index.php\/wp-json\/wp\/v2\/product_brand?post=25793"},{"taxonomy":"product_cat","embeddable":true,"href":"https:\/\/www.momengames.com\/index.php\/wp-json\/wp\/v2\/product_cat?post=25793"},{"taxonomy":"product_tag","embeddable":true,"href":"https:\/\/www.momengames.com\/index.php\/wp-json\/wp\/v2\/product_tag?post=25793"}],"curies":[{"name":"wp","href":"https:\/\/api.w.org\/{rel}","templated":true}]}}