{"id":25792,"date":"2024-07-03T12:16:45","date_gmt":"2024-07-03T12:16:45","guid":{"rendered":"https:\/\/www.momengames.com\/index.php\/product\/razer-thresher-tournament-edition-micro-a-perche-retractable-connexion-audio-35-mm-coussinets-doreille-en-similicuir-legers-casque-de-jeu-compatible-avec-pc-ps4-xbox-one-switch-et-apparei\/"},"modified":"2024-07-03T12:16:45","modified_gmt":"2024-07-03T12:16:45","slug":"razer-thresher-tournament-edition-micro-a-perche-retractable-connexion-audio-35-mm-coussinets-doreille-en-similicuir-legers-casque-de-jeu-compatible-avec-pc-ps4-xbox-one-switch-et-apparei","status":"publish","type":"product","link":"https:\/\/www.momengames.com\/index.php\/product\/razer-thresher-tournament-edition-micro-a-perche-retractable-connexion-audio-35-mm-coussinets-doreille-en-similicuir-legers-casque-de-jeu-compatible-avec-pc-ps4-xbox-one-switch-et-apparei\/?lang=fr","title":{"rendered":"Razer Thresher Tournament Edition : micro \u00e0 perche r\u00e9tractable &#8211; Connexion audio 3,5 mm &#8211; Coussinets d&#8217;oreille en similicuir l\u00e9gers &#8211; Casque de jeu compatible avec PC, PS4, Xbox One, Switch et appareils mobiles"},"content":{"rendered":"<p>Lorsque nous avons demand\u00e9 aux athl\u00e8tes d&#8217;e-sport ce qui comptait le plus dans un casque de jeu, la r\u00e9ponse retentissante \u00e9tait le confort. Le Razer Thresher Tournament Edition est notre r\u00e9ponse \u00e0 cela et plus encore. Nous l&#8217;avons \u00e9quip\u00e9 de gros haut-parleurs audio de 50 mm pour un son r\u00e9aliste, d&#8217;un micro perche qui fonctionne parfaitement dans les environnements bruyants et d&#8217;\u00e9couteurs rembourr\u00e9s en mousse \u00e0 m\u00e9moire de forme envelopp\u00e9s dans du similicuir souple et doux.<br \/>\nCon\u00e7us pour un confort total pendant les marathons de jeu intenses, les coussinets d&#8217;oreille l\u00e9gers en similicuir sont fabriqu\u00e9s \u00e0 partir de mousse \u00e0 m\u00e9moire de forme afin qu&#8217;ils s&#8217;adaptent sans effort \u00e0 la forme de la t\u00eate de chaque individu. Cette \u00e9tanch\u00e9it\u00e9 naturelle offre une isolation sonore optimale et am\u00e9liore la qualit\u00e9 du son, ainsi qu&#8217;un confort in\u00e9gal\u00e9. D\u00e9sormais, vos marathons de jeu et vos s\u00e9ances d&#8217;entra\u00eenement peuvent durer des heures sans interruption.<br \/>\nLe microphone unidirectionnel \u00e0 champ proche a \u00e9t\u00e9 test\u00e9 et valid\u00e9 avec des joueurs professionnels en tournoi pour toujours offrir un chat vocal incroyablement clair. Le diagramme de captation du micro perche r\u00e9tractable est affin\u00e9 pour capturer uniquement votre voix, afin que vos co\u00e9quipiers puissent vous comprendre m\u00eame dans des environnements bruyants.<br \/>\nFaites de ce casque votre choix et soyez pr\u00eat \u00e0 affronter la concurrence sur toutes vos plateformes\u00a0; avec un connecteur audio de 3,5\u00a0mm, l&#8217;\u00e9dition filaire Razer Thresher Tournament offre un son sans d\u00e9calage et est compatible avec PlayStation, Xbox, PC et plus encore.<br \/>\nConfortable avec des lunettes avec des indentations en mousse pour soulager les tempes\u00a0; s&#8217;ajuste id\u00e9alement \u00e0 la forme de votre t\u00eate pour que vous puissiez rester compl\u00e8tement concentr\u00e9 sur votre jeu.<\/p>\n","protected":false},"excerpt":{"rendered":"<p>Lorsque nous avons demand\u00e9 aux athl\u00e8tes d&#8217;e-sport ce qui comptait le plus dans un casque de jeu, la r\u00e9ponse retentissante \u00e9tait le confort. Le Razer Thresher Tournament Edition est notre r\u00e9ponse \u00e0 cela et plus encore. Nous l&#8217;avons \u00e9quip\u00e9 de gros haut-parleurs audio de 50 mm pour un son r\u00e9aliste, d&#8217;un micro perche qui fonctionne parfaitement dans les environnements bruyants et d&#8217;\u00e9couteurs rembourr\u00e9s en mousse \u00e0 m\u00e9moire de forme envelopp\u00e9s dans du similicuir souple et doux.<br \/>\nCon\u00e7us pour un confort total pendant les marathons de jeu intenses, les coussinets d&#8217;oreille l\u00e9gers en similicuir sont fabriqu\u00e9s \u00e0 partir de mousse \u00e0 m\u00e9moire de forme afin qu&#8217;ils s&#8217;adaptent sans effort \u00e0 la forme de la t\u00eate de chaque individu. Cette \u00e9tanch\u00e9it\u00e9 naturelle offre une isolation sonore optimale et am\u00e9liore la qualit\u00e9 du son, ainsi qu&#8217;un confort in\u00e9gal\u00e9. D\u00e9sormais, vos marathons de jeu et vos s\u00e9ances d&#8217;entra\u00eenement peuvent durer des heures sans interruption.<br \/>\nLe microphone unidirectionnel \u00e0 champ proche a \u00e9t\u00e9 test\u00e9 et valid\u00e9 avec des joueurs professionnels en tournoi pour toujours offrir un chat vocal incroyablement clair. Le diagramme de captation du micro perche r\u00e9tractable est affin\u00e9 pour capturer uniquement votre voix, afin que vos co\u00e9quipiers puissent vous comprendre m\u00eame dans des environnements bruyants.<br \/>\nFaites de ce casque votre choix et soyez pr\u00eat \u00e0 affronter la concurrence sur toutes vos plateformes\u00a0; avec un connecteur audio de 3,5\u00a0mm, l&#8217;\u00e9dition filaire Razer Thresher Tournament offre un son sans d\u00e9calage et est compatible avec PlayStation, Xbox, PC et plus encore.<br \/>\nConfortable avec des lunettes avec des indentations en mousse pour soulager les tempes\u00a0; s&#8217;ajuste id\u00e9alement \u00e0 la forme de votre t\u00eate pour que vous puissiez rester compl\u00e8tement concentr\u00e9 sur votre jeu.<\/p>\n","protected":false},"featured_media":23641,"comment_status":"open","ping_status":"closed","template":"","meta":{"iawp_total_views":13},"product_brand":[],"product_cat":[39],"product_tag":[],"class_list":{"0":"post-25792","1":"product","2":"type-product","3":"status-publish","4":"has-post-thumbnail","6":"product_cat-electronics-accessories-fr","8":"first","9":"instock","10":"sale","11":"taxable","12":"shipping-taxable","13":"purchasable","14":"product-type-simple"},"jetpack_sharing_enabled":true,"_links":{"self":[{"href":"https:\/\/www.momengames.com\/index.php\/wp-json\/wp\/v2\/product\/25792","targetHints":{"allow":["GET"]}}],"collection":[{"href":"https:\/\/www.momengames.com\/index.php\/wp-json\/wp\/v2\/product"}],"about":[{"href":"https:\/\/www.momengames.com\/index.php\/wp-json\/wp\/v2\/types\/product"}],"replies":[{"embeddable":true,"href":"https:\/\/www.momengames.com\/index.php\/wp-json\/wp\/v2\/comments?post=25792"}],"wp:featuredmedia":[{"embeddable":true,"href":"https:\/\/www.momengames.com\/index.php\/wp-json\/wp\/v2\/media\/23641"}],"wp:attachment":[{"href":"https:\/\/www.momengames.com\/index.php\/wp-json\/wp\/v2\/media?parent=25792"}],"wp:term":[{"taxonomy":"product_brand","embeddable":true,"href":"https:\/\/www.momengames.com\/index.php\/wp-json\/wp\/v2\/product_brand?post=25792"},{"taxonomy":"product_cat","embeddable":true,"href":"https:\/\/www.momengames.com\/index.php\/wp-json\/wp\/v2\/product_cat?post=25792"},{"taxonomy":"product_tag","embeddable":true,"href":"https:\/\/www.momengames.com\/index.php\/wp-json\/wp\/v2\/product_tag?post=25792"}],"curies":[{"name":"wp","href":"https:\/\/api.w.org\/{rel}","templated":true}]}}