{"id":25791,"date":"2024-07-03T12:11:17","date_gmt":"2024-07-03T12:11:17","guid":{"rendered":"https:\/\/www.momengames.com\/index.php\/product\/casque-de-jeu-sans-fil-razer-nari-essential-avec-son-surround-7-1-thx-spatial-audio-bandeau-a-reglage-automatique-et-ecouteurs-pivotants-reglage-automatique-micro-rabattable-pour-pc-ps4-ps\/"},"modified":"2024-07-03T12:11:17","modified_gmt":"2024-07-03T12:11:17","slug":"casque-de-jeu-sans-fil-razer-nari-essential-avec-son-surround-7-1-thx-spatial-audio-bandeau-a-reglage-automatique-et-ecouteurs-pivotants-reglage-automatique-micro-rabattable-pour-pc-ps4-ps","status":"publish","type":"product","link":"https:\/\/www.momengames.com\/index.php\/product\/casque-de-jeu-sans-fil-razer-nari-essential-avec-son-surround-7-1-thx-spatial-audio-bandeau-a-reglage-automatique-et-ecouteurs-pivotants-reglage-automatique-micro-rabattable-pour-pc-ps4-ps\/?lang=fr","title":{"rendered":"Casque de jeu sans fil Razer Nari Essential avec son surround 7.1 : THX Spatial Audio &#8211; Bandeau \u00e0 r\u00e9glage automatique et \u00e9couteurs pivotants &#8211; R\u00e9glage automatique &#8211; Micro rabattable &#8211; Pour PC, PS4, PS5 uniquement &#8211; Noir"},"content":{"rendered":"<p>R\u00e9ponse en fr\u00e9quence 20 Hz \u2013 20 kHz. Type d&#8217;ajustement du casque : supra-auriculaire. Imp\u00e9dance 32 \u03a9 (1 kHz). Sensibilit\u00e9 107 \u00b1 3 dB (1 kHz).<br \/>\nFabricant de p\u00e9riph\u00e9riques de jeu aux \u00c9tats-Unis : Source The NPD Group, Inc. Service de suivi de la vente au d\u00e9tail aux \u00c9tats-Unis, claviers, souris, casque PC\/microphone PC, conception pour le jeu, sur la base des ventes en dollars, 2017-2021.<br \/>\nBandeau l\u00e9ger et \u00e0 r\u00e9glage automatique pour des sessions de jeu prolong\u00e9es : le Nari Essential s&#8217;adapte \u00e0 la forme de la t\u00eate de l&#8217;utilisateur pour un confort pratique.<br \/>\nAudio spatial THX pour une immersion totale : simule le son dans une sph\u00e8re \u00e0 360\u00b0 pour fournir des informations de position sur les coups de feu et les pas ennemis.<br \/>\nCommandes audio sur le casque : molette de r\u00e9glage du volume et bouton de coupure du micro directement sur le casque pour plus de commodit\u00e9.<br \/>\nAutonomie de la batterie de 16 heures pour une utilisation continue : permet une consommation multim\u00e9dia sans fil prolong\u00e9e (charge via un c\u00e2ble micro USB 2.0).<br \/>\nMicrophone antibruit pour une conversation claire en jeu : le microphone pivotant vers l&#8217;ext\u00e9rieur s&#8217;\u00e9tend lorsque cela est n\u00e9cessaire et se replie lorsqu&#8217;il ne l&#8217;est pas, tout en bloquant le bruit de fond.<br \/>\nConnexion sans fil 2,4 GHz pour des performances sans d\u00e9calage : prend en charge une port\u00e9e allant jusqu&#8217;\u00e0 40 pieds \/ 12 m.<\/p>\n","protected":false},"excerpt":{"rendered":"<p>R\u00e9ponse en fr\u00e9quence 20 Hz \u2013 20 kHz. Type d&#8217;ajustement du casque : supra-auriculaire. Imp\u00e9dance 32 \u03a9 (1 kHz). Sensibilit\u00e9 107 \u00b1 3 dB (1 kHz).<br \/>\nFabricant de p\u00e9riph\u00e9riques de jeu aux \u00c9tats-Unis : Source The NPD Group, Inc. Service de suivi de la vente au d\u00e9tail aux \u00c9tats-Unis, claviers, souris, casque PC\/microphone PC, conception pour le jeu, sur la base des ventes en dollars, 2017-2021.<br \/>\nBandeau l\u00e9ger et \u00e0 r\u00e9glage automatique pour des sessions de jeu prolong\u00e9es : le Nari Essential s&#8217;adapte \u00e0 la forme de la t\u00eate de l&#8217;utilisateur pour un confort pratique.<br \/>\nAudio spatial THX pour une immersion totale : simule le son dans une sph\u00e8re \u00e0 360\u00b0 pour fournir des informations de position sur les coups de feu et les pas ennemis.<br \/>\nCommandes audio sur le casque : molette de r\u00e9glage du volume et bouton de coupure du micro directement sur le casque pour plus de commodit\u00e9.<br \/>\nAutonomie de la batterie de 16 heures pour une utilisation continue : permet une consommation multim\u00e9dia sans fil prolong\u00e9e (charge via un c\u00e2ble micro USB 2.0).<br \/>\nMicrophone antibruit pour une conversation claire en jeu : le microphone pivotant vers l&#8217;ext\u00e9rieur s&#8217;\u00e9tend lorsque cela est n\u00e9cessaire et se replie lorsqu&#8217;il ne l&#8217;est pas, tout en bloquant le bruit de fond.<br \/>\nConnexion sans fil 2,4 GHz pour des performances sans d\u00e9calage : prend en charge une port\u00e9e allant jusqu&#8217;\u00e0 40 pieds \/ 12 m.<\/p>\n","protected":false},"featured_media":23637,"comment_status":"open","ping_status":"closed","template":"","meta":{"iawp_total_views":470},"product_brand":[],"product_cat":[40],"product_tag":[],"class_list":{"0":"post-25791","1":"product","2":"type-product","3":"status-publish","4":"has-post-thumbnail","6":"product_cat-pc-gamepads-standard-controllers-fr","8":"first","9":"instock","10":"sale","11":"taxable","12":"shipping-taxable","13":"purchasable","14":"product-type-simple"},"jetpack_sharing_enabled":true,"_links":{"self":[{"href":"https:\/\/www.momengames.com\/index.php\/wp-json\/wp\/v2\/product\/25791","targetHints":{"allow":["GET"]}}],"collection":[{"href":"https:\/\/www.momengames.com\/index.php\/wp-json\/wp\/v2\/product"}],"about":[{"href":"https:\/\/www.momengames.com\/index.php\/wp-json\/wp\/v2\/types\/product"}],"replies":[{"embeddable":true,"href":"https:\/\/www.momengames.com\/index.php\/wp-json\/wp\/v2\/comments?post=25791"}],"wp:featuredmedia":[{"embeddable":true,"href":"https:\/\/www.momengames.com\/index.php\/wp-json\/wp\/v2\/media\/23637"}],"wp:attachment":[{"href":"https:\/\/www.momengames.com\/index.php\/wp-json\/wp\/v2\/media?parent=25791"}],"wp:term":[{"taxonomy":"product_brand","embeddable":true,"href":"https:\/\/www.momengames.com\/index.php\/wp-json\/wp\/v2\/product_brand?post=25791"},{"taxonomy":"product_cat","embeddable":true,"href":"https:\/\/www.momengames.com\/index.php\/wp-json\/wp\/v2\/product_cat?post=25791"},{"taxonomy":"product_tag","embeddable":true,"href":"https:\/\/www.momengames.com\/index.php\/wp-json\/wp\/v2\/product_tag?post=25791"}],"curies":[{"name":"wp","href":"https:\/\/api.w.org\/{rel}","templated":true}]}}