{"id":25789,"date":"2024-07-03T12:04:33","date_gmt":"2024-07-03T12:04:33","guid":{"rendered":"https:\/\/www.momengames.com\/index.php\/product\/souris-de-jeu-sans-fil-legere-razer-viper-ultimate-avec-station-de-chargement-rvb-capteur-optique-20-000-dpi-poids-de-78-g-et-commutateur-de-souris-optique-edition-cyberpunk-2077\/"},"modified":"2024-07-03T12:04:33","modified_gmt":"2024-07-03T12:04:33","slug":"souris-de-jeu-sans-fil-legere-razer-viper-ultimate-avec-station-de-chargement-rvb-capteur-optique-20-000-dpi-poids-de-78-g-et-commutateur-de-souris-optique-edition-cyberpunk-2077","status":"publish","type":"product","link":"https:\/\/www.momengames.com\/index.php\/product\/souris-de-jeu-sans-fil-legere-razer-viper-ultimate-avec-station-de-chargement-rvb-capteur-optique-20-000-dpi-poids-de-78-g-et-commutateur-de-souris-optique-edition-cyberpunk-2077\/?lang=fr","title":{"rendered":"Souris de jeu sans fil l\u00e9g\u00e8re Razer Viper Ultimate avec station de chargement RVB, capteur optique 20\u00a0000 DPI, poids de 78 g et commutateur de souris optique &#8211; \u00c9dition Cyberpunk 2077"},"content":{"rendered":"<p>Fabricant de p\u00e9riph\u00e9riques de jeu aux \u00c9tats-Unis\u00a0: Source\u00a0&#8211; The NPD Group, Inc. Service de suivi de vente au d\u00e9tail aux \u00c9tats-Unis, claviers, souris, casque PC\/microphone PC, con\u00e7us pour le jeu, sur la base des ventes en dollars, 2017-2021<br \/>\nTechnologie sans fil Razer HyperSpeed \u200b\u200bultra-rapide\u00a0: plus rapide que les souris de jeu filaires.<br \/>\nCapteur optique Focusplus 20K\u00a0: pr\u00e9cision de pointe.<br \/>\n78\u00a0g l\u00e9ger\u00a0&#8211; con\u00e7u pour l&#8217;e-sport\u00a0: pour des balayages plus rapides et contr\u00f4l\u00e9s<br \/>\nCommutateur de souris optique\u00a0: actionnement \u00e0 la vitesse de la lumi\u00e8re.<\/p>\n","protected":false},"excerpt":{"rendered":"<p>Fabricant de p\u00e9riph\u00e9riques de jeu aux \u00c9tats-Unis\u00a0: Source\u00a0&#8211; The NPD Group, Inc. Service de suivi de vente au d\u00e9tail aux \u00c9tats-Unis, claviers, souris, casque PC\/microphone PC, con\u00e7us pour le jeu, sur la base des ventes en dollars, 2017-2021<br \/>\nTechnologie sans fil Razer HyperSpeed \u200b\u200bultra-rapide\u00a0: plus rapide que les souris de jeu filaires.<br \/>\nCapteur optique Focusplus 20K\u00a0: pr\u00e9cision de pointe.<br \/>\n78\u00a0g l\u00e9ger\u00a0&#8211; con\u00e7u pour l&#8217;e-sport\u00a0: pour des balayages plus rapides et contr\u00f4l\u00e9s<br \/>\nCommutateur de souris optique\u00a0: actionnement \u00e0 la vitesse de la lumi\u00e8re.<\/p>\n","protected":false},"featured_media":23629,"comment_status":"open","ping_status":"closed","template":"","meta":{"iawp_total_views":180},"product_brand":[],"product_cat":[40],"product_tag":[],"class_list":{"0":"post-25789","1":"product","2":"type-product","3":"status-publish","4":"has-post-thumbnail","6":"product_cat-pc-gamepads-standard-controllers-fr","8":"first","9":"instock","10":"sale","11":"taxable","12":"shipping-taxable","13":"purchasable","14":"product-type-simple"},"jetpack_sharing_enabled":true,"_links":{"self":[{"href":"https:\/\/www.momengames.com\/index.php\/wp-json\/wp\/v2\/product\/25789","targetHints":{"allow":["GET"]}}],"collection":[{"href":"https:\/\/www.momengames.com\/index.php\/wp-json\/wp\/v2\/product"}],"about":[{"href":"https:\/\/www.momengames.com\/index.php\/wp-json\/wp\/v2\/types\/product"}],"replies":[{"embeddable":true,"href":"https:\/\/www.momengames.com\/index.php\/wp-json\/wp\/v2\/comments?post=25789"}],"wp:featuredmedia":[{"embeddable":true,"href":"https:\/\/www.momengames.com\/index.php\/wp-json\/wp\/v2\/media\/23629"}],"wp:attachment":[{"href":"https:\/\/www.momengames.com\/index.php\/wp-json\/wp\/v2\/media?parent=25789"}],"wp:term":[{"taxonomy":"product_brand","embeddable":true,"href":"https:\/\/www.momengames.com\/index.php\/wp-json\/wp\/v2\/product_brand?post=25789"},{"taxonomy":"product_cat","embeddable":true,"href":"https:\/\/www.momengames.com\/index.php\/wp-json\/wp\/v2\/product_cat?post=25789"},{"taxonomy":"product_tag","embeddable":true,"href":"https:\/\/www.momengames.com\/index.php\/wp-json\/wp\/v2\/product_tag?post=25789"}],"curies":[{"name":"wp","href":"https:\/\/api.w.org\/{rel}","templated":true}]}}