{"id":25788,"date":"2024-07-03T12:00:07","date_gmt":"2024-07-03T12:00:07","guid":{"rendered":"https:\/\/www.momengames.com\/index.php\/product\/razer-usb-audio-enhancer-dac-connectivite-et-prise-en-charge-de-deux-micros-pour-casque-bouton-de-coupure-du-micro-reglage-du-volume-noir-mat\/"},"modified":"2024-07-03T12:00:07","modified_gmt":"2024-07-03T12:00:07","slug":"razer-usb-audio-enhancer-dac-connectivite-et-prise-en-charge-de-deux-micros-pour-casque-bouton-de-coupure-du-micro-reglage-du-volume-noir-mat","status":"publish","type":"product","link":"https:\/\/www.momengames.com\/index.php\/product\/razer-usb-audio-enhancer-dac-connectivite-et-prise-en-charge-de-deux-micros-pour-casque-bouton-de-coupure-du-micro-reglage-du-volume-noir-mat\/?lang=fr","title":{"rendered":"Razer USB Audio Enhancer DAC : connectivit\u00e9 et prise en charge de deux micros pour casque &#8211; Bouton de coupure du micro &#8211; R\u00e9glage du volume &#8211; Noir mat"},"content":{"rendered":"<p>Fonctionnalit\u00e9s de co-diffusion : permet \u00e0 deux personnes de parler sur un seul ordinateur en branchant un casque suppl\u00e9mentaire.<br \/>\nQualit\u00e9 audio am\u00e9lior\u00e9e : r\u00e9duit les bruits statiques et de fond, ce qui permet une exp\u00e9rience de jeu plus cibl\u00e9e.<br \/>\nSp\u00e9cifications techniques : fr\u00e9quence d&#8217;\u00e9chantillonnage de 1 kHz\/48 kHz s\u00e9lectionnable via les param\u00e8tres du PC, d\u00e9bit binaire de 16 bits, r\u00e9ponse en fr\u00e9quence de 20 \u00e0 20 kHz (avec microphone branch\u00e9).<br \/>\nCompatibilit\u00e9 : l&#8217;amplificateur audio USB offre un son de haute qualit\u00e9 sur une plate-forme simplifi\u00e9e lorsqu&#8217;il est associ\u00e9 \u00e0 n&#8217;importe quel casque 3,5 mm.<\/p>\n","protected":false},"excerpt":{"rendered":"<p>Fonctionnalit\u00e9s de co-diffusion : permet \u00e0 deux personnes de parler sur un seul ordinateur en branchant un casque suppl\u00e9mentaire.<br \/>\nQualit\u00e9 audio am\u00e9lior\u00e9e : r\u00e9duit les bruits statiques et de fond, ce qui permet une exp\u00e9rience de jeu plus cibl\u00e9e.<br \/>\nSp\u00e9cifications techniques : fr\u00e9quence d&#8217;\u00e9chantillonnage de 1 kHz\/48 kHz s\u00e9lectionnable via les param\u00e8tres du PC, d\u00e9bit binaire de 16 bits, r\u00e9ponse en fr\u00e9quence de 20 \u00e0 20 kHz (avec microphone branch\u00e9).<br \/>\nCompatibilit\u00e9 : l&#8217;amplificateur audio USB offre un son de haute qualit\u00e9 sur une plate-forme simplifi\u00e9e lorsqu&#8217;il est associ\u00e9 \u00e0 n&#8217;importe quel casque 3,5 mm.<\/p>\n","protected":false},"featured_media":23625,"comment_status":"open","ping_status":"closed","template":"","meta":{"iawp_total_views":91},"product_brand":[],"product_cat":[39],"product_tag":[],"class_list":{"0":"post-25788","1":"product","2":"type-product","3":"status-publish","4":"has-post-thumbnail","6":"product_cat-electronics-accessories-fr","8":"first","9":"instock","10":"sale","11":"taxable","12":"shipping-taxable","13":"purchasable","14":"product-type-simple"},"jetpack_sharing_enabled":true,"_links":{"self":[{"href":"https:\/\/www.momengames.com\/index.php\/wp-json\/wp\/v2\/product\/25788","targetHints":{"allow":["GET"]}}],"collection":[{"href":"https:\/\/www.momengames.com\/index.php\/wp-json\/wp\/v2\/product"}],"about":[{"href":"https:\/\/www.momengames.com\/index.php\/wp-json\/wp\/v2\/types\/product"}],"replies":[{"embeddable":true,"href":"https:\/\/www.momengames.com\/index.php\/wp-json\/wp\/v2\/comments?post=25788"}],"wp:featuredmedia":[{"embeddable":true,"href":"https:\/\/www.momengames.com\/index.php\/wp-json\/wp\/v2\/media\/23625"}],"wp:attachment":[{"href":"https:\/\/www.momengames.com\/index.php\/wp-json\/wp\/v2\/media?parent=25788"}],"wp:term":[{"taxonomy":"product_brand","embeddable":true,"href":"https:\/\/www.momengames.com\/index.php\/wp-json\/wp\/v2\/product_brand?post=25788"},{"taxonomy":"product_cat","embeddable":true,"href":"https:\/\/www.momengames.com\/index.php\/wp-json\/wp\/v2\/product_cat?post=25788"},{"taxonomy":"product_tag","embeddable":true,"href":"https:\/\/www.momengames.com\/index.php\/wp-json\/wp\/v2\/product_tag?post=25788"}],"curies":[{"name":"wp","href":"https:\/\/api.w.org\/{rel}","templated":true}]}}