{"id":25787,"date":"2024-07-03T09:53:32","date_gmt":"2024-07-03T09:53:32","guid":{"rendered":"https:\/\/www.momengames.com\/index.php\/product\/razer-kishi-mobile-game-controller-gamepad-pour-iphone-ios-fonctionne-avec-la-plupart-des-iphones-x-11-12-13-13-max-apple-arcade-amazon-luna-google-stadia-lightning-port-passthro\/"},"modified":"2024-07-03T09:53:32","modified_gmt":"2024-07-03T09:53:32","slug":"razer-kishi-mobile-game-controller-gamepad-pour-iphone-ios-fonctionne-avec-la-plupart-des-iphones-x-11-12-13-13-max-apple-arcade-amazon-luna-google-stadia-lightning-port-passthro","status":"publish","type":"product","link":"https:\/\/www.momengames.com\/index.php\/product\/razer-kishi-mobile-game-controller-gamepad-pour-iphone-ios-fonctionne-avec-la-plupart-des-iphones-x-11-12-13-13-max-apple-arcade-amazon-luna-google-stadia-lightning-port-passthro\/?lang=fr","title":{"rendered":"Razer Kishi Mobile Game Controller\/Gamepad pour iPhone iOS : fonctionne avec la plupart des iPhones \u2013 X, 11, 12, 13, 13 Max &#8211; Apple Arcade, Amazon Luna, Google Stadia &#8211; Lightning Port Passthrough &#8211; Certifi\u00e9 MFi"},"content":{"rendered":"<p>Manette de jeu mobile universelle : con\u00e7ue pour apporter un contr\u00f4le de niveau console \u00e0 votre t\u00e9l\u00e9phone pour jouer n&#8217;importe o\u00f9<br \/>\nCloud et jeu mobile : compatible avec les principaux services de jeu en nuage, notamment Xbox Game Pass Ultimate, Stadia, Amazon Luna, GeForce NOW et Steam Link\u00a0; &amp; des centaines de jeux mobiles populaires, dont Call of Duty Mobile (iPhone uniquement), Fortnite, Minecraft, Genshin Impact, Brawlhalla, Asphalt 9: Legends, des \u00e9mulateurs et bien d&#8217;autres<br \/>\nAffinez votre vis\u00e9e et votre ex\u00e9cution : les joysticks analogiques cliquables offrent une plus grande pr\u00e9cision et un retour tactile, et les boutons de performance et le pav\u00e9 directionnel offrent une saisie de pr\u00e9cision<br \/>\nJeu sans latence : contrairement aux contr\u00f4leurs Bluetooth qui produisent du d\u00e9calage, le contr\u00f4leur a une latence nulle en se connectant directement au port de charge de l&#8217;appareil<br \/>\nPort de charge USB de type C : pour charger votre t\u00e9l\u00e9phone ou votre tablette tout en utilisant le contr\u00f4leur<br \/>\nConception ergonomique et flexible pour une prise en main confortable : con\u00e7ue pour les longues sessions de jeu, la manette est agr\u00e9able \u00e0 tenir et peut \u00eatre \u00e9tir\u00e9e et serr\u00e9e sur la plupart des iPhones avec un port Lighting, offrant une prise s\u00fbre qui ne se d\u00e9tachera pas pendant le jeu<br \/>\nCompatibilit\u00e9 : fonctionne avec la plupart des iPhones, y compris X, 11, 12, 13, 13 Max &#8211; doit retirer la coque du t\u00e9l\u00e9phone avant utilisation<\/p>\n","protected":false},"excerpt":{"rendered":"<p>Manette de jeu mobile universelle : con\u00e7ue pour apporter un contr\u00f4le de niveau console \u00e0 votre t\u00e9l\u00e9phone pour jouer n&#8217;importe o\u00f9<br \/>\nCloud et jeu mobile : compatible avec les principaux services de jeu en nuage, notamment Xbox Game Pass Ultimate, Stadia, Amazon Luna, GeForce NOW et Steam Link\u00a0; &amp; des centaines de jeux mobiles populaires, dont Call of Duty Mobile (iPhone uniquement), Fortnite, Minecraft, Genshin Impact, Brawlhalla, Asphalt 9: Legends, des \u00e9mulateurs et bien d&#8217;autres<br \/>\nAffinez votre vis\u00e9e et votre ex\u00e9cution : les joysticks analogiques cliquables offrent une plus grande pr\u00e9cision et un retour tactile, et les boutons de performance et le pav\u00e9 directionnel offrent une saisie de pr\u00e9cision<br \/>\nJeu sans latence : contrairement aux contr\u00f4leurs Bluetooth qui produisent du d\u00e9calage, le contr\u00f4leur a une latence nulle en se connectant directement au port de charge de l&#8217;appareil<br \/>\nPort de charge USB de type C : pour charger votre t\u00e9l\u00e9phone ou votre tablette tout en utilisant le contr\u00f4leur<br \/>\nConception ergonomique et flexible pour une prise en main confortable : con\u00e7ue pour les longues sessions de jeu, la manette est agr\u00e9able \u00e0 tenir et peut \u00eatre \u00e9tir\u00e9e et serr\u00e9e sur la plupart des iPhones avec un port Lighting, offrant une prise s\u00fbre qui ne se d\u00e9tachera pas pendant le jeu<br \/>\nCompatibilit\u00e9 : fonctionne avec la plupart des iPhones, y compris X, 11, 12, 13, 13 Max &#8211; doit retirer la coque du t\u00e9l\u00e9phone avant utilisation<\/p>\n","protected":false},"featured_media":23621,"comment_status":"open","ping_status":"closed","template":"","meta":{"iawp_total_views":3},"product_brand":[],"product_cat":[40],"product_tag":[],"class_list":{"0":"post-25787","1":"product","2":"type-product","3":"status-publish","4":"has-post-thumbnail","6":"product_cat-pc-gamepads-standard-controllers-fr","8":"first","9":"instock","10":"sale","11":"taxable","12":"shipping-taxable","13":"purchasable","14":"product-type-simple"},"jetpack_sharing_enabled":true,"_links":{"self":[{"href":"https:\/\/www.momengames.com\/index.php\/wp-json\/wp\/v2\/product\/25787","targetHints":{"allow":["GET"]}}],"collection":[{"href":"https:\/\/www.momengames.com\/index.php\/wp-json\/wp\/v2\/product"}],"about":[{"href":"https:\/\/www.momengames.com\/index.php\/wp-json\/wp\/v2\/types\/product"}],"replies":[{"embeddable":true,"href":"https:\/\/www.momengames.com\/index.php\/wp-json\/wp\/v2\/comments?post=25787"}],"wp:featuredmedia":[{"embeddable":true,"href":"https:\/\/www.momengames.com\/index.php\/wp-json\/wp\/v2\/media\/23621"}],"wp:attachment":[{"href":"https:\/\/www.momengames.com\/index.php\/wp-json\/wp\/v2\/media?parent=25787"}],"wp:term":[{"taxonomy":"product_brand","embeddable":true,"href":"https:\/\/www.momengames.com\/index.php\/wp-json\/wp\/v2\/product_brand?post=25787"},{"taxonomy":"product_cat","embeddable":true,"href":"https:\/\/www.momengames.com\/index.php\/wp-json\/wp\/v2\/product_cat?post=25787"},{"taxonomy":"product_tag","embeddable":true,"href":"https:\/\/www.momengames.com\/index.php\/wp-json\/wp\/v2\/product_tag?post=25787"}],"curies":[{"name":"wp","href":"https:\/\/api.w.org\/{rel}","templated":true}]}}