{"id":25785,"date":"2024-07-03T09:45:45","date_gmt":"2024-07-03T09:45:45","guid":{"rendered":"https:\/\/www.momengames.com\/index.php\/product\/microphone-numerique-et-amplificateur-de-casque-usb-multidirectionnel-de-qualite-studio-razer-seiren-elite\/"},"modified":"2024-07-03T09:45:45","modified_gmt":"2024-07-03T09:45:45","slug":"microphone-numerique-et-amplificateur-de-casque-usb-multidirectionnel-de-qualite-studio-razer-seiren-elite","status":"publish","type":"product","link":"https:\/\/www.momengames.com\/index.php\/product\/microphone-numerique-et-amplificateur-de-casque-usb-multidirectionnel-de-qualite-studio-razer-seiren-elite\/?lang=fr","title":{"rendered":"Microphone num\u00e9rique et amplificateur de casque USB multidirectionnel de qualit\u00e9 studio Razer Seiren Elite"},"content":{"rendered":"<p>Capsule dynamique unique pour une qualit\u00e9 vocale riche et chaleureuse.<br \/>\nFiltre passe-haut int\u00e9gr\u00e9 pour des signaux d&#8217;enregistrement ultra-propres.<br \/>\nLimiteur vocal num\u00e9rique\/analogique pour une distorsion nulle.<br \/>\nR\u00e9solution 16 bits\/48 kHz pour optimiser votre flux.<br \/>\nZero Latency Monitoring pour un d\u00e9calage audio nul.<\/p>\n","protected":false},"excerpt":{"rendered":"<p>Capsule dynamique unique pour une qualit\u00e9 vocale riche et chaleureuse.<br \/>\nFiltre passe-haut int\u00e9gr\u00e9 pour des signaux d&#8217;enregistrement ultra-propres.<br \/>\nLimiteur vocal num\u00e9rique\/analogique pour une distorsion nulle.<br \/>\nR\u00e9solution 16 bits\/48 kHz pour optimiser votre flux.<br \/>\nZero Latency Monitoring pour un d\u00e9calage audio nul.<\/p>\n","protected":false},"featured_media":23612,"comment_status":"open","ping_status":"closed","template":"","meta":{"iawp_total_views":5},"product_brand":[],"product_cat":[39],"product_tag":[],"class_list":{"0":"post-25785","1":"product","2":"type-product","3":"status-publish","4":"has-post-thumbnail","6":"product_cat-electronics-accessories-fr","8":"first","9":"instock","10":"sale","11":"taxable","12":"shipping-taxable","13":"purchasable","14":"product-type-simple"},"jetpack_sharing_enabled":true,"_links":{"self":[{"href":"https:\/\/www.momengames.com\/index.php\/wp-json\/wp\/v2\/product\/25785","targetHints":{"allow":["GET"]}}],"collection":[{"href":"https:\/\/www.momengames.com\/index.php\/wp-json\/wp\/v2\/product"}],"about":[{"href":"https:\/\/www.momengames.com\/index.php\/wp-json\/wp\/v2\/types\/product"}],"replies":[{"embeddable":true,"href":"https:\/\/www.momengames.com\/index.php\/wp-json\/wp\/v2\/comments?post=25785"}],"wp:featuredmedia":[{"embeddable":true,"href":"https:\/\/www.momengames.com\/index.php\/wp-json\/wp\/v2\/media\/23612"}],"wp:attachment":[{"href":"https:\/\/www.momengames.com\/index.php\/wp-json\/wp\/v2\/media?parent=25785"}],"wp:term":[{"taxonomy":"product_brand","embeddable":true,"href":"https:\/\/www.momengames.com\/index.php\/wp-json\/wp\/v2\/product_brand?post=25785"},{"taxonomy":"product_cat","embeddable":true,"href":"https:\/\/www.momengames.com\/index.php\/wp-json\/wp\/v2\/product_cat?post=25785"},{"taxonomy":"product_tag","embeddable":true,"href":"https:\/\/www.momengames.com\/index.php\/wp-json\/wp\/v2\/product_tag?post=25785"}],"curies":[{"name":"wp","href":"https:\/\/api.w.org\/{rel}","templated":true}]}}