{"id":25784,"date":"2024-07-03T09:39:23","date_gmt":"2024-07-03T09:39:23","guid":{"rendered":"https:\/\/www.momengames.com\/index.php\/product\/razer-rz06-02610100-r3g1-raiju-tournament-edition-manette-de-jeu-sans-fil-et-filaire-avec-boutons-daction-tactiles-mecha-pieces-interchangeables-et-panneau-de-commande-rapide-noir\/"},"modified":"2024-07-03T09:39:23","modified_gmt":"2024-07-03T09:39:23","slug":"razer-rz06-02610100-r3g1-raiju-tournament-edition-manette-de-jeu-sans-fil-et-filaire-avec-boutons-daction-tactiles-mecha-pieces-interchangeables-et-panneau-de-commande-rapide-noir","status":"publish","type":"product","link":"https:\/\/www.momengames.com\/index.php\/product\/razer-rz06-02610100-r3g1-raiju-tournament-edition-manette-de-jeu-sans-fil-et-filaire-avec-boutons-daction-tactiles-mecha-pieces-interchangeables-et-panneau-de-commande-rapide-noir\/?lang=fr","title":{"rendered":"Razer RZ06-02610100-R3G1 Raiju Tournament Edition Manette de jeu sans fil et filaire avec boutons d&#8217;action tactiles Mecha, pi\u00e8ces interchangeables et panneau de commande rapide, noir"},"content":{"rendered":"<p>La Raiju Tournament Edition est dot\u00e9e de boutons d&#8217;action Razer Mecha-Tactile qui offrent une combinaison distincte d&#8217;un toucher doux et rembourr\u00e9 avec un retour tactile net.<br \/>\nLa Raiju Tournament Edition est dot\u00e9e d&#8217;une multitude de boutons suppl\u00e9mentaires pour les jeux avanc\u00e9s &#8211; quatre boutons multifonctions remappables ; profitez du contr\u00f4le au bout de vos doigts pendant que vous ma\u00eetrisez des techniques de niveau sup\u00e9rieur.<br \/>\nLorsque le mode de d\u00e9clenchement instantan\u00e9 est activ\u00e9, les interrupteurs d&#8217;arr\u00eat m\u00e9caniques r\u00e9duisent consid\u00e9rablement la distance de d\u00e9placement vers les deux d\u00e9clencheurs principaux, permettant une action de tir rapide pour offrir un avantage concurrentiel.<br \/>\nAvec le changement de mode, vous pouvez facilement basculer entre trois modes de connectivit\u00e9 : PS4, USB et PC ; cela rend le r\u00e9appairage lors de l&#8217;\u00e9change d&#8217;appareils efficace.<br \/>\nRemapper les boutons et les d\u00e9clencheurs multifonctions, ajuster les options d&#8217;embrayage de sensibilit\u00e9 ou affiner l&#8217;intensit\u00e9 des moteurs de grondement pour compl\u00e9ter votre exp\u00e9rience de jeu &#8211; le tout avec un contr\u00f4le facile de l&#8217;application mobile.<\/p>\n","protected":false},"excerpt":{"rendered":"<p>La Raiju Tournament Edition est dot\u00e9e de boutons d&#8217;action Razer Mecha-Tactile qui offrent une combinaison distincte d&#8217;un toucher doux et rembourr\u00e9 avec un retour tactile net.<br \/>\nLa Raiju Tournament Edition est dot\u00e9e d&#8217;une multitude de boutons suppl\u00e9mentaires pour les jeux avanc\u00e9s &#8211; quatre boutons multifonctions remappables ; profitez du contr\u00f4le au bout de vos doigts pendant que vous ma\u00eetrisez des techniques de niveau sup\u00e9rieur.<br \/>\nLorsque le mode de d\u00e9clenchement instantan\u00e9 est activ\u00e9, les interrupteurs d&#8217;arr\u00eat m\u00e9caniques r\u00e9duisent consid\u00e9rablement la distance de d\u00e9placement vers les deux d\u00e9clencheurs principaux, permettant une action de tir rapide pour offrir un avantage concurrentiel.<br \/>\nAvec le changement de mode, vous pouvez facilement basculer entre trois modes de connectivit\u00e9 : PS4, USB et PC ; cela rend le r\u00e9appairage lors de l&#8217;\u00e9change d&#8217;appareils efficace.<br \/>\nRemapper les boutons et les d\u00e9clencheurs multifonctions, ajuster les options d&#8217;embrayage de sensibilit\u00e9 ou affiner l&#8217;intensit\u00e9 des moteurs de grondement pour compl\u00e9ter votre exp\u00e9rience de jeu &#8211; le tout avec un contr\u00f4le facile de l&#8217;application mobile.<\/p>\n","protected":false},"featured_media":23608,"comment_status":"open","ping_status":"closed","template":"","meta":{"iawp_total_views":143},"product_brand":[],"product_cat":[40],"product_tag":[],"class_list":{"0":"post-25784","1":"product","2":"type-product","3":"status-publish","4":"has-post-thumbnail","6":"product_cat-pc-gamepads-standard-controllers-fr","8":"first","9":"instock","10":"sale","11":"taxable","12":"shipping-taxable","13":"purchasable","14":"product-type-simple"},"jetpack_sharing_enabled":true,"_links":{"self":[{"href":"https:\/\/www.momengames.com\/index.php\/wp-json\/wp\/v2\/product\/25784","targetHints":{"allow":["GET"]}}],"collection":[{"href":"https:\/\/www.momengames.com\/index.php\/wp-json\/wp\/v2\/product"}],"about":[{"href":"https:\/\/www.momengames.com\/index.php\/wp-json\/wp\/v2\/types\/product"}],"replies":[{"embeddable":true,"href":"https:\/\/www.momengames.com\/index.php\/wp-json\/wp\/v2\/comments?post=25784"}],"wp:featuredmedia":[{"embeddable":true,"href":"https:\/\/www.momengames.com\/index.php\/wp-json\/wp\/v2\/media\/23608"}],"wp:attachment":[{"href":"https:\/\/www.momengames.com\/index.php\/wp-json\/wp\/v2\/media?parent=25784"}],"wp:term":[{"taxonomy":"product_brand","embeddable":true,"href":"https:\/\/www.momengames.com\/index.php\/wp-json\/wp\/v2\/product_brand?post=25784"},{"taxonomy":"product_cat","embeddable":true,"href":"https:\/\/www.momengames.com\/index.php\/wp-json\/wp\/v2\/product_cat?post=25784"},{"taxonomy":"product_tag","embeddable":true,"href":"https:\/\/www.momengames.com\/index.php\/wp-json\/wp\/v2\/product_tag?post=25784"}],"curies":[{"name":"wp","href":"https:\/\/api.w.org\/{rel}","templated":true}]}}