{"id":25783,"date":"2024-07-03T08:22:31","date_gmt":"2024-07-03T08:22:31","guid":{"rendered":"https:\/\/www.momengames.com\/index.php\/product\/casque-razer-kraken-bt-connexion-bluetooth-5-0-a-faible-latence-de-40-ms-pilotes-de-40-mm-personnalises-microphone-a-formation-de-faisceau-alimente-par-razer-chroma-edition-hello-kitty-fri\/"},"modified":"2025-02-17T02:24:49","modified_gmt":"2025-02-17T02:24:49","slug":"casque-razer-kraken-bt-connexion-bluetooth-5-0-a-faible-latence-de-40-ms-pilotes-de-40-mm-personnalises-microphone-a-formation-de-faisceau-alimente-par-razer-chroma-edition-hello-kitty-fri","status":"publish","type":"product","link":"https:\/\/www.momengames.com\/index.php\/product\/casque-razer-kraken-bt-connexion-bluetooth-5-0-a-faible-latence-de-40-ms-pilotes-de-40-mm-personnalises-microphone-a-formation-de-faisceau-alimente-par-razer-chroma-edition-hello-kitty-fri\/?lang=fr","title":{"rendered":"Casque Razer Kraken BT : connexion Bluetooth 5.0 \u00e0 faible latence de 40 ms &#8211; Pilotes de 40 mm personnalis\u00e9s &#8211; Microphone \u00e0 formation de faisceau &#8211; Aliment\u00e9 par Razer Chroma &#8211; \u00c9dition Hello Kitty &#038; Friends"},"content":{"rendered":"<p>Casque sous licence officielle Hello Kitty et ses amis : r\u00e9imagin\u00e9 avec un c\u0153ur en or Fra\u00eechement pr\u00e9par\u00e9 avec Razer Chroma RGB et une explosion d&#8217;\u00e9clairage r\u00e9actif au flux, ce casque sous licence est le compagnon id\u00e9al pour ceux qui parlent avec le c\u0153ur. Utilisations sp\u00e9cifiques du produit : Films et jeux. Imp\u00e9dance : 32 \u03a9. Hz. R\u00e9ponse en fr\u00e9quence : 20 Hz \u2013 20 kHz (\u00e9chantillonnage de 44,1 kHz).<br \/>\nBluetooth 5.0 : lorsqu&#8217;il n&#8217;est pas en mode jeu, sa connexion sans fil reste tout aussi stable et consomme moins d&#8217;\u00e9nergie, ce qui signifie que le casque peut durer jusqu&#8217;\u00e0 20 heures avec l&#8217;\u00e9clairage allum\u00e9, ou jusqu&#8217;\u00e0 50 heures avec l&#8217;\u00e9clairage \u00e9teint<br \/>\nConnexion \u00e0 faible latence de 40 ms : activez le mode jeu pour am\u00e9liorer les performances sans fil du casque pendant les jeux comp\u00e9titifs, et visez ou r\u00e9agissez plus rapidement avec un son et une vid\u00e9o encore plus synchronis\u00e9s<br \/>\nHaut-parleurs de 40 mm personnalis\u00e9s : au c\u0153ur du casque, une exp\u00e9rience audio riche qui augmente votre plaisir de jeu, en diffusant des aigus et des m\u00e9diums clairs ainsi que des basses profondes et percutantes<br \/>\nMicrophone \u00e0 formation de faisceaux : avec un point id\u00e9al pour la voix con\u00e7u pour capter moins de bruit dans toutes les autres directions, le micro n&#8217;a aucun probl\u00e8me \u00e0 vous aider \u00e0 avoir un son aussi bon que votre apparence<\/p>\n","protected":false},"excerpt":{"rendered":"<p>Casque sous licence officielle Hello Kitty et ses amis : r\u00e9imagin\u00e9 avec un c\u0153ur en or Fra\u00eechement pr\u00e9par\u00e9 avec Razer Chroma RGB et une explosion d&#8217;\u00e9clairage r\u00e9actif au flux, ce casque sous licence est le compagnon id\u00e9al pour ceux qui parlent avec le c\u0153ur. Utilisations sp\u00e9cifiques du produit : Films et jeux. Imp\u00e9dance : 32 \u03a9. Hz. R\u00e9ponse en fr\u00e9quence : 20 Hz \u2013 20 kHz (\u00e9chantillonnage de 44,1 kHz).<br \/>\nBluetooth 5.0 : lorsqu&#8217;il n&#8217;est pas en mode jeu, sa connexion sans fil reste tout aussi stable et consomme moins d&#8217;\u00e9nergie, ce qui signifie que le casque peut durer jusqu&#8217;\u00e0 20 heures avec l&#8217;\u00e9clairage allum\u00e9, ou jusqu&#8217;\u00e0 50 heures avec l&#8217;\u00e9clairage \u00e9teint<br \/>\nConnexion \u00e0 faible latence de 40 ms : activez le mode jeu pour am\u00e9liorer les performances sans fil du casque pendant les jeux comp\u00e9titifs, et visez ou r\u00e9agissez plus rapidement avec un son et une vid\u00e9o encore plus synchronis\u00e9s<br \/>\nHaut-parleurs de 40 mm personnalis\u00e9s : au c\u0153ur du casque, une exp\u00e9rience audio riche qui augmente votre plaisir de jeu, en diffusant des aigus et des m\u00e9diums clairs ainsi que des basses profondes et percutantes<br \/>\nMicrophone \u00e0 formation de faisceaux : avec un point id\u00e9al pour la voix con\u00e7u pour capter moins de bruit dans toutes les autres directions, le micro n&#8217;a aucun probl\u00e8me \u00e0 vous aider \u00e0 avoir un son aussi bon que votre apparence<\/p>\n","protected":false},"featured_media":23603,"comment_status":"open","ping_status":"closed","template":"","meta":{"iawp_total_views":2121},"product_brand":[],"product_cat":[39],"product_tag":[],"class_list":{"0":"post-25783","1":"product","2":"type-product","3":"status-publish","4":"has-post-thumbnail","6":"product_cat-electronics-accessories-fr","8":"first","9":"instock","10":"sale","11":"taxable","12":"shipping-taxable","13":"purchasable","14":"product-type-simple"},"jetpack_sharing_enabled":true,"_links":{"self":[{"href":"https:\/\/www.momengames.com\/index.php\/wp-json\/wp\/v2\/product\/25783","targetHints":{"allow":["GET"]}}],"collection":[{"href":"https:\/\/www.momengames.com\/index.php\/wp-json\/wp\/v2\/product"}],"about":[{"href":"https:\/\/www.momengames.com\/index.php\/wp-json\/wp\/v2\/types\/product"}],"replies":[{"embeddable":true,"href":"https:\/\/www.momengames.com\/index.php\/wp-json\/wp\/v2\/comments?post=25783"}],"wp:featuredmedia":[{"embeddable":true,"href":"https:\/\/www.momengames.com\/index.php\/wp-json\/wp\/v2\/media\/23603"}],"wp:attachment":[{"href":"https:\/\/www.momengames.com\/index.php\/wp-json\/wp\/v2\/media?parent=25783"}],"wp:term":[{"taxonomy":"product_brand","embeddable":true,"href":"https:\/\/www.momengames.com\/index.php\/wp-json\/wp\/v2\/product_brand?post=25783"},{"taxonomy":"product_cat","embeddable":true,"href":"https:\/\/www.momengames.com\/index.php\/wp-json\/wp\/v2\/product_cat?post=25783"},{"taxonomy":"product_tag","embeddable":true,"href":"https:\/\/www.momengames.com\/index.php\/wp-json\/wp\/v2\/product_tag?post=25783"}],"curies":[{"name":"wp","href":"https:\/\/api.w.org\/{rel}","templated":true}]}}