{"id":25779,"date":"2024-07-03T13:23:37","date_gmt":"2024-07-03T13:23:37","guid":{"rendered":"https:\/\/www.momengames.com\/index.php\/product\/razer-electra-v2-usb-son-surround-7-1-bandeau-a-reglage-automatique-micro-perche-amovible-avec-commandes-en-ligne-casque-de-jeu-compatible-avec-pc-et-ps4-rz04-02220100-r3u1\/"},"modified":"2024-07-03T13:23:37","modified_gmt":"2024-07-03T13:23:37","slug":"razer-electra-v2-usb-son-surround-7-1-bandeau-a-reglage-automatique-micro-perche-amovible-avec-commandes-en-ligne-casque-de-jeu-compatible-avec-pc-et-ps4-rz04-02220100-r3u1","status":"publish","type":"product","link":"https:\/\/www.momengames.com\/index.php\/product\/razer-electra-v2-usb-son-surround-7-1-bandeau-a-reglage-automatique-micro-perche-amovible-avec-commandes-en-ligne-casque-de-jeu-compatible-avec-pc-et-ps4-rz04-02220100-r3u1\/?lang=fr","title":{"rendered":"Razer Electra V2 USB : son surround 7.1 &#8211; bandeau \u00e0 r\u00e9glage automatique &#8211; micro perche amovible avec commandes en ligne &#8211; casque de jeu compatible avec PC et PS4 (RZ04-02220100-R3U1)"},"content":{"rendered":"<p>Le Razer Electra V2 USB est dot\u00e9 de haut-parleurs audio de 40 mm personnalis\u00e9s et de haute qualit\u00e9 qui \u00e9tendent des basses bien contr\u00f4l\u00e9es et offrent une excellente qualit\u00e9 sonore.<br \/>\nAvec son appui-t\u00eate suspendu et son cadre l\u00e9ger et durable, le Razer Electra V2 USB assure le confort pendant les sessions de jeu prolong\u00e9es.<br \/>\nLe logiciel avanc\u00e9 de son surround virtuel 7.1 de Razer vous permet de calibrer votre audio pour une exp\u00e9rience de jeu personnalis\u00e9e \u00e0 360 degr\u00e9s.<br \/>\nLe Razer Electra V2 USB est livr\u00e9 avec un micro perche amovible qui offre une flexibilit\u00e9 suppl\u00e9mentaire : branchez-le pour obtenir une clart\u00e9 vocale lorsque vous jouez, retirez-le lorsque vous souhaitez une exp\u00e9rience d&#8217;\u00e9coute musicale sans distraction.<br \/>\nDot\u00e9 de coussinets d&#8217;oreille en similicuir moelleux qui pivotent pour offrir un ajustement parfait sur vos oreilles, le Razer Electra V2 USB vous garantit d&#8217;entendre uniquement les bonnes choses en offrant une excellente isolation sonore.<br \/>\nTechnologie de connectivit\u00e9 : filaire<br \/>\nSyst\u00e8me d&#8217;exploitation : Microsoft Windows<\/p>\n","protected":false},"excerpt":{"rendered":"<p>Le Razer Electra V2 USB est dot\u00e9 de haut-parleurs audio de 40 mm personnalis\u00e9s et de haute qualit\u00e9 qui \u00e9tendent des basses bien contr\u00f4l\u00e9es et offrent une excellente qualit\u00e9 sonore.<br \/>\nAvec son appui-t\u00eate suspendu et son cadre l\u00e9ger et durable, le Razer Electra V2 USB assure le confort pendant les sessions de jeu prolong\u00e9es.<br \/>\nLe logiciel avanc\u00e9 de son surround virtuel 7.1 de Razer vous permet de calibrer votre audio pour une exp\u00e9rience de jeu personnalis\u00e9e \u00e0 360 degr\u00e9s.<br \/>\nLe Razer Electra V2 USB est livr\u00e9 avec un micro perche amovible qui offre une flexibilit\u00e9 suppl\u00e9mentaire : branchez-le pour obtenir une clart\u00e9 vocale lorsque vous jouez, retirez-le lorsque vous souhaitez une exp\u00e9rience d&#8217;\u00e9coute musicale sans distraction.<br \/>\nDot\u00e9 de coussinets d&#8217;oreille en similicuir moelleux qui pivotent pour offrir un ajustement parfait sur vos oreilles, le Razer Electra V2 USB vous garantit d&#8217;entendre uniquement les bonnes choses en offrant une excellente isolation sonore.<br \/>\nTechnologie de connectivit\u00e9 : filaire<br \/>\nSyst\u00e8me d&#8217;exploitation : Microsoft Windows<\/p>\n","protected":false},"featured_media":23666,"comment_status":"open","ping_status":"closed","template":"","meta":{"iawp_total_views":58},"product_brand":[],"product_cat":[39],"product_tag":[],"class_list":{"0":"post-25779","1":"product","2":"type-product","3":"status-publish","4":"has-post-thumbnail","6":"product_cat-electronics-accessories-fr","8":"first","9":"instock","10":"sale","11":"taxable","12":"shipping-taxable","13":"purchasable","14":"product-type-simple"},"jetpack_sharing_enabled":true,"_links":{"self":[{"href":"https:\/\/www.momengames.com\/index.php\/wp-json\/wp\/v2\/product\/25779","targetHints":{"allow":["GET"]}}],"collection":[{"href":"https:\/\/www.momengames.com\/index.php\/wp-json\/wp\/v2\/product"}],"about":[{"href":"https:\/\/www.momengames.com\/index.php\/wp-json\/wp\/v2\/types\/product"}],"replies":[{"embeddable":true,"href":"https:\/\/www.momengames.com\/index.php\/wp-json\/wp\/v2\/comments?post=25779"}],"wp:featuredmedia":[{"embeddable":true,"href":"https:\/\/www.momengames.com\/index.php\/wp-json\/wp\/v2\/media\/23666"}],"wp:attachment":[{"href":"https:\/\/www.momengames.com\/index.php\/wp-json\/wp\/v2\/media?parent=25779"}],"wp:term":[{"taxonomy":"product_brand","embeddable":true,"href":"https:\/\/www.momengames.com\/index.php\/wp-json\/wp\/v2\/product_brand?post=25779"},{"taxonomy":"product_cat","embeddable":true,"href":"https:\/\/www.momengames.com\/index.php\/wp-json\/wp\/v2\/product_cat?post=25779"},{"taxonomy":"product_tag","embeddable":true,"href":"https:\/\/www.momengames.com\/index.php\/wp-json\/wp\/v2\/product_tag?post=25779"}],"curies":[{"name":"wp","href":"https:\/\/api.w.org\/{rel}","templated":true}]}}