{"id":24902,"date":"2024-08-13T19:29:43","date_gmt":"2024-08-13T19:29:43","guid":{"rendered":"https:\/\/www.momengames.com\/?post_type=product&#038;p=24902"},"modified":"2024-09-13T03:45:27","modified_gmt":"2024-09-13T03:45:27","slug":"souris-de-jeu-sans-fil-legere-et-station-de-charge-rvb-razer-viper-ultimate-technologie-sans-fil-hyperspeed-capteur-optique-20-000-dpi-legere-de-74-g-batterie-de-7","status":"publish","type":"product","link":"https:\/\/www.momengames.com\/index.php\/product\/souris-de-jeu-sans-fil-legere-et-station-de-charge-rvb-razer-viper-ultimate-technologie-sans-fil-hyperspeed-capteur-optique-20-000-dpi-legere-de-74-g-batterie-de-7\/?lang=fr","title":{"rendered":"Souris de jeu sans fil l\u00e9g\u00e8re et station de charge RVB Razer Viper Ultimate : technologie sans fil Hyperspeed \u2013 capteur optique 20\u00a0000 DPI \u2013 l\u00e9g\u00e8re de 74 g \u2013 batterie de 70 h \u2013 blanc mercure"},"content":{"rendered":"<p>25 % plus rapide que les souris sans fil concurrentes\u00a0: la technologie sans fil Razer HyperSpeed \u200b\u200ballie une latence extr\u00eamement faible et une r\u00e9duction des interf\u00e9rences pour une v\u00e9ritable libert\u00e9 sans fil<br \/>\nSouris de jeu Esports sans fil l\u00e9g\u00e8re et sans compromis \u00e0 74 g\u00a0: la Razer Viper Ultimate comprend un capteur optique 20 000 DPI qui convient aux joueurs les plus s\u00e9rieux et atteint son poids sans avoir besoin de trous perc\u00e9s<br \/>\nPlus rapides que les commutateurs m\u00e9caniques traditionnels\u00a0: les nouveaux commutateurs de souris optique Razer utilisent un actionnement bas\u00e9 sur un faisceau lumineux, enregistrant les pressions sur les boutons \u00e0 la vitesse de la lumi\u00e8re.<br \/>\nConception ambidextre\u00a0: cr\u00e9\u00e9e pour les utilisateurs gauchers et droitiers avec des boutons accessibles et programmables des deux c\u00f4t\u00e9s<br \/>\nVitesse maximale (IPS) : 650, profils de m\u00e9moire embarqu\u00e9s : 5. Compatible avec les stations d&#8217;accueil<\/p>\n","protected":false},"excerpt":{"rendered":"<p>25 % plus rapide que les souris sans fil concurrentes\u00a0: la technologie sans fil Razer HyperSpeed \u200b\u200ballie une latence extr\u00eamement faible et une r\u00e9duction des interf\u00e9rences pour une v\u00e9ritable libert\u00e9 sans fil<br \/>\nSouris de jeu Esports sans fil l\u00e9g\u00e8re et sans compromis \u00e0 74 g\u00a0: la Razer Viper Ultimate comprend un capteur optique 20 000 DPI qui convient aux joueurs les plus s\u00e9rieux et atteint son poids sans avoir besoin de trous perc\u00e9s<br \/>\nPlus rapides que les commutateurs m\u00e9caniques traditionnels\u00a0: les nouveaux commutateurs de souris optique Razer utilisent un actionnement bas\u00e9 sur un faisceau lumineux, enregistrant les pressions sur les boutons \u00e0 la vitesse de la lumi\u00e8re.<br \/>\nConception ambidextre\u00a0: cr\u00e9\u00e9e pour les utilisateurs gauchers et droitiers avec des boutons accessibles et programmables des deux c\u00f4t\u00e9s<br \/>\nVitesse maximale (IPS) : 650, profils de m\u00e9moire embarqu\u00e9s : 5. Compatible avec les stations d&#8217;accueil<\/p>\n","protected":false},"featured_media":24905,"comment_status":"open","ping_status":"closed","template":"","meta":{"iawp_total_views":266},"product_brand":[],"product_cat":[40],"product_tag":[],"class_list":{"0":"post-24902","1":"product","2":"type-product","3":"status-publish","4":"has-post-thumbnail","6":"product_cat-pc-gamepads-standard-controllers-fr","8":"first","9":"instock","10":"sale","11":"taxable","12":"shipping-taxable","13":"purchasable","14":"product-type-simple"},"jetpack_sharing_enabled":true,"_links":{"self":[{"href":"https:\/\/www.momengames.com\/index.php\/wp-json\/wp\/v2\/product\/24902","targetHints":{"allow":["GET"]}}],"collection":[{"href":"https:\/\/www.momengames.com\/index.php\/wp-json\/wp\/v2\/product"}],"about":[{"href":"https:\/\/www.momengames.com\/index.php\/wp-json\/wp\/v2\/types\/product"}],"replies":[{"embeddable":true,"href":"https:\/\/www.momengames.com\/index.php\/wp-json\/wp\/v2\/comments?post=24902"}],"wp:featuredmedia":[{"embeddable":true,"href":"https:\/\/www.momengames.com\/index.php\/wp-json\/wp\/v2\/media\/24905"}],"wp:attachment":[{"href":"https:\/\/www.momengames.com\/index.php\/wp-json\/wp\/v2\/media?parent=24902"}],"wp:term":[{"taxonomy":"product_brand","embeddable":true,"href":"https:\/\/www.momengames.com\/index.php\/wp-json\/wp\/v2\/product_brand?post=24902"},{"taxonomy":"product_cat","embeddable":true,"href":"https:\/\/www.momengames.com\/index.php\/wp-json\/wp\/v2\/product_cat?post=24902"},{"taxonomy":"product_tag","embeddable":true,"href":"https:\/\/www.momengames.com\/index.php\/wp-json\/wp\/v2\/product_tag?post=24902"}],"curies":[{"name":"wp","href":"https:\/\/api.w.org\/{rel}","templated":true}]}}