{"id":23528,"date":"2022-04-26T14:20:46","date_gmt":"2022-04-26T14:20:46","guid":{"rendered":"https:\/\/www.momengames.com\/index.php\/product\/manette-filaire-xbox-core-series-xs-cable-usb-c-blanc\/"},"modified":"2024-09-13T10:00:48","modified_gmt":"2024-09-13T10:00:48","slug":"manette-filaire-xbox-core-series-xs-cable-usb-c-blanc","status":"publish","type":"product","link":"https:\/\/www.momengames.com\/index.php\/product\/manette-filaire-xbox-core-series-xs-cable-usb-c-blanc\/?lang=fr","title":{"rendered":"Manette filaire Xbox Core Series X|S + c\u00e2ble USB-C \u2013 Blanc"},"content":{"rendered":"<p>D\u00e9couvrez le design modernis\u00e9 de la manette filaire Xbox, avec des surfaces sculpt\u00e9es et une g\u00e9om\u00e9trie raffin\u00e9e pour un confort am\u00e9lior\u00e9 pendant le jeu.<br \/>\nUtilisez le c\u00e2ble USB-C 9 inclus pour une exp\u00e9rience de jeu filaire.<br \/>\nRestez sur la cible avec un d-pad hybride et une poign\u00e9e textur\u00e9e sur les g\u00e2chettes, les pare-chocs et la coque arri\u00e8re. Branchez n&#8217;importe quel casque pris en charge avec la prise audio 3,5 mm.<br \/>\nCapturez et partagez du contenu en toute transparence avec le bouton Partager.<br \/>\nUtilisez Xbox Wired, Bluetooth ou le c\u00e2ble USB C inclus pour jouer sur les appareils Xbox Series X|S, Xbox One et Windows 10\/11.<br \/>\nCompatible avec les appareils Xbox Series X|S, Xbox One et Windows 10\/11.<\/p>\n","protected":false},"excerpt":{"rendered":"<p>D\u00e9couvrez le design modernis\u00e9 de la manette filaire Xbox, avec des surfaces sculpt\u00e9es et une g\u00e9om\u00e9trie raffin\u00e9e pour un confort am\u00e9lior\u00e9 pendant le jeu.<br \/>\nUtilisez le c\u00e2ble USB-C 9 inclus pour une exp\u00e9rience de jeu filaire.<br \/>\nRestez sur la cible avec un d-pad hybride et une poign\u00e9e textur\u00e9e sur les g\u00e2chettes, les pare-chocs et la coque arri\u00e8re. Branchez n&#8217;importe quel casque pris en charge avec la prise audio 3,5 mm.<br \/>\nCapturez et partagez du contenu en toute transparence avec le bouton Partager.<br \/>\nUtilisez Xbox Wired, Bluetooth ou le c\u00e2ble USB C inclus pour jouer sur les appareils Xbox Series X|S, Xbox One et Windows 10\/11.<br \/>\nCompatible avec les appareils Xbox Series X|S, Xbox One et Windows 10\/11.<\/p>\n","protected":false},"featured_media":23529,"comment_status":"open","ping_status":"closed","template":"","meta":{"iawp_total_views":36},"product_brand":[],"product_cat":[40],"product_tag":[],"class_list":{"0":"post-23528","1":"product","2":"type-product","3":"status-publish","4":"has-post-thumbnail","6":"product_cat-pc-gamepads-standard-controllers-fr","8":"first","9":"instock","10":"taxable","11":"shipping-taxable","12":"purchasable","13":"product-type-simple"},"jetpack_sharing_enabled":true,"_links":{"self":[{"href":"https:\/\/www.momengames.com\/index.php\/wp-json\/wp\/v2\/product\/23528","targetHints":{"allow":["GET"]}}],"collection":[{"href":"https:\/\/www.momengames.com\/index.php\/wp-json\/wp\/v2\/product"}],"about":[{"href":"https:\/\/www.momengames.com\/index.php\/wp-json\/wp\/v2\/types\/product"}],"replies":[{"embeddable":true,"href":"https:\/\/www.momengames.com\/index.php\/wp-json\/wp\/v2\/comments?post=23528"}],"wp:featuredmedia":[{"embeddable":true,"href":"https:\/\/www.momengames.com\/index.php\/wp-json\/wp\/v2\/media\/23529"}],"wp:attachment":[{"href":"https:\/\/www.momengames.com\/index.php\/wp-json\/wp\/v2\/media?parent=23528"}],"wp:term":[{"taxonomy":"product_brand","embeddable":true,"href":"https:\/\/www.momengames.com\/index.php\/wp-json\/wp\/v2\/product_brand?post=23528"},{"taxonomy":"product_cat","embeddable":true,"href":"https:\/\/www.momengames.com\/index.php\/wp-json\/wp\/v2\/product_cat?post=23528"},{"taxonomy":"product_tag","embeddable":true,"href":"https:\/\/www.momengames.com\/index.php\/wp-json\/wp\/v2\/product_tag?post=23528"}],"curies":[{"name":"wp","href":"https:\/\/api.w.org\/{rel}","templated":true}]}}