{"id":23525,"date":"2022-04-26T15:46:57","date_gmt":"2022-04-26T15:46:57","guid":{"rendered":"https:\/\/www.momengames.com\/index.php\/product\/manette-de-mouvement-sans-fil-sony-playstation-3-ps3-move-motion-doccasion\/"},"modified":"2024-09-13T10:00:44","modified_gmt":"2024-09-13T10:00:44","slug":"manette-de-mouvement-sans-fil-sony-playstation-3-ps3-move-motion-doccasion","status":"publish","type":"product","link":"https:\/\/www.momengames.com\/index.php\/product\/manette-de-mouvement-sans-fil-sony-playstation-3-ps3-move-motion-doccasion\/?lang=fr","title":{"rendered":"Manette de mouvement sans fil Sony Playstation 3 (PS3) Move Motion d&#8217;occasion"},"content":{"rendered":"<p>Plongez-vous dans les jeux les plus innovants jamais cr\u00e9\u00e9s avec la manette de mouvement PlayStation Move. Pierre angulaire du PlayStation Move, la manette de mouvement PlayStation Move est votre porte d&#8217;entr\u00e9e vers une exp\u00e9rience de jeu pas comme les autres. Combinant des capteurs de mouvement avanc\u00e9s, une sph\u00e8re dynamique \u00e0 changement de couleur, un retour de vibration et une interface de boutons facile \u00e0 utiliser, le contr\u00f4leur de mouvement offre le jeu le plus immersif disponible. D\u00e9placez-vous et jouez \u00e0 travers des mondes HD aliment\u00e9s par Blu-ray et des exp\u00e9riences innovantes que seul PlayStation Move peut offrir. Fonctionne comme le joueur. Chacun de vos mouvements est enregistr\u00e9 par les capteurs de mouvement avanc\u00e9s du contr\u00f4leur de mouvement et par la cam\u00e9ra USB PlayStation Eye. Devenez la star d&#8217;un titre PlayStation Move et utilisez le contr\u00f4leur de mouvement comme une lame pour tuer vos ennemis, une chauve-souris pour frapper le home run gagnant ou une brosse pour toiletter votre animal tout doux. Une action que vous pouvez ressentir La sph\u00e8re changeante de couleur du contr\u00f4leur de mouvement et le retour de vibration int\u00e9gr\u00e9 r\u00e9agissent \u00e0 vos actions et mouvements pour cr\u00e9er des exp\u00e9riences engageantes qui sont non seulement refl\u00e9t\u00e9es \u00e0 l&#8217;\u00e9cran, mais \u00e9galement livr\u00e9es directement dans la paume de votre main. Regardez votre sph\u00e8re s&#8217;illuminer lorsque vous lancez le bon sort ou m\u00e9langez la couleur de peinture parfaite. Sentez le temps \u00e9coul\u00e9 ou le recul de votre pistolet fumant.<\/p>\n","protected":false},"excerpt":{"rendered":"<p>Plongez-vous dans les jeux les plus innovants jamais cr\u00e9\u00e9s avec la manette de mouvement PlayStation Move. Pierre angulaire du PlayStation Move, la manette de mouvement PlayStation Move est votre porte d&#8217;entr\u00e9e vers une exp\u00e9rience de jeu pas comme les autres. Combinant des capteurs de mouvement avanc\u00e9s, une sph\u00e8re dynamique \u00e0 changement de couleur, un retour de vibration et une interface de boutons facile \u00e0 utiliser, le contr\u00f4leur de mouvement offre le jeu le plus immersif disponible. D\u00e9placez-vous et jouez \u00e0 travers des mondes HD aliment\u00e9s par Blu-ray et des exp\u00e9riences innovantes que seul PlayStation Move peut offrir. Fonctionne comme le joueur. Chacun de vos mouvements est enregistr\u00e9 par les capteurs de mouvement avanc\u00e9s du contr\u00f4leur de mouvement et par la cam\u00e9ra USB PlayStation Eye. Devenez la star d&#8217;un titre PlayStation Move et utilisez le contr\u00f4leur de mouvement comme une lame pour tuer vos ennemis, une chauve-souris pour frapper le home run gagnant ou une brosse pour toiletter votre animal tout doux. Une action que vous pouvez ressentir La sph\u00e8re changeante de couleur du contr\u00f4leur de mouvement et le retour de vibration int\u00e9gr\u00e9 r\u00e9agissent \u00e0 vos actions et mouvements pour cr\u00e9er des exp\u00e9riences engageantes qui sont non seulement refl\u00e9t\u00e9es \u00e0 l&#8217;\u00e9cran, mais \u00e9galement livr\u00e9es directement dans la paume de votre main. Regardez votre sph\u00e8re s&#8217;illuminer lorsque vous lancez le bon sort ou m\u00e9langez la couleur de peinture parfaite. Sentez le temps \u00e9coul\u00e9 ou le recul de votre pistolet fumant.<\/p>\n","protected":false},"featured_media":23527,"comment_status":"open","ping_status":"closed","template":"","meta":{"iawp_total_views":93},"product_brand":[],"product_cat":[40],"product_tag":[],"class_list":{"0":"post-23525","1":"product","2":"type-product","3":"status-publish","4":"has-post-thumbnail","6":"product_cat-pc-gamepads-standard-controllers-fr","8":"first","9":"instock","10":"taxable","11":"shipping-taxable","12":"purchasable","13":"product-type-simple"},"jetpack_sharing_enabled":true,"_links":{"self":[{"href":"https:\/\/www.momengames.com\/index.php\/wp-json\/wp\/v2\/product\/23525","targetHints":{"allow":["GET"]}}],"collection":[{"href":"https:\/\/www.momengames.com\/index.php\/wp-json\/wp\/v2\/product"}],"about":[{"href":"https:\/\/www.momengames.com\/index.php\/wp-json\/wp\/v2\/types\/product"}],"replies":[{"embeddable":true,"href":"https:\/\/www.momengames.com\/index.php\/wp-json\/wp\/v2\/comments?post=23525"}],"wp:featuredmedia":[{"embeddable":true,"href":"https:\/\/www.momengames.com\/index.php\/wp-json\/wp\/v2\/media\/23527"}],"wp:attachment":[{"href":"https:\/\/www.momengames.com\/index.php\/wp-json\/wp\/v2\/media?parent=23525"}],"wp:term":[{"taxonomy":"product_brand","embeddable":true,"href":"https:\/\/www.momengames.com\/index.php\/wp-json\/wp\/v2\/product_brand?post=23525"},{"taxonomy":"product_cat","embeddable":true,"href":"https:\/\/www.momengames.com\/index.php\/wp-json\/wp\/v2\/product_cat?post=23525"},{"taxonomy":"product_tag","embeddable":true,"href":"https:\/\/www.momengames.com\/index.php\/wp-json\/wp\/v2\/product_tag?post=23525"}],"curies":[{"name":"wp","href":"https:\/\/api.w.org\/{rel}","templated":true}]}}