{"id":23523,"date":"2022-07-09T15:21:51","date_gmt":"2022-07-09T15:21:51","guid":{"rendered":"https:\/\/www.momengames.com\/index.php\/product\/jumelles-tout-usage-10x42\/"},"modified":"2024-09-13T10:00:40","modified_gmt":"2024-09-13T10:00:40","slug":"jumelles-tout-usage-10x42","status":"publish","type":"product","link":"https:\/\/www.momengames.com\/index.php\/product\/jumelles-tout-usage-10x42\/?lang=fr","title":{"rendered":"Jumelles tout usage 10&#215;42"},"content":{"rendered":"<p>Les jumelles tout usage sont sp\u00e9cialement con\u00e7ues pour les chasseurs et les tireurs qui appr\u00e9cient la simplicit\u00e9, la stabilit\u00e9 et les r\u00e9sultats. Ces jumelles tout usage sont dot\u00e9es de lentilles multicouches et de prismes BaK-4 pour une vision claire et lumineuse. Un design ergonomique et une molette de mise au point centrale vous permettent d&#8217;atteindre la cible et d&#8217;effectuer une mise au point pr\u00e9cise en un instant, tandis que les oculaires rotatifs conviennent aux utilisateurs portant des lunettes. Purg\u00e9 \u00e0 l&#8217;azote pour r\u00e9sister \u00e0 la bu\u00e9e pour une clart\u00e9 sup\u00e9rieure.<\/p>\n","protected":false},"excerpt":{"rendered":"<p>Les jumelles tout usage sont sp\u00e9cialement con\u00e7ues pour les chasseurs et les tireurs qui appr\u00e9cient la simplicit\u00e9, la stabilit\u00e9 et les r\u00e9sultats. Ces jumelles tout usage sont dot\u00e9es de lentilles multicouches et de prismes BaK-4 pour une vision claire et lumineuse. Un design ergonomique et une molette de mise au point centrale vous permettent d&#8217;atteindre la cible et d&#8217;effectuer une mise au point pr\u00e9cise en un instant, tandis que les oculaires rotatifs conviennent aux utilisateurs portant des lunettes. Purg\u00e9 \u00e0 l&#8217;azote pour r\u00e9sister \u00e0 la bu\u00e9e pour une clart\u00e9 sup\u00e9rieure.<\/p>\n","protected":false},"featured_media":23524,"comment_status":"open","ping_status":"closed","template":"","meta":{"iawp_total_views":9},"product_brand":[],"product_cat":[39],"product_tag":[],"class_list":{"0":"post-23523","1":"product","2":"type-product","3":"status-publish","4":"has-post-thumbnail","6":"product_cat-electronics-accessories-fr","8":"first","9":"instock","10":"taxable","11":"shipping-taxable","12":"purchasable","13":"product-type-simple"},"jetpack_sharing_enabled":true,"_links":{"self":[{"href":"https:\/\/www.momengames.com\/index.php\/wp-json\/wp\/v2\/product\/23523","targetHints":{"allow":["GET"]}}],"collection":[{"href":"https:\/\/www.momengames.com\/index.php\/wp-json\/wp\/v2\/product"}],"about":[{"href":"https:\/\/www.momengames.com\/index.php\/wp-json\/wp\/v2\/types\/product"}],"replies":[{"embeddable":true,"href":"https:\/\/www.momengames.com\/index.php\/wp-json\/wp\/v2\/comments?post=23523"}],"wp:featuredmedia":[{"embeddable":true,"href":"https:\/\/www.momengames.com\/index.php\/wp-json\/wp\/v2\/media\/23524"}],"wp:attachment":[{"href":"https:\/\/www.momengames.com\/index.php\/wp-json\/wp\/v2\/media?parent=23523"}],"wp:term":[{"taxonomy":"product_brand","embeddable":true,"href":"https:\/\/www.momengames.com\/index.php\/wp-json\/wp\/v2\/product_brand?post=23523"},{"taxonomy":"product_cat","embeddable":true,"href":"https:\/\/www.momengames.com\/index.php\/wp-json\/wp\/v2\/product_cat?post=23523"},{"taxonomy":"product_tag","embeddable":true,"href":"https:\/\/www.momengames.com\/index.php\/wp-json\/wp\/v2\/product_tag?post=23523"}],"curies":[{"name":"wp","href":"https:\/\/api.w.org\/{rel}","templated":true}]}}