{"id":23521,"date":"2022-07-10T05:23:13","date_gmt":"2022-07-10T05:23:13","guid":{"rendered":"https:\/\/www.momengames.com\/index.php\/product\/telemetres-laser-golf-avec-technologie-slope-and-jolt-distance-de-800-metres-systeme-de-mise-au-point-rapide-avec-modes-scan-pin-et-vitesse-grossissement-6x-et-optique-multicouche\/"},"modified":"2024-09-13T10:00:13","modified_gmt":"2024-09-13T10:00:13","slug":"telemetres-laser-golf-avec-technologie-slope-and-jolt-distance-de-800-metres-systeme-de-mise-au-point-rapide-avec-modes-scan-pin-et-vitesse-grossissement-6x-et-optique-multicouche","status":"publish","type":"product","link":"https:\/\/www.momengames.com\/index.php\/product\/telemetres-laser-golf-avec-technologie-slope-and-jolt-distance-de-800-metres-systeme-de-mise-au-point-rapide-avec-modes-scan-pin-et-vitesse-grossissement-6x-et-optique-multicouche\/?lang=fr","title":{"rendered":"T\u00e9l\u00e9m\u00e8tres laser Golf avec technologie Slope and Jolt &#8211; Distance de 800 m\u00e8tres &#8211; Syst\u00e8me de mise au point rapide avec modes Scan, PIN et vitesse &#8211; Grossissement 6X et optique multicouche"},"content":{"rendered":"<p>\u3010Batterie rechargeable\u3011 T\u00e9l\u00e9m\u00e8tre de golf Batterie au lithium rechargeable int\u00e9gr\u00e9e de 500 mA, elle peut \u00eatre charg\u00e9e en branchant le c\u00e2ble USB, elle est pratique \u00e0 transporter, pas besoin de remplacer la batterie, elle peut mesurer plus de 20 000 fois apr\u00e8s une charge compl\u00e8te.<br \/>\n\u3010T\u00e9l\u00e9m\u00e8tre professionnel\u3011 L&#8217;\u00e9quipement t\u00e9l\u00e9m\u00e8tre de golf a de multiples fonctions, notamment la mesure de la distance, la vitesse, le verrouillage du m\u00e2t de drapeau, la mesure continue par balayage, la mesure d&#8217;angle, la mesure de la hauteur, la mesure de la distance horizontale, la correction de la trajectoire de golf ; plage de mesure de vitesse : 20-300 km\/h ; C&#8217;est le t\u00e9l\u00e9m\u00e8tre parfait pour le golf, la chasse, les lev\u00e9s techniques et les activit\u00e9s de plein air.<br \/>\n\u3010Grossissement 6 et 650 m\u00e8tres\u3011 Le t\u00e9l\u00e9m\u00e8tre laser a une plage de mesure de 650 m\u00e8tres et dispose d&#8217;une fonction de grossissement 6x, qui peut mesurer avec pr\u00e9cision la distance, la vitesse, la hauteur et l&#8217;angle. R\u00e9pondez \u00e0 vos besoins en mati\u00e8re de chasse, de golf et de sports de plein air. Il a \u00e0 peu pr\u00e8s la m\u00eame taille qu&#8217;une petite barre chocolat\u00e9e, enti\u00e8rement compatible avec la paume et la poche. Produit laser de classe I, puissance radiante moyenne maximale : 70,1 \u03bcW, sans danger pour la sant\u00e9 humaine.<\/p>\n","protected":false},"excerpt":{"rendered":"<p>\u3010Batterie rechargeable\u3011 T\u00e9l\u00e9m\u00e8tre de golf Batterie au lithium rechargeable int\u00e9gr\u00e9e de 500 mA, elle peut \u00eatre charg\u00e9e en branchant le c\u00e2ble USB, elle est pratique \u00e0 transporter, pas besoin de remplacer la batterie, elle peut mesurer plus de 20 000 fois apr\u00e8s une charge compl\u00e8te.<br \/>\n\u3010T\u00e9l\u00e9m\u00e8tre professionnel\u3011 L&#8217;\u00e9quipement t\u00e9l\u00e9m\u00e8tre de golf a de multiples fonctions, notamment la mesure de la distance, la vitesse, le verrouillage du m\u00e2t de drapeau, la mesure continue par balayage, la mesure d&#8217;angle, la mesure de la hauteur, la mesure de la distance horizontale, la correction de la trajectoire de golf ; plage de mesure de vitesse : 20-300 km\/h ; C&#8217;est le t\u00e9l\u00e9m\u00e8tre parfait pour le golf, la chasse, les lev\u00e9s techniques et les activit\u00e9s de plein air.<br \/>\n\u3010Grossissement 6 et 650 m\u00e8tres\u3011 Le t\u00e9l\u00e9m\u00e8tre laser a une plage de mesure de 650 m\u00e8tres et dispose d&#8217;une fonction de grossissement 6x, qui peut mesurer avec pr\u00e9cision la distance, la vitesse, la hauteur et l&#8217;angle. R\u00e9pondez \u00e0 vos besoins en mati\u00e8re de chasse, de golf et de sports de plein air. Il a \u00e0 peu pr\u00e8s la m\u00eame taille qu&#8217;une petite barre chocolat\u00e9e, enti\u00e8rement compatible avec la paume et la poche. Produit laser de classe I, puissance radiante moyenne maximale : 70,1 \u03bcW, sans danger pour la sant\u00e9 humaine.<\/p>\n","protected":false},"featured_media":23522,"comment_status":"open","ping_status":"closed","template":"","meta":{"iawp_total_views":13},"product_brand":[],"product_cat":[39],"product_tag":[],"class_list":{"0":"post-23521","1":"product","2":"type-product","3":"status-publish","4":"has-post-thumbnail","6":"product_cat-electronics-accessories-fr","8":"first","9":"instock","10":"taxable","11":"shipping-taxable","12":"purchasable","13":"product-type-simple"},"jetpack_sharing_enabled":true,"_links":{"self":[{"href":"https:\/\/www.momengames.com\/index.php\/wp-json\/wp\/v2\/product\/23521","targetHints":{"allow":["GET"]}}],"collection":[{"href":"https:\/\/www.momengames.com\/index.php\/wp-json\/wp\/v2\/product"}],"about":[{"href":"https:\/\/www.momengames.com\/index.php\/wp-json\/wp\/v2\/types\/product"}],"replies":[{"embeddable":true,"href":"https:\/\/www.momengames.com\/index.php\/wp-json\/wp\/v2\/comments?post=23521"}],"wp:featuredmedia":[{"embeddable":true,"href":"https:\/\/www.momengames.com\/index.php\/wp-json\/wp\/v2\/media\/23522"}],"wp:attachment":[{"href":"https:\/\/www.momengames.com\/index.php\/wp-json\/wp\/v2\/media?parent=23521"}],"wp:term":[{"taxonomy":"product_brand","embeddable":true,"href":"https:\/\/www.momengames.com\/index.php\/wp-json\/wp\/v2\/product_brand?post=23521"},{"taxonomy":"product_cat","embeddable":true,"href":"https:\/\/www.momengames.com\/index.php\/wp-json\/wp\/v2\/product_cat?post=23521"},{"taxonomy":"product_tag","embeddable":true,"href":"https:\/\/www.momengames.com\/index.php\/wp-json\/wp\/v2\/product_tag?post=23521"}],"curies":[{"name":"wp","href":"https:\/\/api.w.org\/{rel}","templated":true}]}}