{"id":23519,"date":"2022-07-10T05:36:19","date_gmt":"2022-07-10T05:36:19","guid":{"rendered":"https:\/\/www.momengames.com\/index.php\/product\/telescopes-f36050-pour-debutants-en-astronomie-adultes-et-enfants-telescope-professionnel-dobservation-des-etoiles-de-nuit-avec-trepied\/"},"modified":"2024-09-13T10:00:08","modified_gmt":"2024-09-13T10:00:08","slug":"telescopes-f36050-pour-debutants-en-astronomie-adultes-et-enfants-telescope-professionnel-dobservation-des-etoiles-de-nuit-avec-trepied","status":"publish","type":"product","link":"https:\/\/www.momengames.com\/index.php\/product\/telescopes-f36050-pour-debutants-en-astronomie-adultes-et-enfants-telescope-professionnel-dobservation-des-etoiles-de-nuit-avec-trepied\/?lang=fr","title":{"rendered":"T\u00e9lescopes F36050 pour d\u00e9butants en astronomie, adultes et enfants, t\u00e9lescope professionnel d&#8217;observation des \u00e9toiles de nuit avec tr\u00e9pied"},"content":{"rendered":"<p>\u2605 \u3010Ce produit\u3011 T\u00e9lescope monoculaire d&#8217;entr\u00e9e de gamme F36050, cadeau haute r\u00e9solution pour les enfants<br \/>\n\u2605\u3010Grossissement\u3011Le F36050 est un petit t\u00e9lescope r\u00e9fringent de grand diam\u00e8tre (50 mm) qui ne prend pas de place. Il convient aux astronomes d\u00e9butants. Il est \u00e9quip\u00e9 de 2 oculaires avec grossissement diff\u00e9rent et d&#8217;un miroir positif \u00e0 grossissement 1,5x.<br \/>\n\u2605 \u3010Plus stable\u3011 T\u00e9lescope parfait, adapt\u00e9 aux enfants avec tr\u00e9pied, facile \u00e0 d\u00e9placer et \u00e0 utiliser. Le t\u00e9lescope pour d\u00e9butant en astronomie avec tr\u00e9pied rend l&#8217;observation plus stable et offre un bon environnement pour apprendre la nature et l&#8217;univers.<br \/>\n\u2605 \u3010Affichez tous les d\u00e9tails\u3011 Utilisez des oculaires H20 mm et des lentilles lunaires pour visualiser tous les d\u00e9tails du crat\u00e8re lunaire, et utilisez des oculaires H6 mm pour visualiser les objets au sol sur terre.<br \/>\n\u2605 \u3010Convient\u3011 Convient aux enfants de plus de 8 ans.<\/p>\n","protected":false},"excerpt":{"rendered":"<p>\u2605 \u3010Ce produit\u3011 T\u00e9lescope monoculaire d&#8217;entr\u00e9e de gamme F36050, cadeau haute r\u00e9solution pour les enfants<br \/>\n\u2605\u3010Grossissement\u3011Le F36050 est un petit t\u00e9lescope r\u00e9fringent de grand diam\u00e8tre (50 mm) qui ne prend pas de place. Il convient aux astronomes d\u00e9butants. Il est \u00e9quip\u00e9 de 2 oculaires avec grossissement diff\u00e9rent et d&#8217;un miroir positif \u00e0 grossissement 1,5x.<br \/>\n\u2605 \u3010Plus stable\u3011 T\u00e9lescope parfait, adapt\u00e9 aux enfants avec tr\u00e9pied, facile \u00e0 d\u00e9placer et \u00e0 utiliser. Le t\u00e9lescope pour d\u00e9butant en astronomie avec tr\u00e9pied rend l&#8217;observation plus stable et offre un bon environnement pour apprendre la nature et l&#8217;univers.<br \/>\n\u2605 \u3010Affichez tous les d\u00e9tails\u3011 Utilisez des oculaires H20 mm et des lentilles lunaires pour visualiser tous les d\u00e9tails du crat\u00e8re lunaire, et utilisez des oculaires H6 mm pour visualiser les objets au sol sur terre.<br \/>\n\u2605 \u3010Convient\u3011 Convient aux enfants de plus de 8 ans.<\/p>\n","protected":false},"featured_media":23520,"comment_status":"open","ping_status":"closed","template":"","meta":{"iawp_total_views":84},"product_brand":[],"product_cat":[39],"product_tag":[],"class_list":{"0":"post-23519","1":"product","2":"type-product","3":"status-publish","4":"has-post-thumbnail","6":"product_cat-electronics-accessories-fr","8":"first","9":"instock","10":"taxable","11":"shipping-taxable","12":"purchasable","13":"product-type-simple"},"jetpack_sharing_enabled":true,"_links":{"self":[{"href":"https:\/\/www.momengames.com\/index.php\/wp-json\/wp\/v2\/product\/23519","targetHints":{"allow":["GET"]}}],"collection":[{"href":"https:\/\/www.momengames.com\/index.php\/wp-json\/wp\/v2\/product"}],"about":[{"href":"https:\/\/www.momengames.com\/index.php\/wp-json\/wp\/v2\/types\/product"}],"replies":[{"embeddable":true,"href":"https:\/\/www.momengames.com\/index.php\/wp-json\/wp\/v2\/comments?post=23519"}],"wp:featuredmedia":[{"embeddable":true,"href":"https:\/\/www.momengames.com\/index.php\/wp-json\/wp\/v2\/media\/23520"}],"wp:attachment":[{"href":"https:\/\/www.momengames.com\/index.php\/wp-json\/wp\/v2\/media?parent=23519"}],"wp:term":[{"taxonomy":"product_brand","embeddable":true,"href":"https:\/\/www.momengames.com\/index.php\/wp-json\/wp\/v2\/product_brand?post=23519"},{"taxonomy":"product_cat","embeddable":true,"href":"https:\/\/www.momengames.com\/index.php\/wp-json\/wp\/v2\/product_cat?post=23519"},{"taxonomy":"product_tag","embeddable":true,"href":"https:\/\/www.momengames.com\/index.php\/wp-json\/wp\/v2\/product_tag?post=23519"}],"curies":[{"name":"wp","href":"https:\/\/api.w.org\/{rel}","templated":true}]}}