{"id":23515,"date":"2024-01-24T13:39:43","date_gmt":"2024-01-24T13:39:43","guid":{"rendered":"https:\/\/www.momengames.com\/index.php\/product\/manette-sans-fil-playstation-dualsense-sur-mesure-marvels-spider-man-2-limited-edition\/"},"modified":"2025-09-25T06:33:28","modified_gmt":"2025-09-25T06:33:28","slug":"manette-sans-fil-playstation-dualsense-sur-mesure-marvels-spider-man-2-limited-edition","status":"publish","type":"product","link":"https:\/\/www.momengames.com\/index.php\/product\/manette-sans-fil-playstation-dualsense-sur-mesure-marvels-spider-man-2-limited-edition\/?lang=fr","title":{"rendered":"Manette sans fil PlayStation DualSense sur mesure \u2013 Marvel\u2019s Spider-Man 2 Limited Edition"},"content":{"rendered":"<p>Procurez-vous la manette sans fil DualSense \u2013 Marvel&#8217;s Spider-Man 2 Limited Edition avec un design de prise de contr\u00f4le symbiote inspir\u00e9 du jeu. D\u00e9couvrez une exp\u00e9rience de jeu plus profonde et hautement immersive qui donne vie \u00e0 l&#8217;action dans la paume de vos mains. La manette sans fil DualSense offre un retour haptique immersif1, des d\u00e9clencheurs adaptatifs dynamiques* et un microphone int\u00e9gr\u00e9, le tout int\u00e9gr\u00e9 dans un design confortable embl\u00e9matique. *Disponible lorsque la fonctionnalit\u00e9 est prise en charge par le jeu.<\/p>\n<p>Ces manettes sont fabriqu\u00e9es \u00e0 partir des manettes PS5 originales classiques blanches\/noires.<\/p>\n","protected":false},"excerpt":{"rendered":"<p>Procurez-vous la manette sans fil DualSense \u2013 Marvel&#8217;s Spider-Man 2 Limited Edition avec un design de prise de contr\u00f4le symbiote inspir\u00e9 du jeu. D\u00e9couvrez une exp\u00e9rience de jeu plus profonde et hautement immersive qui donne vie \u00e0 l&#8217;action dans la paume de vos mains. La manette sans fil DualSense offre un retour haptique immersif1, des d\u00e9clencheurs adaptatifs dynamiques* et un microphone int\u00e9gr\u00e9, le tout int\u00e9gr\u00e9 dans un design confortable embl\u00e9matique. *Disponible lorsque la fonctionnalit\u00e9 est prise en charge par le jeu.<\/p>\n<p>Ces manettes sont fabriqu\u00e9es \u00e0 partir des manettes PS5 originales classiques blanches\/noires.<\/p>\n","protected":false},"featured_media":23516,"comment_status":"open","ping_status":"closed","template":"","meta":{"iawp_total_views":7074},"product_brand":[],"product_cat":[40],"product_tag":[],"class_list":{"0":"post-23515","1":"product","2":"type-product","3":"status-publish","4":"has-post-thumbnail","6":"product_cat-pc-gamepads-standard-controllers-fr","8":"first","9":"instock","10":"sale","11":"taxable","12":"shipping-taxable","13":"purchasable","14":"product-type-simple"},"jetpack_sharing_enabled":true,"_links":{"self":[{"href":"https:\/\/www.momengames.com\/index.php\/wp-json\/wp\/v2\/product\/23515","targetHints":{"allow":["GET"]}}],"collection":[{"href":"https:\/\/www.momengames.com\/index.php\/wp-json\/wp\/v2\/product"}],"about":[{"href":"https:\/\/www.momengames.com\/index.php\/wp-json\/wp\/v2\/types\/product"}],"replies":[{"embeddable":true,"href":"https:\/\/www.momengames.com\/index.php\/wp-json\/wp\/v2\/comments?post=23515"}],"wp:featuredmedia":[{"embeddable":true,"href":"https:\/\/www.momengames.com\/index.php\/wp-json\/wp\/v2\/media\/23516"}],"wp:attachment":[{"href":"https:\/\/www.momengames.com\/index.php\/wp-json\/wp\/v2\/media?parent=23515"}],"wp:term":[{"taxonomy":"product_brand","embeddable":true,"href":"https:\/\/www.momengames.com\/index.php\/wp-json\/wp\/v2\/product_brand?post=23515"},{"taxonomy":"product_cat","embeddable":true,"href":"https:\/\/www.momengames.com\/index.php\/wp-json\/wp\/v2\/product_cat?post=23515"},{"taxonomy":"product_tag","embeddable":true,"href":"https:\/\/www.momengames.com\/index.php\/wp-json\/wp\/v2\/product_tag?post=23515"}],"curies":[{"name":"wp","href":"https:\/\/api.w.org\/{rel}","templated":true}]}}