{"id":23513,"date":"2024-04-17T01:48:13","date_gmt":"2024-04-17T01:48:13","guid":{"rendered":"https:\/\/www.momengames.com\/index.php\/product\/manette-sony-playstation-dualshock-4-rouge\/"},"modified":"2024-09-13T09:59:00","modified_gmt":"2024-09-13T09:59:00","slug":"manette-sony-playstation-dualshock-4-rouge","status":"publish","type":"product","link":"https:\/\/www.momengames.com\/index.php\/product\/manette-sony-playstation-dualshock-4-rouge\/?lang=fr","title":{"rendered":"Manette Sony PlayStation DualShock 4 &#8211; Rouge"},"content":{"rendered":"<p>La manette tr\u00e8s appr\u00e9ci\u00e9e de Sony subit une transformation pour la PlayStation 4 alors que la Dualshock 3 \u00e9volue vers la Dualshock 4. Utilisant un design similaire \u00e0 celui de la populaire manette sans fil pour PlayStation 3 (DUALSHOCK 3), la DUALSHOCK 4 pr\u00e9sente de nouvelles innovations pour offrir de meilleures exp\u00e9riences de jeu. DUALSHOCK 4 int\u00e8gre un nouveau capteur \u00e0 six axes hautement sensible, ainsi qu&#8217;un pav\u00e9 tactile situ\u00e9 \u00e0 l&#8217;avant du contr\u00f4leur, qui offre aux joueurs de toutes nouvelles fa\u00e7ons de jouer et d&#8217;interagir avec les jeux. DUALSHOCK 4 comporte une barre lumineuse sur le dessus avec trois LED de couleur qui s&#8217;illuminent de diff\u00e9rentes couleurs. La barre lumineuse s&#8217;allume pour correspondre \u00e0 la couleur des personnages d&#8217;un jeu afin d&#8217;offrir un moyen plus simple et plus convivial d&#8217;identifier les joueurs, m\u00eame lorsqu&#8217;ils jouent c\u00f4te \u00e0 c\u00f4te. La barre lumineuse modifie \u00e9galement les mod\u00e8les pendant le jeu pour fournir des informations utiles aux joueurs, par exemple lorsqu&#8217;un personnage a une sant\u00e9 critique ou a subi des d\u00e9g\u00e2ts importants. De plus, DUALSHOCK 4 sera livr\u00e9 avec un haut-parleur int\u00e9gr\u00e9 et une prise casque st\u00e9r\u00e9o, permettant aux utilisateurs de PS4 de profiter des effets sonores haute fid\u00e9lit\u00e9 des jeux \u00e0 la fois depuis le t\u00e9l\u00e9viseur et depuis la manette. Combin\u00e9 avec le casque Mono qui sera fourni avec la PS4, les joueurs pourront \u00e9galement discuter avec des amis jouant en ligne, tout en entendant les effets sonores de la manette en main. Tout en int\u00e9grant les boutons &#8220;SELECT&#8221; et &#8220;START&#8221; de la manette sans fil DUALSHOCK 3 dans un nouveau &#8220;bouton OPTIONS&#8221;, DUALSHOCK 4 est nouvellement \u00e9quip\u00e9 d&#8217;un &#8220;bouton PARTAGER&#8221; pour am\u00e9liorer encore les capacit\u00e9s sociales de la PS4. Le \u00ab bouton PARTAGER \u00bb permet aux joueurs de diffuser facilement leur jeu en temps r\u00e9el \u00e0 leurs amis via des services de streaming Internet tels que Ustream. Les utilisateurs peuvent \u00e9galement partager leurs triomphes et leurs r\u00e9alisations en t\u00e9l\u00e9chargeant des vid\u00e9os de jeu sur Facebook avec le \u00ab bouton PARTAGER \u00bb. Contrairement au streaming de contenu via PC, les utilisateurs n&#8217;ont plus besoin de convertir les formats de donn\u00e9es de leurs enregistrements.<\/p>\n","protected":false},"excerpt":{"rendered":"<p>La manette tr\u00e8s appr\u00e9ci\u00e9e de Sony subit une transformation pour la PlayStation 4 alors que la Dualshock 3 \u00e9volue vers la Dualshock 4. Utilisant un design similaire \u00e0 celui de la populaire manette sans fil pour PlayStation 3 (DUALSHOCK 3), la DUALSHOCK 4 pr\u00e9sente de nouvelles innovations pour offrir de meilleures exp\u00e9riences de jeu. DUALSHOCK 4 int\u00e8gre un nouveau capteur \u00e0 six axes hautement sensible, ainsi qu&#8217;un pav\u00e9 tactile situ\u00e9 \u00e0 l&#8217;avant du contr\u00f4leur, qui offre aux joueurs de toutes nouvelles fa\u00e7ons de jouer et d&#8217;interagir avec les jeux. DUALSHOCK 4 comporte une barre lumineuse sur le dessus avec trois LED de couleur qui s&#8217;illuminent de diff\u00e9rentes couleurs. La barre lumineuse s&#8217;allume pour correspondre \u00e0 la couleur des personnages d&#8217;un jeu afin d&#8217;offrir un moyen plus simple et plus convivial d&#8217;identifier les joueurs, m\u00eame lorsqu&#8217;ils jouent c\u00f4te \u00e0 c\u00f4te. La barre lumineuse modifie \u00e9galement les mod\u00e8les pendant le jeu pour fournir des informations utiles aux joueurs, par exemple lorsqu&#8217;un personnage a une sant\u00e9 critique ou a subi des d\u00e9g\u00e2ts importants. De plus, DUALSHOCK 4 sera livr\u00e9 avec un haut-parleur int\u00e9gr\u00e9 et une prise casque st\u00e9r\u00e9o, permettant aux utilisateurs de PS4 de profiter des effets sonores haute fid\u00e9lit\u00e9 des jeux \u00e0 la fois depuis le t\u00e9l\u00e9viseur et depuis la manette. Combin\u00e9 avec le casque Mono qui sera fourni avec la PS4, les joueurs pourront \u00e9galement discuter avec des amis jouant en ligne, tout en entendant les effets sonores de la manette en main. Tout en int\u00e9grant les boutons &#8220;SELECT&#8221; et &#8220;START&#8221; de la manette sans fil DUALSHOCK 3 dans un nouveau &#8220;bouton OPTIONS&#8221;, DUALSHOCK 4 est nouvellement \u00e9quip\u00e9 d&#8217;un &#8220;bouton PARTAGER&#8221; pour am\u00e9liorer encore les capacit\u00e9s sociales de la PS4. Le \u00ab bouton PARTAGER \u00bb permet aux joueurs de diffuser facilement leur jeu en temps r\u00e9el \u00e0 leurs amis via des services de streaming Internet tels que Ustream. Les utilisateurs peuvent \u00e9galement partager leurs triomphes et leurs r\u00e9alisations en t\u00e9l\u00e9chargeant des vid\u00e9os de jeu sur Facebook avec le \u00ab bouton PARTAGER \u00bb. Contrairement au streaming de contenu via PC, les utilisateurs n&#8217;ont plus besoin de convertir les formats de donn\u00e9es de leurs enregistrements.<\/p>\n","protected":false},"featured_media":23514,"comment_status":"open","ping_status":"closed","template":"","meta":{"iawp_total_views":260},"product_brand":[],"product_cat":[40],"product_tag":[],"class_list":{"0":"post-23513","1":"product","2":"type-product","3":"status-publish","4":"has-post-thumbnail","6":"product_cat-pc-gamepads-standard-controllers-fr","8":"first","9":"instock","10":"taxable","11":"shipping-taxable","12":"purchasable","13":"product-type-simple"},"jetpack_sharing_enabled":true,"_links":{"self":[{"href":"https:\/\/www.momengames.com\/index.php\/wp-json\/wp\/v2\/product\/23513","targetHints":{"allow":["GET"]}}],"collection":[{"href":"https:\/\/www.momengames.com\/index.php\/wp-json\/wp\/v2\/product"}],"about":[{"href":"https:\/\/www.momengames.com\/index.php\/wp-json\/wp\/v2\/types\/product"}],"replies":[{"embeddable":true,"href":"https:\/\/www.momengames.com\/index.php\/wp-json\/wp\/v2\/comments?post=23513"}],"wp:featuredmedia":[{"embeddable":true,"href":"https:\/\/www.momengames.com\/index.php\/wp-json\/wp\/v2\/media\/23514"}],"wp:attachment":[{"href":"https:\/\/www.momengames.com\/index.php\/wp-json\/wp\/v2\/media?parent=23513"}],"wp:term":[{"taxonomy":"product_brand","embeddable":true,"href":"https:\/\/www.momengames.com\/index.php\/wp-json\/wp\/v2\/product_brand?post=23513"},{"taxonomy":"product_cat","embeddable":true,"href":"https:\/\/www.momengames.com\/index.php\/wp-json\/wp\/v2\/product_cat?post=23513"},{"taxonomy":"product_tag","embeddable":true,"href":"https:\/\/www.momengames.com\/index.php\/wp-json\/wp\/v2\/product_tag?post=23513"}],"curies":[{"name":"wp","href":"https:\/\/api.w.org\/{rel}","templated":true}]}}