{"id":23491,"date":"2024-05-30T12:17:17","date_gmt":"2024-05-30T12:17:17","guid":{"rendered":"https:\/\/www.momengames.com\/index.php\/product\/apple-magic-keyboard-sans-fil-bluetooth-rechargeable-fonctionne-avec-mac-ipad-iphone-us-anglais-blanc\/"},"modified":"2024-05-30T12:17:17","modified_gmt":"2024-05-30T12:17:17","slug":"apple-magic-keyboard-sans-fil-bluetooth-rechargeable-fonctionne-avec-mac-ipad-iphone-us-anglais-blanc","status":"publish","type":"product","link":"https:\/\/www.momengames.com\/index.php\/product\/apple-magic-keyboard-sans-fil-bluetooth-rechargeable-fonctionne-avec-mac-ipad-iphone-us-anglais-blanc\/?lang=fr","title":{"rendered":"Apple Magic Keyboard sans fil Bluetooth rechargeable Fonctionne avec Mac iPad iPhone US Anglais Blanc"},"content":{"rendered":"<p>COMMODIT\u00c9 SANS FIL ET RECHARGEABLE \u2014 Le Magic Keyboard se connecte sans fil \u00e0 votre Mac, iPad ou iPhone via Bluetooth. Et gr\u00e2ce \u00e0 la batterie interne rechargeable, aucune pile l\u00e2che \u00e0 remplacer.<br \/>\nFONCTIONNE AVEC MAC, IPAD OU IPHONE \u2014 Il s&#8217;associe rapidement \u00e0 votre appareil pour que vous puissiez vous mettre au travail imm\u00e9diatement.<br \/>\nEXP\u00c9RIENCE DE SAISIE AM\u00c9LIOR\u00c9E \u2014 Magic Keyboard offre une exp\u00e9rience de frappe remarquablement confortable et pr\u00e9cise.<br \/>\nPASSEZ DES SEMAINES SANS CHARGEMENT \u2014 La batterie interne incroyablement longue dur\u00e9e alimentera votre clavier pendant environ un mois ou plus entre les charges. (La dur\u00e9e de vie de la batterie varie selon l&#8217;utilisation.) Livr\u00e9 avec un c\u00e2ble USB-C vers Lightning tiss\u00e9 qui vous permet de coupler et de charger en vous connectant \u00e0 un port USB-C de votre Mac ou iPad.<br \/>\nEXIGENCES SYST\u00c8ME \u2014 N\u00e9cessite un Mac avec macOS 11.3 ou version ult\u00e9rieure, un iPad avec iPadOS 14.5 ou version ult\u00e9rieure, ou un iPhone ou iPod touch avec iOS 14.5 ou version ult\u00e9rieure.<br \/>\nCondition : R\u00e9approvisionnement d\u2019articles comme NEUF.<\/p>\n","protected":false},"excerpt":{"rendered":"<p>COMMODIT\u00c9 SANS FIL ET RECHARGEABLE \u2014 Le Magic Keyboard se connecte sans fil \u00e0 votre Mac, iPad ou iPhone via Bluetooth. Et gr\u00e2ce \u00e0 la batterie interne rechargeable, aucune pile l\u00e2che \u00e0 remplacer.<br \/>\nFONCTIONNE AVEC MAC, IPAD OU IPHONE \u2014 Il s&#8217;associe rapidement \u00e0 votre appareil pour que vous puissiez vous mettre au travail imm\u00e9diatement.<br \/>\nEXP\u00c9RIENCE DE SAISIE AM\u00c9LIOR\u00c9E \u2014 Magic Keyboard offre une exp\u00e9rience de frappe remarquablement confortable et pr\u00e9cise.<br \/>\nPASSEZ DES SEMAINES SANS CHARGEMENT \u2014 La batterie interne incroyablement longue dur\u00e9e alimentera votre clavier pendant environ un mois ou plus entre les charges. (La dur\u00e9e de vie de la batterie varie selon l&#8217;utilisation.) Livr\u00e9 avec un c\u00e2ble USB-C vers Lightning tiss\u00e9 qui vous permet de coupler et de charger en vous connectant \u00e0 un port USB-C de votre Mac ou iPad.<br \/>\nEXIGENCES SYST\u00c8ME \u2014 N\u00e9cessite un Mac avec macOS 11.3 ou version ult\u00e9rieure, un iPad avec iPadOS 14.5 ou version ult\u00e9rieure, ou un iPhone ou iPod touch avec iOS 14.5 ou version ult\u00e9rieure.<br \/>\nCondition : R\u00e9approvisionnement d\u2019articles comme NEUF.<\/p>\n","protected":false},"featured_media":23489,"comment_status":"open","ping_status":"closed","template":"","meta":{"iawp_total_views":10},"product_brand":[],"product_cat":[40],"product_tag":[],"class_list":{"0":"post-23491","1":"product","2":"type-product","3":"status-publish","4":"has-post-thumbnail","6":"product_cat-pc-gamepads-standard-controllers-fr","8":"first","9":"instock","10":"sale","11":"taxable","12":"shipping-taxable","13":"purchasable","14":"product-type-simple"},"jetpack_sharing_enabled":true,"_links":{"self":[{"href":"https:\/\/www.momengames.com\/index.php\/wp-json\/wp\/v2\/product\/23491","targetHints":{"allow":["GET"]}}],"collection":[{"href":"https:\/\/www.momengames.com\/index.php\/wp-json\/wp\/v2\/product"}],"about":[{"href":"https:\/\/www.momengames.com\/index.php\/wp-json\/wp\/v2\/types\/product"}],"replies":[{"embeddable":true,"href":"https:\/\/www.momengames.com\/index.php\/wp-json\/wp\/v2\/comments?post=23491"}],"wp:featuredmedia":[{"embeddable":true,"href":"https:\/\/www.momengames.com\/index.php\/wp-json\/wp\/v2\/media\/23489"}],"wp:attachment":[{"href":"https:\/\/www.momengames.com\/index.php\/wp-json\/wp\/v2\/media?parent=23491"}],"wp:term":[{"taxonomy":"product_brand","embeddable":true,"href":"https:\/\/www.momengames.com\/index.php\/wp-json\/wp\/v2\/product_brand?post=23491"},{"taxonomy":"product_cat","embeddable":true,"href":"https:\/\/www.momengames.com\/index.php\/wp-json\/wp\/v2\/product_cat?post=23491"},{"taxonomy":"product_tag","embeddable":true,"href":"https:\/\/www.momengames.com\/index.php\/wp-json\/wp\/v2\/product_tag?post=23491"}],"curies":[{"name":"wp","href":"https:\/\/api.w.org\/{rel}","templated":true}]}}