{"id":23485,"date":"2024-05-30T03:21:58","date_gmt":"2024-05-30T03:21:58","guid":{"rendered":"https:\/\/www.momengames.com\/index.php\/product\/razer-blackshark-v2-pro-casque-de-jeu-sans-fil-son-surround-spatial-thx-7-1-pilotes-50-mm-micro-amovible-pour-pc-ps5-ps4-switch-noir\/"},"modified":"2024-05-30T03:21:58","modified_gmt":"2024-05-30T03:21:58","slug":"razer-blackshark-v2-pro-casque-de-jeu-sans-fil-son-surround-spatial-thx-7-1-pilotes-50-mm-micro-amovible-pour-pc-ps5-ps4-switch-noir","status":"publish","type":"product","link":"https:\/\/www.momengames.com\/index.php\/product\/razer-blackshark-v2-pro-casque-de-jeu-sans-fil-son-surround-spatial-thx-7-1-pilotes-50-mm-micro-amovible-pour-pc-ps5-ps4-switch-noir\/?lang=fr","title":{"rendered":"Razer BlackShark V2 Pro Casque de jeu sans fil : son surround spatial THX 7.1 &#8211; Pilotes 50 mm &#8211; Micro amovible &#8211; pour PC, PS5, PS4, Switch, Noir"},"content":{"rendered":"<p>Suppression passive avanc\u00e9e du bruit\u00a0: les \u00e9couteurs ferm\u00e9s robustes couvrent enti\u00e8rement les oreilles pour emp\u00eacher le bruit de s&#8217;infiltrer dans le casque, avec ses coussinets offrant une \u00e9tanch\u00e9it\u00e9 plus \u00e9troite pour une meilleure isolation sonore. Utilisations sp\u00e9cifiques pour le produit\u00a0: Jeux, Multim\u00e9dia, Personnel. Imp\u00e9dance\u00a0: 32 \u03a9 (1 khz ). Sensibilit\u00e9 : 100 dB (1 kHz).<br \/>\nCompatible avec le son surround THX 7.1\u00a0: offre un r\u00e9alisme audio de pointe pour une immersion dans le jeu en fournissant des informations audio spatiales pr\u00e9cises au-del\u00e0 des signaux directionnels du son surround 7.1 standard<br \/>\nConception l\u00e9g\u00e8re et ax\u00e9e sur le confort avec coussinets d&#8217;oreille en mousse \u00e0 m\u00e9moire de forme\u00a0: envelopp\u00e9e dans du similicuir moelleux, la densit\u00e9 am\u00e9lior\u00e9e de la mousse r\u00e9duit consid\u00e9rablement la force de serrage du casque, tandis qu&#8217;un tissu respirant minimise l&#8217;accumulation de sueur et de chaleur g\u00e9n\u00e9r\u00e9e par le contact avec la peau.<br \/>\nPilotes audio haut de gamme Triforce Titanium 50 mm\u00a0: avec des diaphragmes recouverts de titane pour plus de clart\u00e9, notre nouveau design exclusif de pointe divise le pilote en 3 parties pour le r\u00e9glage individuel des aigus, m\u00e9diums et graves, produisant un son plus clair et plus clair avec des aigus plus riches et des graves plus puissants<br \/>\nMicro cardio\u00efde Razer Hyperclear d\u00e9tachable\u00a0: r\u00e9gl\u00e9 pour avoir une zone de capture vocale plus cibl\u00e9e, tirez le meilleur parti du micro avec des options avanc\u00e9es de r\u00e9glage de la voix via Razer Synapse<br \/>\nAutonomie de la batterie jusqu&#8217;\u00e0 24 heures\u00a0: fonctionne sur PC sans fil jusqu&#8217;\u00e0 24 heures avec une latence extr\u00eamement faible\u00a0; Prise casque 3,5 mm disponible pour les jeux sur console<\/p>\n","protected":false},"excerpt":{"rendered":"<p>Suppression passive avanc\u00e9e du bruit\u00a0: les \u00e9couteurs ferm\u00e9s robustes couvrent enti\u00e8rement les oreilles pour emp\u00eacher le bruit de s&#8217;infiltrer dans le casque, avec ses coussinets offrant une \u00e9tanch\u00e9it\u00e9 plus \u00e9troite pour une meilleure isolation sonore. Utilisations sp\u00e9cifiques pour le produit\u00a0: Jeux, Multim\u00e9dia, Personnel. Imp\u00e9dance\u00a0: 32 \u03a9 (1 khz ). Sensibilit\u00e9 : 100 dB (1 kHz).<br \/>\nCompatible avec le son surround THX 7.1\u00a0: offre un r\u00e9alisme audio de pointe pour une immersion dans le jeu en fournissant des informations audio spatiales pr\u00e9cises au-del\u00e0 des signaux directionnels du son surround 7.1 standard<br \/>\nConception l\u00e9g\u00e8re et ax\u00e9e sur le confort avec coussinets d&#8217;oreille en mousse \u00e0 m\u00e9moire de forme\u00a0: envelopp\u00e9e dans du similicuir moelleux, la densit\u00e9 am\u00e9lior\u00e9e de la mousse r\u00e9duit consid\u00e9rablement la force de serrage du casque, tandis qu&#8217;un tissu respirant minimise l&#8217;accumulation de sueur et de chaleur g\u00e9n\u00e9r\u00e9e par le contact avec la peau.<br \/>\nPilotes audio haut de gamme Triforce Titanium 50 mm\u00a0: avec des diaphragmes recouverts de titane pour plus de clart\u00e9, notre nouveau design exclusif de pointe divise le pilote en 3 parties pour le r\u00e9glage individuel des aigus, m\u00e9diums et graves, produisant un son plus clair et plus clair avec des aigus plus riches et des graves plus puissants<br \/>\nMicro cardio\u00efde Razer Hyperclear d\u00e9tachable\u00a0: r\u00e9gl\u00e9 pour avoir une zone de capture vocale plus cibl\u00e9e, tirez le meilleur parti du micro avec des options avanc\u00e9es de r\u00e9glage de la voix via Razer Synapse<br \/>\nAutonomie de la batterie jusqu&#8217;\u00e0 24 heures\u00a0: fonctionne sur PC sans fil jusqu&#8217;\u00e0 24 heures avec une latence extr\u00eamement faible\u00a0; Prise casque 3,5 mm disponible pour les jeux sur console<\/p>\n","protected":false},"featured_media":23486,"comment_status":"open","ping_status":"closed","template":"","meta":{"iawp_total_views":196},"product_brand":[],"product_cat":[39],"product_tag":[],"class_list":{"0":"post-23485","1":"product","2":"type-product","3":"status-publish","4":"has-post-thumbnail","6":"product_cat-electronics-accessories-fr","8":"first","9":"instock","10":"sale","11":"taxable","12":"shipping-taxable","13":"purchasable","14":"product-type-simple"},"jetpack_sharing_enabled":true,"_links":{"self":[{"href":"https:\/\/www.momengames.com\/index.php\/wp-json\/wp\/v2\/product\/23485","targetHints":{"allow":["GET"]}}],"collection":[{"href":"https:\/\/www.momengames.com\/index.php\/wp-json\/wp\/v2\/product"}],"about":[{"href":"https:\/\/www.momengames.com\/index.php\/wp-json\/wp\/v2\/types\/product"}],"replies":[{"embeddable":true,"href":"https:\/\/www.momengames.com\/index.php\/wp-json\/wp\/v2\/comments?post=23485"}],"wp:featuredmedia":[{"embeddable":true,"href":"https:\/\/www.momengames.com\/index.php\/wp-json\/wp\/v2\/media\/23486"}],"wp:attachment":[{"href":"https:\/\/www.momengames.com\/index.php\/wp-json\/wp\/v2\/media?parent=23485"}],"wp:term":[{"taxonomy":"product_brand","embeddable":true,"href":"https:\/\/www.momengames.com\/index.php\/wp-json\/wp\/v2\/product_brand?post=23485"},{"taxonomy":"product_cat","embeddable":true,"href":"https:\/\/www.momengames.com\/index.php\/wp-json\/wp\/v2\/product_cat?post=23485"},{"taxonomy":"product_tag","embeddable":true,"href":"https:\/\/www.momengames.com\/index.php\/wp-json\/wp\/v2\/product_tag?post=23485"}],"curies":[{"name":"wp","href":"https:\/\/api.w.org\/{rel}","templated":true}]}}